{"id":2058,"date":"2024-04-22T18:53:32","date_gmt":"2024-04-22T23:53:32","guid":{"rendered":"https:\/\/tiendasamor.com\/?post_type=product&#038;p=2058"},"modified":"2024-04-22T18:53:32","modified_gmt":"2024-04-22T23:53:32","slug":"pretty-love-august-con-app","status":"publish","type":"product","link":"https:\/\/tiendasamor.com\/index.php\/producto\/pretty-love-august-con-app\/","title":{"rendered":"Pretty Love August con App"},"content":{"rendered":"<p><span>Este fabuloso vibrador de silicona con 12 funciones es el juguete sexual ideal para aumentar la pasi\u00f3n por ti y tu pareja. <\/span><\/p>\n<p><span>El magn\u00edfico material de silicona tiene un acabado aterciopelado para una sensaci\u00f3n incre\u00edble en la piel y un vibrador de 12 funciones que brinda sensaciones incre\u00edbles en lo m\u00e1s profundo de tus terminaciones nerviosas.<\/span><\/p>\n<p><span> Este juguete est\u00e1 dise\u00f1ado para ajustarse a su cuerpo, masajeando el cl\u00edtoris y los puntos dulces internos, dejando espacio para que \u00e9l penetre y reciba tambi\u00e9n los efectos de vibraci\u00f3n y masaje del juguete. <\/span><\/p>\n<p><span>Este es un juguete recargable por USB, por lo que nunca tendr\u00e1s que quedarte sin energ\u00eda, puede controlarse mediante un tel\u00e9fono m\u00f3vil y es resistente al agua para que puedas llevarlo a una variedad de sitios divertidos.<\/span><\/p>\n","protected":false},"excerpt":{"rendered":"<p>Este fabuloso vibrador de silicona con 12 funciones es el juguete sexual ideal para aumentar la pasi\u00f3n por ti y tu pareja. El magn\u00edfico material de silicona tiene un acabado aterciopelado para una sensaci\u00f3n incre\u00edble en la piel y un vibrador de 12 funciones que brinda sensaciones incre\u00edbles en lo m\u00e1s profundo de tus terminaciones [&hellip;]<\/p>\n","protected":false},"featured_media":2059,"comment_status":"open","ping_status":"closed","template":"","meta":[],"product_brand":[],"product_cat":[44,18,27],"product_tag":[],"class_list":{"0":"post-2058","1":"product","2":"type-product","3":"status-publish","4":"has-post-thumbnail","6":"product_cat-clitorales","7":"product_cat-juguetes","8":"product_cat-vibradores","10":"first","11":"instock","12":"shipping-taxable","13":"purchasable","14":"product-type-simple"},"_links":{"self":[{"href":"https:\/\/tiendasamor.com\/index.php\/wp-json\/wp\/v2\/product\/2058","targetHints":{"allow":["GET"]}}],"collection":[{"href":"https:\/\/tiendasamor.com\/index.php\/wp-json\/wp\/v2\/product"}],"about":[{"href":"https:\/\/tiendasamor.com\/index.php\/wp-json\/wp\/v2\/types\/product"}],"replies":[{"embeddable":true,"href":"https:\/\/tiendasamor.com\/index.php\/wp-json\/wp\/v2\/comments?post=2058"}],"wp:featuredmedia":[{"embeddable":true,"href":"https:\/\/tiendasamor.com\/index.php\/wp-json\/wp\/v2\/media\/2059"}],"wp:attachment":[{"href":"https:\/\/tiendasamor.com\/index.php\/wp-json\/wp\/v2\/media?parent=2058"}],"wp:term":[{"taxonomy":"product_brand","embeddable":true,"href":"https:\/\/tiendasamor.com\/index.php\/wp-json\/wp\/v2\/product_brand?post=2058"},{"taxonomy":"product_cat","embeddable":true,"href":"https:\/\/tiendasamor.com\/index.php\/wp-json\/wp\/v2\/product_cat?post=2058"},{"taxonomy":"product_tag","embeddable":true,"href":"https:\/\/tiendasamor.com\/index.php\/wp-json\/wp\/v2\/product_tag?post=2058"}],"curies":[{"name":"wp","href":"https:\/\/api.w.org\/{rel}","templated":true}]}}