{"id":2041,"date":"2024-03-19T15:09:44","date_gmt":"2024-03-19T20:09:44","guid":{"rendered":"https:\/\/tiendasamor.com\/?post_type=product&#038;p=2041"},"modified":"2024-03-19T15:09:44","modified_gmt":"2024-03-19T20:09:44","slug":"duresex-spray-retardante","status":"publish","type":"product","link":"https:\/\/tiendasamor.com\/index.php\/producto\/duresex-spray-retardante\/","title":{"rendered":"Duresex Spray Retardante"},"content":{"rendered":"<p>Duresex\u00a0Quita la eyaculaci\u00f3n precoz ya que contiene ingredientes desensibilizantes que har\u00e1 que su pene no termine r\u00e1pido,<\/p>\n<p>dej\u00e1ndole poder dar mucho m\u00e1s placer a su pareja,<\/p>\n<p>ella se lo agradecer\u00e1.<\/p>\n<p>15ml<\/p>\n<p>Duresex Quita la eyaculaci\u00f3n precoz ya que contiene ingredientes desensibilizantes que har\u00e1 que su pene no termine r\u00e1pido, dej\u00e1ndole poder dar mucho m\u00e1s placer a su pareja, ella se lo agradecer\u00e1. Duresex es un muy buen SPRAY sexual para hacer que el sexo sea mucho m\u00e1s placentero solamente sino que los hace mucho m\u00e1s duradero. No lo dude si est\u00e1 buscando alg\u00fan Retardante que adem\u00e1s ayude a durar m\u00e1s y padece de eyaculaciones r\u00e1pidas pues comprar Duresex y usarlo ser\u00e1 su m\u00e1s adecuada soluci\u00f3n.<\/p>\n<p>Lo verdaderamente extraordinario es que\u00a0Duresex\u00a0ya esta al alcance de todos para la combatir y eliminar la eyaculacion precoz completamente con ingredientes netamente naturales que no afecten con efectos secundarios su salud.\u00a0Duresex\u00a0tiene nutrientes \u00fanicos, con ingredientes que fortalecen enormemente el deseo sexual y retardan la eyaculaci\u00f3n de forma muy efectiva y m\u00e1s adecuada.<\/p>\n","protected":false},"excerpt":{"rendered":"<p>Duresex\u00a0Quita la eyaculaci\u00f3n precoz ya que contiene ingredientes desensibilizantes que har\u00e1 que su pene no termine r\u00e1pido, dej\u00e1ndole poder dar mucho m\u00e1s placer a su pareja, ella se lo agradecer\u00e1. 15ml Duresex Quita la eyaculaci\u00f3n precoz ya que contiene ingredientes desensibilizantes que har\u00e1 que su pene no termine r\u00e1pido, dej\u00e1ndole poder dar mucho m\u00e1s placer [&hellip;]<\/p>\n","protected":false},"featured_media":2042,"comment_status":"open","ping_status":"closed","template":"","meta":[],"product_brand":[],"product_cat":[48],"product_tag":[],"class_list":{"0":"post-2041","1":"product","2":"type-product","3":"status-publish","4":"has-post-thumbnail","6":"product_cat-retardantes","8":"first","9":"instock","10":"shipping-taxable","11":"purchasable","12":"product-type-simple"},"_links":{"self":[{"href":"https:\/\/tiendasamor.com\/index.php\/wp-json\/wp\/v2\/product\/2041","targetHints":{"allow":["GET"]}}],"collection":[{"href":"https:\/\/tiendasamor.com\/index.php\/wp-json\/wp\/v2\/product"}],"about":[{"href":"https:\/\/tiendasamor.com\/index.php\/wp-json\/wp\/v2\/types\/product"}],"replies":[{"embeddable":true,"href":"https:\/\/tiendasamor.com\/index.php\/wp-json\/wp\/v2\/comments?post=2041"}],"wp:featuredmedia":[{"embeddable":true,"href":"https:\/\/tiendasamor.com\/index.php\/wp-json\/wp\/v2\/media\/2042"}],"wp:attachment":[{"href":"https:\/\/tiendasamor.com\/index.php\/wp-json\/wp\/v2\/media?parent=2041"}],"wp:term":[{"taxonomy":"product_brand","embeddable":true,"href":"https:\/\/tiendasamor.com\/index.php\/wp-json\/wp\/v2\/product_brand?post=2041"},{"taxonomy":"product_cat","embeddable":true,"href":"https:\/\/tiendasamor.com\/index.php\/wp-json\/wp\/v2\/product_cat?post=2041"},{"taxonomy":"product_tag","embeddable":true,"href":"https:\/\/tiendasamor.com\/index.php\/wp-json\/wp\/v2\/product_tag?post=2041"}],"curies":[{"name":"wp","href":"https:\/\/api.w.org\/{rel}","templated":true}]}}