{"id":2038,"date":"2024-03-19T14:59:51","date_gmt":"2024-03-19T19:59:51","guid":{"rendered":"https:\/\/tiendasamor.com\/?post_type=product&#038;p=2038"},"modified":"2024-05-15T12:55:58","modified_gmt":"2024-05-15T17:55:58","slug":"yohimbina-gold","status":"publish","type":"product","link":"https:\/\/tiendasamor.com\/index.php\/producto\/yohimbina-gold\/","title":{"rendered":"Yohimbina Gold"},"content":{"rendered":"<h6><strong>Yohimbina Gotas Afrodisiaco Excitante<\/strong><\/h6>\n<p>Es un l\u00edquido\u00a0<strong>afrodis\u00edaco para las mujeres<\/strong>\u00a0muy eficaz que mejora el rendimiento sexual de las mujeres f\u00e1cilmente, de una manera natural.\u00a0Yohimbina Gold Gotas Afrodisiacas ayuda a las mujeres a mejorar su vida sexual. Problemas como el estr\u00e9s mental y f\u00edsico, agotamiento y cansancio son algunos de los factores que conducen a la falta de deseo sexual de la mujer, simplemente tome\u00a0Yohimbina Gold Gotas Afrodisiacas de 15 a 30 minutos antes de la actividad sexual por lo que su disposici\u00f3n cambie radicalmente.<\/p>\n<h6><strong>Yohimbina Gold<\/strong><\/h6>\n<p>Gotas Afrodisiacas se puede tomar con cualquier bebida, la mezcla producir\u00e1 efecto de la misma manera, el l\u00edquido es incoloro y no produce olor ni sabor, es 100% natural y su dosis es muy segura, este afrodis\u00edaco act\u00faa como un estimulante creando una sensaci\u00f3n de ardiente deseo.<\/p>\n<ul>\n<li>\n<h6><strong>Especificaciones:<\/strong><\/h6>\n<p>Una botella de\u00a0<em>Yohimbina Gold<\/em>\u00a0Gotas Afrodisiacas contiene: 15ml<\/p>\n<h6><strong>Administraci\u00f3n y dosificaci\u00f3n:<\/strong><\/h6>\n<p>Diluir 15 a 20 gotas en su bebida preferida, 20-30 minutos antes de la actividad sexual.<\/p>\n<h6><strong>Tiene efectos secundarios?<\/strong><\/h6>\n<p><em><strong>Yohimbina Gold \u00a0Gotas Afrodisiacas\u00a0<\/strong><\/em><br \/>\nen casos excepcionales puede manifestar efectos secundarios, por ejemplo un simple dolor de cabeza, esto es dependiendo de la asimilaci\u00f3n de cada persona, todos no asimilan igual as\u00ed que no hay por que preocuparse.<\/li>\n<li>Aumento de la libido<\/li>\n<li>Aumento de la sensibilidad<\/li>\n<li>Mejora la circulaci\u00f3n sangu\u00ednea en los \u00f3rganos sexuales<\/li>\n<li>Aumento del apetito sexual<\/li>\n<li>Aumento de la lubricaci\u00f3n<\/li>\n<li>Posibles orgasmos m\u00faltiples<\/li>\n<li>Frasco de 20ml<\/li>\n<\/ul>\n<p>&nbsp;<\/p>\n","protected":false},"excerpt":{"rendered":"<p>Yohimbina Gotas Afrodisiaco Excitante Es un l\u00edquido\u00a0afrodis\u00edaco para las mujeres\u00a0muy eficaz que mejora el rendimiento sexual de las mujeres f\u00e1cilmente, de una manera natural.\u00a0Yohimbina Gold Gotas Afrodisiacas ayuda a las mujeres a mejorar su vida sexual. Problemas como el estr\u00e9s mental y f\u00edsico, agotamiento y cansancio son algunos de los factores que conducen a la [&hellip;]<\/p>\n","protected":false},"featured_media":2039,"comment_status":"open","ping_status":"closed","template":"","meta":[],"product_brand":[],"product_cat":[64],"product_tag":[],"class_list":{"0":"post-2038","1":"product","2":"type-product","3":"status-publish","4":"has-post-thumbnail","6":"product_cat-excitantes","8":"first","9":"instock","10":"shipping-taxable","11":"purchasable","12":"product-type-simple"},"_links":{"self":[{"href":"https:\/\/tiendasamor.com\/index.php\/wp-json\/wp\/v2\/product\/2038","targetHints":{"allow":["GET"]}}],"collection":[{"href":"https:\/\/tiendasamor.com\/index.php\/wp-json\/wp\/v2\/product"}],"about":[{"href":"https:\/\/tiendasamor.com\/index.php\/wp-json\/wp\/v2\/types\/product"}],"replies":[{"embeddable":true,"href":"https:\/\/tiendasamor.com\/index.php\/wp-json\/wp\/v2\/comments?post=2038"}],"wp:featuredmedia":[{"embeddable":true,"href":"https:\/\/tiendasamor.com\/index.php\/wp-json\/wp\/v2\/media\/2039"}],"wp:attachment":[{"href":"https:\/\/tiendasamor.com\/index.php\/wp-json\/wp\/v2\/media?parent=2038"}],"wp:term":[{"taxonomy":"product_brand","embeddable":true,"href":"https:\/\/tiendasamor.com\/index.php\/wp-json\/wp\/v2\/product_brand?post=2038"},{"taxonomy":"product_cat","embeddable":true,"href":"https:\/\/tiendasamor.com\/index.php\/wp-json\/wp\/v2\/product_cat?post=2038"},{"taxonomy":"product_tag","embeddable":true,"href":"https:\/\/tiendasamor.com\/index.php\/wp-json\/wp\/v2\/product_tag?post=2038"}],"curies":[{"name":"wp","href":"https:\/\/api.w.org\/{rel}","templated":true}]}}