{"id":2035,"date":"2024-03-19T13:29:50","date_gmt":"2024-03-19T18:29:50","guid":{"rendered":"https:\/\/tiendasamor.com\/?post_type=product&#038;p=2035"},"modified":"2024-05-14T19:36:15","modified_gmt":"2024-05-15T00:36:15","slug":"vigrx-plus","status":"publish","type":"product","link":"https:\/\/tiendasamor.com\/index.php\/producto\/vigrx-plus\/","title":{"rendered":"VigRX Plus\u2122"},"content":{"rendered":"<h2 class=\"page-subtitle\">\u00bfQu\u00e9 es VigRX Plus?<\/h2>\n<p><b>VigRX Plus<\/b>\u00a0es un suplemento de mejora masculina para desarrollar el pene, de clase mundial formulado con 12 hierbas naturales elegidas por expertos. Ha dominado el mercado desde su primer lanzamiento en 2004, con miles de hombres en todo el mundo satisfechos con la f\u00f3rmula revolucionaria.\u00a0Est\u00e1n encantados con los sentimientos de virilidad y poder que est\u00e1n experimentando con la ayuda de estos\u00a0<b>suplementos naturales de mejora masculina.\u00a0<\/b>Un verdadero campe\u00f3n, los clientes siguen regresando por m\u00e1s, \u00a1con las revisiones de VigRX Plus respaldando esto!\u00a0\u00a1Y no es una sorpresa ya que esta empresa se esfuerza por innovar constantemente hacia los m\u00e1s altos est\u00e1ndares de\u00a0<b>tabletas de mejora del rendimiento para hombres!<\/b><\/p>\n<h2 class=\"page-subtitle\">\u00bfPor qu\u00e9 debo elegir un suplemento de mejora masculina?<\/h2>\n<p>Todos hemos escuchado el dicho de que somos lo que comemos, as\u00ed que antes de salir y comprometerse con un costoso tratamiento para el desarrollo del pene y la disfunci\u00f3n er\u00e9ctil, piense en complementar su dieta. Las hierbas, las vitaminas y los minerales pueden desempe\u00f1ar un papel vital en la mejora del rendimiento sexual, el flujo sangu\u00edneo, la resistencia, la satisfacci\u00f3n y el deseo sexual, y los estudios cl\u00ednicos logran avances todo el tiempo.\u00a0En forma potente dentro de una tableta, estos pueden funcionar mejor y m\u00e1s duro que cualquier otro m\u00e9todo o sistema de potenciador masculino para ayudarlo a liberar el potencial masculino dentro de usted para ayudar a mejorar su vida sexual.\u00a0Los suplementos de mejora masculina tambi\u00e9n son formas f\u00e1ciles y r\u00e1pidas de tomar los nutrientes que necesita para aumentar el rendimiento de su dormitorio y, por lo tanto, complementar su vida acelerada.<\/p>\n<h2 class=\"page-subtitle\">\u00bfC\u00f3mo funciona VigRX Plus?<\/h2>\n<p>Poner el control de su tama\u00f1o, vigor, poder y fuerza masculinos en sus manos es el \u00fanico objetivo del VigRX Plus oficial. Como resultado,\u00a0<b>VigRX para hombres<\/b>\u00a0funciona mediante el uso de una mezcla de ingredientes naturales elegidos a mano para ayudar en los momentos en el dormitorio.\u00a0Cada uno de los doce ingredientes fue elegido para despertar tu cuerpo desde adentro, comenzando con el poderoso tr\u00edo de Ginseng, Zinc y Bioperine\u2122.\u00a0Estas tabletas de alta potencia se ven reforzadas por Ginkgo Biloba, Turmeric y Damiana Leaves, con el objetivo de abordar todos los factores, desde el flujo sangu\u00edneo hasta la\u00a0<b>resistencia<\/b>\u00a0y la agudeza mental.<\/p>\n<ul class=\"bluetick\">\n<li><b>Suplementos de mejora masculina l\u00edderes en el mundo<\/b><\/li>\n<li>Ideal para aumentar EL TAMA\u00d1O DEL PENE\u00a0<b>la libido y la fuerza.<\/b><\/li>\n<li>Ayuda a mantener el empoderamiento y la sensaci\u00f3n durante la intimidad<\/li>\n<li>Potente mezcla de 12\u00a0<b>ingredientes naturales.<\/b><\/li>\n<li>Tr\u00edo energ\u00e9tico de\u00a0<b>zinc, ginseng y bioperina<\/b><\/li>\n<li>Enriquecido con Ginkgo Biloba y Ginseng Coreano para la virilidad<\/li>\n<li><b>Dos c\u00e1psulas potentes todos los d\u00edas.<\/b><\/li>\n<li>60 tabletas \u2013 suministro para 1 mes<\/li>\n<\/ul>\n","protected":false},"excerpt":{"rendered":"<p>\u00bfQu\u00e9 es VigRX Plus? VigRX Plus\u00a0es un suplemento de mejora masculina para desarrollar el pene, de clase mundial formulado con 12 hierbas naturales elegidas por expertos. Ha dominado el mercado desde su primer lanzamiento en 2004, con miles de hombres en todo el mundo satisfechos con la f\u00f3rmula revolucionaria.\u00a0Est\u00e1n encantados con los sentimientos de virilidad [&hellip;]<\/p>\n","protected":false},"featured_media":2036,"comment_status":"open","ping_status":"closed","template":"","meta":[],"product_brand":[],"product_cat":[39,21],"product_tag":[],"class_list":{"0":"post-2035","1":"product","2":"type-product","3":"status-publish","4":"has-post-thumbnail","6":"product_cat-desarrolladores","7":"product_cat-potencia-sexual","9":"first","10":"instock","11":"featured","12":"shipping-taxable","13":"purchasable","14":"product-type-simple"},"_links":{"self":[{"href":"https:\/\/tiendasamor.com\/index.php\/wp-json\/wp\/v2\/product\/2035","targetHints":{"allow":["GET"]}}],"collection":[{"href":"https:\/\/tiendasamor.com\/index.php\/wp-json\/wp\/v2\/product"}],"about":[{"href":"https:\/\/tiendasamor.com\/index.php\/wp-json\/wp\/v2\/types\/product"}],"replies":[{"embeddable":true,"href":"https:\/\/tiendasamor.com\/index.php\/wp-json\/wp\/v2\/comments?post=2035"}],"wp:featuredmedia":[{"embeddable":true,"href":"https:\/\/tiendasamor.com\/index.php\/wp-json\/wp\/v2\/media\/2036"}],"wp:attachment":[{"href":"https:\/\/tiendasamor.com\/index.php\/wp-json\/wp\/v2\/media?parent=2035"}],"wp:term":[{"taxonomy":"product_brand","embeddable":true,"href":"https:\/\/tiendasamor.com\/index.php\/wp-json\/wp\/v2\/product_brand?post=2035"},{"taxonomy":"product_cat","embeddable":true,"href":"https:\/\/tiendasamor.com\/index.php\/wp-json\/wp\/v2\/product_cat?post=2035"},{"taxonomy":"product_tag","embeddable":true,"href":"https:\/\/tiendasamor.com\/index.php\/wp-json\/wp\/v2\/product_tag?post=2035"}],"curies":[{"name":"wp","href":"https:\/\/api.w.org\/{rel}","templated":true}]}}