{"id":2032,"date":"2024-03-19T13:05:55","date_gmt":"2024-03-19T18:05:55","guid":{"rendered":"https:\/\/tiendasamor.com\/?post_type=product&#038;p=2032"},"modified":"2025-05-17T11:32:29","modified_gmt":"2025-05-17T16:32:29","slug":"spanish-fly-doc-johnson","status":"publish","type":"product","link":"https:\/\/tiendasamor.com\/index.php\/producto\/spanish-fly-doc-johnson\/","title":{"rendered":"Spanish Fly Doc Johnson"},"content":{"rendered":"<h2>\u00bfQu\u00e9 es Spanish Fly?<\/h2>\n<p>Spanish Fly act\u00faa sobre esas parejas en las que la chispa no surge sola. Adem\u00e1s, es una bebida afrodis\u00edaca que aporta energ\u00eda, as\u00ed como una que aumenta del deseo sexual y la pasi\u00f3n. Por lo que, si necesitas algo que te ayude a potenciar la libido, este es el producto correcto.<\/p>\n<p>Adem\u00e1s, nos gustar\u00eda destacar que se trata de un afrodis\u00edaco con una composici\u00f3n 100% natural, todos los ingredientes son herbales y por lo tanto no existe ning\u00fan tipo de efectos secundarios probado.<\/p>\n<p>Y si normalmente te sientes poco seguro de ti mismo\/a, al no disfrutar del sexo o simplemente la autoestima ha disminuido, no te preocupes m\u00e1s porque todas esas malas sensaciones pueden desaparecer con este l\u00edquido afrodis\u00edaco.<\/p>\n<p>Formulado para aumentar la excitaci\u00f3n<br \/>\nHecho con Fo-Ti, Yohimbe, Ginkgo Biloba y Horny Goat Weed, Sin parabenos ni az\u00facar.<br \/>\nCertificado por PETA, sin crueldad<br \/>\nComestible \u2013 Sabor: Cherry<\/p>\n<p>&nbsp;<\/p>\n<h2>Dosis a tomar de Spanish Fly<\/h2>\n<p>Usar la cantidad de veinte gotas, agregarlos en un vaso de alg\u00fan refresco. A los 15 min sentir\u00e1 una sensaci\u00f3n de excitaci\u00f3n esto le durar\u00e1 unos 40 min pasado este tiempo vuelve al estado normal.<\/p>\n<p>Adem\u00e1s, se recomienda no tomar Spanish Fly m\u00e1s de 2 veces en 24 horas.<\/p>\n<p>Una vez ingerido, los ingredientes naturales de esta bebida er\u00f3tica actuar\u00e1n incrementando tu deseo sexual y excitaci\u00f3n durante el sexo.<\/p>\n<p>&nbsp;<\/p>\n<h2>\u00bfCu\u00e1nto tiempo tarda en hacer efecto?<\/h2>\n<p>Normalmente este producto se debe tomar aproximadamente media hora antes de empezar a mantener relaciones sexuales. Sin embargo, nosotros te recomendamos que pruebes tu mismo el tiempo que tu cuerpo necesita hasta empezar a sentir el efecto. Es decir, si es la primera vez que vayas a ingerir Spanish Fly te recomendamos que te lo tomes una hora antes de empezar a mantener relaciones sexuales, as\u00ed podr\u00e1s asegurarte un disfrute del sexo sin impedimentos.<\/p>\n<p>&nbsp;<\/p>\n<h2>\u00bfCu\u00e1nto tiempo dura el efecto?<\/h2>\n<p>Normalmente dura 40 minutos despu\u00e9s de haber ingerido las gotas, no obstante la composici\u00f3n de las gotas act\u00faa de forma diferente en cada persona ya que es un producto natur<\/p>\n","protected":false},"excerpt":{"rendered":"<p>\u00bfQu\u00e9 es Spanish Fly? Spanish Fly act\u00faa sobre esas parejas en las que la chispa no surge sola. Adem\u00e1s, es una bebida afrodis\u00edaca que aporta energ\u00eda, as\u00ed como una que aumenta del deseo sexual y la pasi\u00f3n. Por lo que, si necesitas algo que te ayude a potenciar la libido, este es el producto correcto. [&hellip;]<\/p>\n","protected":false},"featured_media":2033,"comment_status":"open","ping_status":"closed","template":"","meta":[],"product_brand":[],"product_cat":[64],"product_tag":[],"class_list":{"0":"post-2032","1":"product","2":"type-product","3":"status-publish","4":"has-post-thumbnail","6":"product_cat-excitantes","8":"first","9":"instock","10":"shipping-taxable","11":"purchasable","12":"product-type-simple"},"_links":{"self":[{"href":"https:\/\/tiendasamor.com\/index.php\/wp-json\/wp\/v2\/product\/2032","targetHints":{"allow":["GET"]}}],"collection":[{"href":"https:\/\/tiendasamor.com\/index.php\/wp-json\/wp\/v2\/product"}],"about":[{"href":"https:\/\/tiendasamor.com\/index.php\/wp-json\/wp\/v2\/types\/product"}],"replies":[{"embeddable":true,"href":"https:\/\/tiendasamor.com\/index.php\/wp-json\/wp\/v2\/comments?post=2032"}],"wp:featuredmedia":[{"embeddable":true,"href":"https:\/\/tiendasamor.com\/index.php\/wp-json\/wp\/v2\/media\/2033"}],"wp:attachment":[{"href":"https:\/\/tiendasamor.com\/index.php\/wp-json\/wp\/v2\/media?parent=2032"}],"wp:term":[{"taxonomy":"product_brand","embeddable":true,"href":"https:\/\/tiendasamor.com\/index.php\/wp-json\/wp\/v2\/product_brand?post=2032"},{"taxonomy":"product_cat","embeddable":true,"href":"https:\/\/tiendasamor.com\/index.php\/wp-json\/wp\/v2\/product_cat?post=2032"},{"taxonomy":"product_tag","embeddable":true,"href":"https:\/\/tiendasamor.com\/index.php\/wp-json\/wp\/v2\/product_tag?post=2032"}],"curies":[{"name":"wp","href":"https:\/\/api.w.org\/{rel}","templated":true}]}}