{"id":2029,"date":"2024-03-19T13:02:13","date_gmt":"2024-03-19T18:02:13","guid":{"rendered":"https:\/\/tiendasamor.com\/?post_type=product&#038;p=2029"},"modified":"2024-05-14T22:20:48","modified_gmt":"2024-05-15T03:20:48","slug":"stud-100-original","status":"publish","type":"product","link":"https:\/\/tiendasamor.com\/index.php\/producto\/stud-100-original\/","title":{"rendered":"Stud 100 Original"},"content":{"rendered":"<div class=\"itemsummary\"><strong>STUD 100<\/strong>\u00a0es una alternativa natural a los problemas de eyaculaci\u00f3n precoz. Es un spray elaborado especialmente para retardar la eyaculaci\u00f3n<\/div>\n<div class=\"itemcontent\">\n<p><strong>STUD 100<\/strong>\u00a0es una alternativa natural a los problemas de eyaculaci\u00f3n precoz. Es un spray elaborado especialmente para retardar la eyaculaci\u00f3n, ayud\u00e1ndole a disfrutar de sus relaciones sexuales durante m\u00e1s tiempo e intensificando los orgasmos.<\/p>\n<ul class=\"bluetick\">\n<li>\u00a0Resultados positivos aprobados por la FDA<\/li>\n<li>\u00a0Ayuda a solucionar los problemas de eyaculaci\u00f3n precoz<\/li>\n<li>\u00a0Erecciones m\u00e1s duraderas y retrasa el orgasmo<\/li>\n<li>\u00a0Ayuda a disfrutar durante m\u00e1s tiempo de las relaciones sexuales<\/li>\n<li>\u00a0Hace efecto despu\u00e9s de 5- 15 minutos despu\u00e9s de la aplicaci\u00f3n<\/li>\n<li>\u00a0Compatible con el uso de condones<\/li>\n<li>\u00a0Producto natural sin efectos secundarios<\/li>\n<li>\u00a0El spray Stud 100 es discreto y c\u00f3modo de llevar<br \/>\n<h6>Qu\u00e9 es el Spray retardante Stud 100?<\/h6>\n<p>El Spray STUD 100 ayuda a prolongar tu eyaculaci\u00f3n. Aplicando s\u00f3lo de 3 a 5 vaporizaciones se podr\u00e1 disfrutar de relaciones \u00edntimas por m\u00e1s tiempo. El producto Stud 100 ha sido sometido a pruebas cl\u00ednicas y sus resultados han sido aprobados por la FDA como producto de calidad para ayudar a retrasar la eyaculaci\u00f3n masculina. Simplemente vaporice el spray en el pene entre 5 y 15 minutos antes de mantener relaciones para disfrutar del acto por m\u00e1s tiempo. El Spray retardante STUD 100 es compatible con el sexo oral. El spray est\u00e1 dise\u00f1ado para 120 vaporizaciones.<\/li>\n<\/ul>\n<\/div>\n","protected":false},"excerpt":{"rendered":"<p>STUD 100\u00a0es una alternativa natural a los problemas de eyaculaci\u00f3n precoz. Es un spray elaborado especialmente para retardar la eyaculaci\u00f3n STUD 100\u00a0es una alternativa natural a los problemas de eyaculaci\u00f3n precoz. Es un spray elaborado especialmente para retardar la eyaculaci\u00f3n, ayud\u00e1ndole a disfrutar de sus relaciones sexuales durante m\u00e1s tiempo e intensificando los orgasmos. \u00a0Resultados [&hellip;]<\/p>\n","protected":false},"featured_media":2030,"comment_status":"open","ping_status":"closed","template":"","meta":[],"product_brand":[],"product_cat":[48],"product_tag":[],"class_list":{"0":"post-2029","1":"product","2":"type-product","3":"status-publish","4":"has-post-thumbnail","6":"product_cat-retardantes","8":"first","9":"instock","10":"shipping-taxable","11":"purchasable","12":"product-type-simple"},"_links":{"self":[{"href":"https:\/\/tiendasamor.com\/index.php\/wp-json\/wp\/v2\/product\/2029","targetHints":{"allow":["GET"]}}],"collection":[{"href":"https:\/\/tiendasamor.com\/index.php\/wp-json\/wp\/v2\/product"}],"about":[{"href":"https:\/\/tiendasamor.com\/index.php\/wp-json\/wp\/v2\/types\/product"}],"replies":[{"embeddable":true,"href":"https:\/\/tiendasamor.com\/index.php\/wp-json\/wp\/v2\/comments?post=2029"}],"wp:featuredmedia":[{"embeddable":true,"href":"https:\/\/tiendasamor.com\/index.php\/wp-json\/wp\/v2\/media\/2030"}],"wp:attachment":[{"href":"https:\/\/tiendasamor.com\/index.php\/wp-json\/wp\/v2\/media?parent=2029"}],"wp:term":[{"taxonomy":"product_brand","embeddable":true,"href":"https:\/\/tiendasamor.com\/index.php\/wp-json\/wp\/v2\/product_brand?post=2029"},{"taxonomy":"product_cat","embeddable":true,"href":"https:\/\/tiendasamor.com\/index.php\/wp-json\/wp\/v2\/product_cat?post=2029"},{"taxonomy":"product_tag","embeddable":true,"href":"https:\/\/tiendasamor.com\/index.php\/wp-json\/wp\/v2\/product_tag?post=2029"}],"curies":[{"name":"wp","href":"https:\/\/api.w.org\/{rel}","templated":true}]}}