{"id":2025,"date":"2024-03-19T11:43:25","date_gmt":"2024-03-19T16:43:25","guid":{"rendered":"https:\/\/tiendasamor.com\/?post_type=product&#038;p=2025"},"modified":"2024-05-14T22:06:54","modified_gmt":"2024-05-15T03:06:54","slug":"maxman-delay-spray-7500","status":"publish","type":"product","link":"https:\/\/tiendasamor.com\/index.php\/producto\/maxman-delay-spray-7500\/","title":{"rendered":"Maxman Delay Spray 7500"},"content":{"rendered":"<p>MAXMAN 75000 DELAY SPRAY FOR MEN prolonga el placer de hacer el amor y te hace obtener el cl\u00edmax y el control que deseas.<\/p>\n<p>MAXMAN 75000 DELAY SPRAY FOR MEN es uno de los inventos m\u00e1s nuevos destinados a abordar el problema de la eyaculaci\u00f3n r\u00e1pida, mejorar su rendimiento sexual en la cama y satisfacer a su dama, brind\u00e1ndole orgasmos m\u00faltiples.<\/p>\n<p>Este producto est\u00e1 recomendado para todas aquellas personas que creen que esto de la eyaculaci\u00f3n precoz se interpone entre ellos y tener buenas relaciones sexuales con su pareja.<\/p>\n<p>Roc\u00ede dos veces en la cabeza del pene y espere 5 minutos y luego estar\u00e1 listo para la acci\u00f3n.<\/p>\n<p>Si siente una sensaci\u00f3n de hormigueo despu\u00e9s de rociar, ign\u00f3relo, ya que desaparecer\u00e1 en un minuto.<\/p>\n<p>Tambi\u00e9n puedes rociarlo en la palma de tus manos y masajear suavemente el pene.<\/p>\n<p>Este spray tampoco tiene olor ni sabor, por lo que tu pareja no descubrir\u00e1 tu secreto cuando te haga sexo oral.<\/p>\n<p>El uso del Maxman Prolonging Delay Spray reducir\u00e1 la sensibilidad, le brindar\u00e1 una erecci\u00f3n duradera, aumentar\u00e1 su confianza y disfrute, mejorar\u00e1 su libido sexual y aumentar\u00e1 el apetito sexual de ambas partes.<\/p>\n","protected":false},"excerpt":{"rendered":"<p>MAXMAN 75000 DELAY SPRAY FOR MEN prolonga el placer de hacer el amor y te hace obtener el cl\u00edmax y el control que deseas. MAXMAN 75000 DELAY SPRAY FOR MEN es uno de los inventos m\u00e1s nuevos destinados a abordar el problema de la eyaculaci\u00f3n r\u00e1pida, mejorar su rendimiento sexual en la cama y satisfacer [&hellip;]<\/p>\n","protected":false},"featured_media":2028,"comment_status":"open","ping_status":"closed","template":"","meta":[],"product_brand":[],"product_cat":[48],"product_tag":[],"class_list":{"0":"post-2025","1":"product","2":"type-product","3":"status-publish","4":"has-post-thumbnail","6":"product_cat-retardantes","8":"first","9":"instock","10":"featured","11":"shipping-taxable","12":"purchasable","13":"product-type-simple"},"_links":{"self":[{"href":"https:\/\/tiendasamor.com\/index.php\/wp-json\/wp\/v2\/product\/2025","targetHints":{"allow":["GET"]}}],"collection":[{"href":"https:\/\/tiendasamor.com\/index.php\/wp-json\/wp\/v2\/product"}],"about":[{"href":"https:\/\/tiendasamor.com\/index.php\/wp-json\/wp\/v2\/types\/product"}],"replies":[{"embeddable":true,"href":"https:\/\/tiendasamor.com\/index.php\/wp-json\/wp\/v2\/comments?post=2025"}],"wp:featuredmedia":[{"embeddable":true,"href":"https:\/\/tiendasamor.com\/index.php\/wp-json\/wp\/v2\/media\/2028"}],"wp:attachment":[{"href":"https:\/\/tiendasamor.com\/index.php\/wp-json\/wp\/v2\/media?parent=2025"}],"wp:term":[{"taxonomy":"product_brand","embeddable":true,"href":"https:\/\/tiendasamor.com\/index.php\/wp-json\/wp\/v2\/product_brand?post=2025"},{"taxonomy":"product_cat","embeddable":true,"href":"https:\/\/tiendasamor.com\/index.php\/wp-json\/wp\/v2\/product_cat?post=2025"},{"taxonomy":"product_tag","embeddable":true,"href":"https:\/\/tiendasamor.com\/index.php\/wp-json\/wp\/v2\/product_tag?post=2025"}],"curies":[{"name":"wp","href":"https:\/\/api.w.org\/{rel}","templated":true}]}}