{"id":1922,"date":"2024-01-13T14:15:26","date_gmt":"2024-01-13T19:15:26","guid":{"rendered":"https:\/\/tiendasamor.com\/?post_type=product&#038;p=1922"},"modified":"2024-05-14T22:15:55","modified_gmt":"2024-05-15T03:15:55","slug":"lubricante-silicona-eros-clasico-30ml","status":"publish","type":"product","link":"https:\/\/tiendasamor.com\/index.php\/producto\/lubricante-silicona-eros-clasico-30ml\/","title":{"rendered":"Lubricante Silicona Eros Cl\u00e1sico 30ml"},"content":{"rendered":"<p>La Experienca Eros es algo sencillamente perfecta, Fabricaci\u00f3n Alemana con a\u00f1os de Experiencia logran un resultado a un nivel muy alto.<\/p>\n<p>Lubricante medicinal con Aloe Vera y Pantenol.<\/p>\n<p>\u00bfEsta buscando un gel lubricante a base de agua desarrollado especialmente para sus necesidades como mujer?. Aqua Sensations &amp; Care de Eros es un lubricante ultramoderno y respetuoso con la piel, con una receta \u00fanica.<\/p>\n<p>La f\u00f3rmula especial del gel lubricante con valor pH optimizado no contiene glicerina y es especialmente apto para la zona \u00edntima femenina.<\/p>\n<p>El aloe vera y el pantenol cuidan su piel adicionalmente y proporcionan una sensaci\u00f3n sedosa y suave en la piel.<\/p>\n<p>\u00a1Mejor capacidad deslizante en las relaciones \u00edntimas garantizadas!.<\/p>\n<p>Caracter\u00edsticas:<\/p>\n<ul>\n<li>\u00a0Dermatol\u00f3gicamente probado.<\/li>\n<li>\u00a0Rinde mucho.<\/li>\n<li>\u00a0Larga capacidad deslizante.<\/li>\n<li>\u00a0apto con el uso de condones.<\/li>\n<li>\u00a0Hidrosoluble.<\/li>\n<li>\u00a0 Neutro al gusto.<\/li>\n<li>\u00a0Incoloro e inodoro.<\/li>\n<li>\u00a0No contiene ni aceites ni perfumes.<\/li>\n<\/ul>\n<p>Envase de 30 ml.<\/p>\n","protected":false},"excerpt":{"rendered":"<p>La Experienca Eros es algo sencillamente perfecta, Fabricaci\u00f3n Alemana con a\u00f1os de Experiencia logran un resultado a un nivel muy alto. Lubricante medicinal con Aloe Vera y Pantenol. \u00bfEsta buscando un gel lubricante a base de agua desarrollado especialmente para sus necesidades como mujer?. Aqua Sensations &amp; Care de Eros es un lubricante ultramoderno y [&hellip;]<\/p>\n","protected":false},"featured_media":1926,"comment_status":"open","ping_status":"closed","template":"","meta":[],"product_brand":[],"product_cat":[35,23],"product_tag":[],"class_list":{"0":"post-1922","1":"product","2":"type-product","3":"status-publish","4":"has-post-thumbnail","6":"product_cat-anales","7":"product_cat-lubricantes","9":"first","10":"instock","11":"shipping-taxable","12":"purchasable","13":"product-type-simple"},"_links":{"self":[{"href":"https:\/\/tiendasamor.com\/index.php\/wp-json\/wp\/v2\/product\/1922","targetHints":{"allow":["GET"]}}],"collection":[{"href":"https:\/\/tiendasamor.com\/index.php\/wp-json\/wp\/v2\/product"}],"about":[{"href":"https:\/\/tiendasamor.com\/index.php\/wp-json\/wp\/v2\/types\/product"}],"replies":[{"embeddable":true,"href":"https:\/\/tiendasamor.com\/index.php\/wp-json\/wp\/v2\/comments?post=1922"}],"wp:featuredmedia":[{"embeddable":true,"href":"https:\/\/tiendasamor.com\/index.php\/wp-json\/wp\/v2\/media\/1926"}],"wp:attachment":[{"href":"https:\/\/tiendasamor.com\/index.php\/wp-json\/wp\/v2\/media?parent=1922"}],"wp:term":[{"taxonomy":"product_brand","embeddable":true,"href":"https:\/\/tiendasamor.com\/index.php\/wp-json\/wp\/v2\/product_brand?post=1922"},{"taxonomy":"product_cat","embeddable":true,"href":"https:\/\/tiendasamor.com\/index.php\/wp-json\/wp\/v2\/product_cat?post=1922"},{"taxonomy":"product_tag","embeddable":true,"href":"https:\/\/tiendasamor.com\/index.php\/wp-json\/wp\/v2\/product_tag?post=1922"}],"curies":[{"name":"wp","href":"https:\/\/api.w.org\/{rel}","templated":true}]}}