{"id":1913,"date":"2024-01-12T19:38:00","date_gmt":"2024-01-13T00:38:00","guid":{"rendered":"https:\/\/tiendasamor.com\/?post_type=product&#038;p=1913"},"modified":"2024-05-14T22:21:33","modified_gmt":"2024-05-15T03:21:33","slug":"semenax-90-caps","status":"publish","type":"product","link":"https:\/\/tiendasamor.com\/index.php\/producto\/semenax-90-caps\/","title":{"rendered":"Semenax 90 Caps"},"content":{"rendered":"<p><b><span>Semenax es una f\u00f3rmula poliherbal totalmente natural dise\u00f1ada para aumentar el volumen del semen<\/span><\/b><span>\u00a0.\u00a0Este producto es un complemento alimenticio que no contiene esteroides, hormonas ni aditivos qu\u00edmicos.<\/span><\/p>\n<p><span>Semenax contiene varios extractos de plantas, vitaminas, nutrientes y amino\u00e1cidos entregados en dosis \u00f3ptimas seg\u00fan investigaciones cient\u00edficas.\u00a0Las revisiones de Semenax muestran que se ha demostrado cl\u00ednicamente que muchos de estos compuestos mejoran diversos aspectos de la salud sexual masculina.<\/span><\/p>\n<p><span>Adem\u00e1s, las p\u00edldoras Semenax se sometieron a un riguroso ensayo cl\u00ednico.\u00a0Hasta donde sabemos, Semenax es el \u00fanico potenciador del volumen de semen totalmente natural en el mercado que ha sido parte de un ensayo cl\u00ednico doble ciego.\u00a0Le diremos con precisi\u00f3n lo que encontr\u00f3 ese estudio m\u00e1s adelante en esta revisi\u00f3n de Semenax.<\/span><\/p>\n<p><span>Pero ahora le haremos saber que los resultados fueron muy favorables para la eficacia de las p\u00edldoras Semenax.<\/span><\/p>\n<p>El complemento Semenax es un eficaz producto para aumentar el volumen de tu semen. Si buscas m\u00e1s cantidad de semen y mayor fertilidad Semenax es tu producto.<\/p>\n<p>Seg\u00fan el fabricante y las revisiones de Semenax, podr\u00eda:<\/p>\n<p>\u2022 Aumenta el volumen del semen<br \/>\n\u2022 Aumenta la motilidad de tus espermatozoides<br \/>\n\u2022 Obtendr\u00e1s orgasmos m\u00e1s largos e intensos<br \/>\n\u2022 Mejora la salud cardiovascular<br \/>\n\u2022 Mejora la circulaci\u00f3n de la pr\u00f3stata<br \/>\n\u2022 Recomendado por m\u00e9dicos<br \/>\nComienza a utilizar Semenax hoy mismo y disfruta de una mejor vida sexual con mejores orgasmos, mayor volumen de semen y m\u00e1s espermatozoides que te har\u00e1n m\u00e1s f\u00e9rtil.<\/p>\n","protected":false},"excerpt":{"rendered":"<p>Semenax es una f\u00f3rmula poliherbal totalmente natural dise\u00f1ada para aumentar el volumen del semen\u00a0.\u00a0Este producto es un complemento alimenticio que no contiene esteroides, hormonas ni aditivos qu\u00edmicos. Semenax contiene varios extractos de plantas, vitaminas, nutrientes y amino\u00e1cidos entregados en dosis \u00f3ptimas seg\u00fan investigaciones cient\u00edficas.\u00a0Las revisiones de Semenax muestran que se ha demostrado cl\u00ednicamente que muchos [&hellip;]<\/p>\n","protected":false},"featured_media":1915,"comment_status":"open","ping_status":"closed","template":"","meta":[],"product_brand":[],"product_cat":[39,21],"product_tag":[],"class_list":{"0":"post-1913","1":"product","2":"type-product","3":"status-publish","4":"has-post-thumbnail","6":"product_cat-desarrolladores","7":"product_cat-potencia-sexual","9":"first","10":"instock","11":"shipping-taxable","12":"purchasable","13":"product-type-simple"},"_links":{"self":[{"href":"https:\/\/tiendasamor.com\/index.php\/wp-json\/wp\/v2\/product\/1913","targetHints":{"allow":["GET"]}}],"collection":[{"href":"https:\/\/tiendasamor.com\/index.php\/wp-json\/wp\/v2\/product"}],"about":[{"href":"https:\/\/tiendasamor.com\/index.php\/wp-json\/wp\/v2\/types\/product"}],"replies":[{"embeddable":true,"href":"https:\/\/tiendasamor.com\/index.php\/wp-json\/wp\/v2\/comments?post=1913"}],"wp:featuredmedia":[{"embeddable":true,"href":"https:\/\/tiendasamor.com\/index.php\/wp-json\/wp\/v2\/media\/1915"}],"wp:attachment":[{"href":"https:\/\/tiendasamor.com\/index.php\/wp-json\/wp\/v2\/media?parent=1913"}],"wp:term":[{"taxonomy":"product_brand","embeddable":true,"href":"https:\/\/tiendasamor.com\/index.php\/wp-json\/wp\/v2\/product_brand?post=1913"},{"taxonomy":"product_cat","embeddable":true,"href":"https:\/\/tiendasamor.com\/index.php\/wp-json\/wp\/v2\/product_cat?post=1913"},{"taxonomy":"product_tag","embeddable":true,"href":"https:\/\/tiendasamor.com\/index.php\/wp-json\/wp\/v2\/product_tag?post=1913"}],"curies":[{"name":"wp","href":"https:\/\/api.w.org\/{rel}","templated":true}]}}