{"id":1910,"date":"2024-01-12T19:25:53","date_gmt":"2024-01-13T00:25:53","guid":{"rendered":"https:\/\/tiendasamor.com\/?post_type=product&#038;p=1910"},"modified":"2024-05-14T22:07:16","modified_gmt":"2024-05-15T03:07:16","slug":"vigrx-formen","status":"publish","type":"product","link":"https:\/\/tiendasamor.com\/index.php\/producto\/vigrx-formen\/","title":{"rendered":"VigRX Formen"},"content":{"rendered":"<h2 class=\"page-subtitle\">Tama\u00f1o masculino<\/h2>\n<p>Cuando se trata del tama\u00f1o, la pregunta de si importa mucho entra en juego, y esto puede llevar a muchos hombres a cuestionar sus medidas.\u00a0Alrededor de 1 de cada 5 hombres aparentemente se sienten insatisfechos de alguna manera con su tama\u00f1o y esto puede tener un efecto domin\u00f3 en muchas \u00e1reas de intimidad, incluida la confianza, ayudando a mantener una erecci\u00f3n y satisfacci\u00f3n en el dormitorio.\u00a0Para aquellos que sienten que les gustar\u00eda recibir ayuda con su dotaci\u00f3n, ahora hay muchas opciones disponibles, incluida la cirug\u00eda para aumentar la longitud y\/o la circunferencia y una gama de dispositivos que se han introducido en los \u00faltimos 10 a\u00f1os.<\/p>\n<h2 class=\"page-subtitle\">Apoyo de los estudios<\/h2>\n<p>En la mayor\u00eda de las investigaciones y estudios cl\u00ednicos, se ha observado que la longitud promedio es de 9 a 10 cm, sin embargo, cuando est\u00e1 erecto, agregar\u00eda otros 3 a 4 cm como medida promedio.\u00a0Si bien existe una variedad de t\u00e9cnicas para ayudar al menos a mejorar la apariencia del tama\u00f1o, es dif\u00edcil lograr ganancias significativas para los hombres una vez que superan la pubertad.\u00a0Existe una fuerte evidencia que sugiere que esto se debe a la reducci\u00f3n de los niveles de testosterona a medida que envejecemos.<\/p>\n<h2 class=\"page-subtitle\">\u00bfMe puede ayudar VigRX?<\/h2>\n<p>Primero, debemos recordar que VigRX es un suplemento y no una cura o cualquier forma de medicamento.\u00a0La combinaci\u00f3n de hierbas y micronutrientes cuidadosamente seleccionados se ha elaborado espec\u00edficamente para su uso beneficioso en los hombres.\u00a0Si bien no podemos decirle que VigRX podr\u00eda ayudar a aumentar el tama\u00f1o en los hombres, lo que debe considerarse significativo aqu\u00ed es que los hombres o las mujeres que compraron este producto para sus parejas continuaron compr\u00e1ndolo, por lo tanto, hay suficiente evidencia para sugerir que han estado contentos con los diferentes resultados.<\/p>\n<h2 class=\"page-subtitle\">Instrucciones de uso<\/h2>\n<p>Simplemente necesita tomar 2 c\u00e1psulas al d\u00eda con agua, idealmente una por la ma\u00f1ana con el desayuno y otra justo antes o despu\u00e9s de la cena.\u00a0Cada botella de VigRX contiene 60 c\u00e1psulas, por lo que este es el suministro de un mes.\u00a0El fabricante recomienda que lo use constantemente durante aproximadamente 3 meses para evaluar adecuadamente su rendimiento.<\/p>\n<h2 class=\"page-subtitle\">Ingredientes principales<\/h2>\n<div class=\"imgSection\">\n<div id=\"ingrSlider\" class=\"owl-carousel owl-theme ingrSlider owl-loaded\">\n<div class=\"owl-stage-outer\">\n<div class=\"owl-stage\">\n<div class=\"owl-item cloned\">\n<div class=\"item\">\n<div class=\"imgSection-block\">\n<p><img decoding=\"async\" class=\"lazyload\" title=\"imagen de Panax Ginseng\" src=\"https:\/\/www.shytobuy.uk\/assets\/shytobuy\/shytobuy.uk\/images\/icon-40812970.jpg\" alt=\"imagen de Panax Ginseng\" data-src=\"https:\/\/www.shytobuy.uk\/assets\/shytobuy\/shytobuy.uk\/images\/icon-40812970.jpg\" \/><\/p>\n<h5 class=\"imgSection-block_title\">Panax ginseng<\/h5>\n<div class=\"readall-wrapper\">\n<p class=\"imgSection-block_text readall readall-hide\">Also known as Asian or Korean Ginseng, this ingredient has been used for centuries due to its numerous benefits including for aiding boosting energy levels. There is also research that suggests that Korean Ginseng aids blood circulation in the human body, which is important for a number of reasons.\u00a0<a class=\"link\" href=\"https:\/\/pubmed.ncbi.nlm.nih.gov\/23596810\/\" target=\"_blank\" rel=\"nofollow noopener\">Find out more<\/a>.<\/p>\n<p><button class=\"dwArrow readall-button\">Read More<\/button><\/p>\n<\/div>\n<\/div>\n<\/div>\n<\/div>\n<div class=\"owl-item cloned\">\n<div class=\"item\">\n<div class=\"imgSection-block\">\n<p><img decoding=\"async\" class=\"lazyload\" title=\"imagen de L-Arginina\" src=\"https:\/\/www.shytobuy.uk\/assets\/shytobuy\/shytobuy.uk\/images\/icon-173944334.jpg\" alt=\"imagen de L-Arginina\" data-src=\"https:\/\/www.shytobuy.uk\/assets\/shytobuy\/shytobuy.uk\/images\/icon-173944334.jpg\" \/><\/p>\n<h5 class=\"imgSection-block_title\">L-Arginine<\/h5>\n<div class=\"readall-wrapper\">\n<p class=\"imgSection-block_text readall\">As a useful amino acid, L-Arginine can be very important for the body and is commonly found in male enhancement products. This is because it can help the other ingredients and give the formulas an extra natural kick.<\/p>\n<\/div>\n<\/div>\n<\/div>\n<\/div>\n<div class=\"owl-item cloned\">\n<div class=\"item\">\n<div class=\"imgSection-block\">\n<p><img decoding=\"async\" class=\"lazyload\" title=\"imagen de extracto de fenogreco\" src=\"https:\/\/www.shytobuy.uk\/assets\/shytobuy\/shytobuy.uk\/images\/icon-72212896.jpg\" alt=\"imagen de extracto de fenogreco\" data-src=\"https:\/\/www.shytobuy.uk\/assets\/shytobuy\/shytobuy.uk\/images\/icon-72212896.jpg\" \/><\/p>\n<h5 class=\"imgSection-block_title\">Fenugreek Extract<\/h5>\n<div class=\"readall-wrapper\">\n<p class=\"imgSection-block_text readall\">Traditionally Fenugreek is native to Southern Europe and Western Asia but in recent years it has spread all over the world from the demand for its many benefits. For men, it is said to be useful for male drive and desire.\u00a0<a class=\"link\" href=\"https:\/\/pubmed.ncbi.nlm.nih.gov\/21116018\/\" target=\"_blank\" rel=\"nofollow noopener\">Find out more<\/a>.<\/p>\n<\/div>\n<\/div>\n<\/div>\n<\/div>\n<div class=\"owl-item active\">\n<div class=\"item\">\n<div class=\"imgSection-block\">\n<p><img decoding=\"async\" class=\"lazyload\" title=\"imagen de zinc\" src=\"https:\/\/www.shytobuy.uk\/assets\/shytobuy\/shytobuy.uk\/images\/icon-451372456.jpg\" alt=\"imagen de zinc\" data-src=\"https:\/\/www.shytobuy.uk\/assets\/shytobuy\/shytobuy.uk\/images\/icon-451372456.jpg\" \/><\/p>\n<h5 class=\"imgSection-block_title\">Zinc<\/h5>\n<div class=\"readall-wrapper\">\n<p class=\"imgSection-block_text readall\">Como mineral muy \u00fatil para los hombres, el zinc aspira a ayudar al mantenimiento de los niveles normales de testosterona en la sangre.\u00a0Tambi\u00e9n puede apoyar la fertilidad normal, la reproducci\u00f3n y el metabolismo normal de macronutrientes para proteger las c\u00e9lulas del estr\u00e9s oxidativo.<\/p>\n<\/div>\n<\/div>\n<\/div>\n<\/div>\n<div class=\"owl-item active\">\n<div class=\"item\">\n<div class=\"imgSection-block\">\n<p><img decoding=\"async\" class=\"lazyload\" title=\"imagen de ginkgo biloba\" src=\"https:\/\/www.shytobuy.uk\/assets\/shytobuy\/shytobuy.uk\/images\/pro-531542383.jpg\" alt=\"imagen de ginkgo biloba\" data-src=\"https:\/\/www.shytobuy.uk\/assets\/shytobuy\/shytobuy.uk\/images\/pro-531542383.jpg\" \/><\/p>\n<h5 class=\"imgSection-block_title\">Ginkgo biloba<\/h5>\n<div class=\"readall-wrapper\">\n<p class=\"imgSection-block_text readall\">El \u00e1rbol Ginkgo Biloba puede vivir hasta los 1.000 a\u00f1os y, por lo tanto, es una de las especies arb\u00f3reas vivas m\u00e1s antiguas.\u00a0Los cient\u00edficos han encontrado m\u00e1s de 40 componentes dentro de Ginkgo Biloba.\u00a0Recientemente se han realizado estudios sobre el ginkgo y la circulaci\u00f3n sangu\u00ednea y c\u00f3mo puede ayudar al abrir los vasos sangu\u00edneos y hacer que la sangre sea menos pegajosa.<\/p>\n<p><button class=\"readall-button upArrow\">Leer menos<\/button><\/p>\n<\/div>\n<\/div>\n<\/div>\n<\/div>\n<div class=\"owl-item active\">\n<div class=\"item\">\n<div class=\"imgSection-block\">\n<p><img decoding=\"async\" class=\"lazyload\" title=\"imagen de maca\" src=\"https:\/\/www.shytobuy.uk\/assets\/shytobuy\/shytobuy.uk\/images\/icon-455970481.jpg\" alt=\"imagen de maca\" data-src=\"https:\/\/www.shytobuy.uk\/assets\/shytobuy\/shytobuy.uk\/images\/icon-455970481.jpg\" \/><\/p>\n<h5 class=\"imgSection-block_title\">maca<\/h5>\n<div class=\"readall-wrapper\">\n<p class=\"imgSection-block_text readall\">Originaria de la Cordillera de los Andes, la maca es un ingrediente que se ha utilizado desde la antig\u00fcedad.\u00a0Para los tiempos modernos, la Maca ha sido estudiada en cuanto a su contribuci\u00f3n hacia el deseo en los hombres.\u00a0Cuando est\u00e1 estresado o bajo presi\u00f3n, el deseo puede disminuir, por lo que puede ser un factor clave para mejorar el rendimiento de muchos hombres.\u00a0Para obtener m\u00e1s informaci\u00f3n sobre este estudio<\/p>\n<ul class=\"bluetick\">\n<li>Suplementos potenciadores masculinos para energ\u00eda y resistencia<\/li>\n<li>desarrollo del pene largo y grueso<\/li>\n<li>elimina eyaculaci\u00f3n precoz e impotencia<\/li>\n<li>eleva los niveles de testosterona<\/li>\n<li>Contribuye a\u00a0<b>los niveles normales de T en hombres<\/b><\/li>\n<li><b>Formulaci\u00f3n natural multinutriente<\/b>\u00a0integral<b><\/b><\/li>\n<li>Perfecto para la resistencia y el placer masculino.<\/li>\n<li>Ginseng coreano para impulso y virilidad<\/li>\n<li>Dise\u00f1o para hombres de todas las edades<\/li>\n<li>sin efectos secundarios conocidos<\/li>\n<\/ul>\n<\/div>\n<\/div>\n<\/div>\n<\/div>\n<\/div>\n<\/div>\n<\/div>\n<\/div>\n","protected":false},"excerpt":{"rendered":"<p>Tama\u00f1o masculino Cuando se trata del tama\u00f1o, la pregunta de si importa mucho entra en juego, y esto puede llevar a muchos hombres a cuestionar sus medidas.\u00a0Alrededor de 1 de cada 5 hombres aparentemente se sienten insatisfechos de alguna manera con su tama\u00f1o y esto puede tener un efecto domin\u00f3 en muchas \u00e1reas de intimidad, [&hellip;]<\/p>\n","protected":false},"featured_media":1911,"comment_status":"open","ping_status":"closed","template":"","meta":[],"product_brand":[],"product_cat":[39,21],"product_tag":[],"class_list":{"0":"post-1910","1":"product","2":"type-product","3":"status-publish","4":"has-post-thumbnail","6":"product_cat-desarrolladores","7":"product_cat-potencia-sexual","9":"first","10":"instock","11":"featured","12":"shipping-taxable","13":"purchasable","14":"product-type-simple"},"_links":{"self":[{"href":"https:\/\/tiendasamor.com\/index.php\/wp-json\/wp\/v2\/product\/1910","targetHints":{"allow":["GET"]}}],"collection":[{"href":"https:\/\/tiendasamor.com\/index.php\/wp-json\/wp\/v2\/product"}],"about":[{"href":"https:\/\/tiendasamor.com\/index.php\/wp-json\/wp\/v2\/types\/product"}],"replies":[{"embeddable":true,"href":"https:\/\/tiendasamor.com\/index.php\/wp-json\/wp\/v2\/comments?post=1910"}],"wp:featuredmedia":[{"embeddable":true,"href":"https:\/\/tiendasamor.com\/index.php\/wp-json\/wp\/v2\/media\/1911"}],"wp:attachment":[{"href":"https:\/\/tiendasamor.com\/index.php\/wp-json\/wp\/v2\/media?parent=1910"}],"wp:term":[{"taxonomy":"product_brand","embeddable":true,"href":"https:\/\/tiendasamor.com\/index.php\/wp-json\/wp\/v2\/product_brand?post=1910"},{"taxonomy":"product_cat","embeddable":true,"href":"https:\/\/tiendasamor.com\/index.php\/wp-json\/wp\/v2\/product_cat?post=1910"},{"taxonomy":"product_tag","embeddable":true,"href":"https:\/\/tiendasamor.com\/index.php\/wp-json\/wp\/v2\/product_tag?post=1910"}],"curies":[{"name":"wp","href":"https:\/\/api.w.org\/{rel}","templated":true}]}}