{"id":1907,"date":"2024-01-12T19:07:03","date_gmt":"2024-01-13T00:07:03","guid":{"rendered":"https:\/\/tiendasamor.com\/?post_type=product&#038;p=1907"},"modified":"2024-05-14T19:36:25","modified_gmt":"2024-05-15T00:36:25","slug":"golden-man-volume-pills","status":"publish","type":"product","link":"https:\/\/tiendasamor.com\/index.php\/producto\/golden-man-volume-pills\/","title":{"rendered":"Golden Man Volume Pills"},"content":{"rendered":"<p>Golden Man Volume Pills Original, Mejora tu Autoestima vitalidad energia y confianza con tu pareja con este suplemento dietario\u00a0 a vase de ingredientes 100% Naturales.<\/p>\n<p>L-Arginina, ginseng, magnesio, guarana, ginkgo biloba, vitaminaB3, vitaminaE, vitaminaB6, zinc, raiz de maca,bioperine, tribulus terrestris, estracto de fenugreek<\/p>\n<p>Es Recomendable utilizar GOLDEN MAN en presencia de tales hechos como:<\/p>\n<ul>\n<li>Una erecci\u00f3n d\u00e9bil y de corto plazo;<\/li>\n<li>Baja viabilidad y motilidad (movilidad) esperm\u00e1tica;<\/li>\n<li>Tama\u00f1o peque\u00f1o del pene;<\/li>\n<li>Incomodidad psicol\u00f3gica causada por problemas sexuales masculinos;<\/li>\n<li>Disminuci\u00f3n de la sensibilidad durante el sexo<\/li>\n<li>Libido bajo causado por los trastornos anteriores, de naturaleza f\u00edsica o psicol\u00f3gica;<\/li>\n<li>Insatisfacci\u00f3n de su pareja.<\/li>\n<li>\n<div class=\"title_block\"><strong>Beneficios<\/strong><\/div>\n<div class=\"block_benefits__list\">\n<div class=\"block_benefits__item\">\n<figure><img decoding=\"async\" src=\"https:\/\/www.oficialtitangel.com\/images\/benefits\/ben1.png\" alt=\"\" \/><\/figure>\n<p>Activa la circulaci\u00f3n sangu\u00ednea (PubMed, Theriogenology. 1997 Oct 15; 48 (6): 1061-9.) dentro de los cuerpos cavernosos del pene; como resultado, proporcionan una erecci\u00f3n completa a largo plazo;<\/p>\n<\/div>\n<div class=\"block_benefits__item\">\n<figure><img decoding=\"async\" src=\"https:\/\/www.oficialtitangel.com\/images\/benefits\/ben2.png\" alt=\"\" \/><\/figure>\n<p>Contribuye a la mejora de la conducci\u00f3n nerviosa en el \u00e1rea genital, por lo que la excitaci\u00f3n sexual ocurre r\u00e1pidamente;<\/p>\n<\/div>\n<div class=\"block_benefits__item\">\n<figure><img decoding=\"async\" src=\"https:\/\/www.oficialtitangel.com\/images\/benefits\/ben3.png\" alt=\"\" \/><\/figure>\n<p>Aumenta la producci\u00f3n de testosterona, que es la responsable de la potencia masculina en general;<\/p>\n<\/div>\n<div class=\"block_benefits__item\">\n<figure><img decoding=\"async\" src=\"https:\/\/www.oficialtitangel.com\/images\/benefits\/ben4.png\" alt=\"\" \/><\/figure>\n<p>Proporciona una viabilidad mejorada de la esperma;<\/p>\n<\/div>\n<div class=\"block_benefits__item\">\n<figure><img decoding=\"async\" src=\"https:\/\/www.oficialtitangel.com\/images\/benefits\/ben5.png\" alt=\"\" \/><\/figure>\n<p>NO!Afecta la capacidad de fertilizaci\u00f3n del l\u00edquido seminal;<\/p>\n<\/div>\n<div class=\"block_benefits__item\">\n<figure><img decoding=\"async\" src=\"https:\/\/www.oficialtitangel.com\/images\/benefits\/ben6.png\" alt=\"\" \/><\/figure>\n<p>Permite mejorar los par\u00e1metros b\u00e1sicos del pene, su circunferencia y su tama\u00f1o;<\/p>\n<\/div>\n<div class=\"block_benefits__item\">\n<figure><img decoding=\"async\" src=\"https:\/\/www.oficialtitangel.com\/images\/benefits\/ben7.png\" alt=\"\" \/><\/figure>\n<p>Aumenta la duraci\u00f3n de las relaciones sexuales, as\u00ed como la agudeza sensorial durante el mismo;<\/p>\n<\/div>\n<div class=\"block_benefits__item\">\n<figure><img decoding=\"async\" src=\"https:\/\/www.oficialtitangel.com\/images\/benefits\/ben8.png\" alt=\"\" \/><\/figure>\n<p>Previene el desarrollo de la congesti\u00f3n p\u00e9lvica, que es especialmente importante para los hombres con un estilo de vida sedentario y con una gran pred<\/p>\n<ul class=\"banner_ul\">\n<li>Solo crecimiento natural<\/li>\n<li>Mejora los niveles de testosterona<\/li>\n<li>Incrementa el volumens del espermatozoides<\/li>\n<li><i class=\"icon icon3\"><\/i>Sexo hasta 3 veces mas durable<\/li>\n<li><i class=\"icon icon4\"><\/i>Mejora la calidad de las erecciones<\/li>\n<li><i class=\"icon icon5\"><\/i>Aumenta la libido<\/li>\n<li><i class=\"icon icon6\"><\/i>Tiene un efecto positivo para la pr\u00f3stata<\/li>\n<li><i class=\"icon icon7\"><\/i>Aumento del pene de 5 a 7 cm<\/li>\n<li><i class=\"icon icon8\"><\/i>Aprobado por las estrellas porno<\/li>\n<li><\/li>\n<li>\n<div class=\"h3 font_ar\">\u201cGolden Man\u201d \u2013 \u00a1garant\u00eda de poderosas erecciones y de un fuerte impulso sexual!<\/div>\n<p class=\"select_no\">\u201cGolden Man\u201d es un remedio dise\u00f1ado para mejorar el vigor sexual, aumentar la duraci\u00f3n de las relaciones sexuales y elevar la autoestima y el amor propio natural.<\/p>\n<div class=\"block_text_content clearfix\">\n<div class=\"foto_left\"><img decoding=\"async\" src=\"https:\/\/www.oficialtitangel.com\/images\/work6.jpg\" alt=\"\" \/><\/div>\n<p class=\"select_no\">Los componentes especiales del preparado son indicadores y factores importantes para una erecci\u00f3n m\u00e1s fuerte y una mayor duraci\u00f3n de la misma. Con el uso seguro del Golden Man, puede sorprender a cualquier mujer no solo con su tama\u00f1o del pene ampliado, sino tambi\u00e9n con su propia capacidad para controlar sus erecciones.<\/p>\n<p class=\"select_no\">Adem\u00e1s, la pastillas ayuda a retrasar la eyaculaci\u00f3n, lo que le permite controlar las relaciones sexuales. Esto te ayudar\u00e1 a aumentar la duraci\u00f3n del sexo y te permitir\u00e1 entregar el m\u00e1ximo placer a tu mujer en la cama.<\/p>\n<\/div>\n<div class=\"block_text_content clearfix\">\n<div class=\"foto_right\"><img decoding=\"async\" src=\"https:\/\/www.oficialtitangel.com\/images\/work7.jpg\" alt=\"\" \/><\/div>\n<p class=\"select_no\">Tal habilidad le permitir\u00e1 aumentar su autoestima de manera r\u00e1pida y positivamente cualitativa, le convertir\u00e1 en un amante \u00fanico, un hombre seguro de s\u00ed mismo y le dar\u00e1 una sensaci\u00f3n de autoestima y autosuficiencia.<\/p>\n<p class=\"select_no\">Estas pastillas mejora la erecci\u00f3n por lo menos 2 veces. La sensibilidad del pene se vuelve m\u00e1s alta y de mayor calidad. Esto te ayuda a divertirte a\u00fan m\u00e1s y disfrutar mas en la cama.<\/p>\n<p class=\"select_no\">\u201cGolden Man\u201d no solo aumenta el tama\u00f1o del pene. La composici\u00f3n especial del Golden Man ayuda a actualizar por completo la composici\u00f3n celular de los tejidos del pene, los fortalece y les proporciona un tono sano a todos los m\u00fasculos. Esto fortalece la erecci\u00f3n y te ayuda a controlar tu eyaculaci\u00f3n.<\/p>\n<p>Golden Man es un Tratamiento 100% natural elaborado en los Estados Unidos USA On America<\/p>\n<p>Golden Man esta preparado para todos los organismos, no tiene efectos secundarios !<\/p>\n<h1 class=\"promo__title\">C\u00f3mo agrand\u00e9 mi pene usando el m\u00e9todo de las estrellas porno<\/h1>\n<div class=\"promo__img-wrapper\"><a href=\"https:\/\/pe1.doctoruday.com\/l?sub1=opdNbNHNZXHNNZHNLM4W5HU2S0U1zutrqquunpdNVLXVK5009TpqbnTupldK6d09M0rqLJbJ5aqXUXUV01TOouorpqrdK6Z0rpXSuldQ6V0rpnV1U013bbTa7T2UR1S10TTS3TSy1VV1T2Wu2z4tmnr3u42s4om0p3urtolppz3rnonldK5SO9twlj3K5zpXSuldK6V0rpXU0VUWXVuldNXdbdbRVPa6ymjeiXO2yqWzXbSWeymbeXPXPbenWm7ZwfY-&amp;sub2=6100906#form\"><img decoding=\"async\" class=\"promo__img\" src=\"https:\/\/static.introphin.com\/pages\/36e693b0-0e3d-4e12-8e54-396d45b1a4c3\/img\/main-img01.jpg\" alt=\"\" \/><\/a><\/div>\n<\/div>\n<\/li>\n<\/ul>\n<\/div>\n<\/div>\n<\/li>\n<\/ul>\n","protected":false},"excerpt":{"rendered":"<p>Golden Man Volume Pills Original, Mejora tu Autoestima vitalidad energia y confianza con tu pareja con este suplemento dietario\u00a0 a vase de ingredientes 100% Naturales. L-Arginina, ginseng, magnesio, guarana, ginkgo biloba, vitaminaB3, vitaminaE, vitaminaB6, zinc, raiz de maca,bioperine, tribulus terrestris, estracto de fenugreek Es Recomendable utilizar GOLDEN MAN en presencia de tales hechos como: Una [&hellip;]<\/p>\n","protected":false},"featured_media":1908,"comment_status":"open","ping_status":"closed","template":"","meta":[],"product_brand":[],"product_cat":[39,21],"product_tag":[],"class_list":{"0":"post-1907","1":"product","2":"type-product","3":"status-publish","4":"has-post-thumbnail","6":"product_cat-desarrolladores","7":"product_cat-potencia-sexual","9":"first","10":"instock","11":"featured","12":"shipping-taxable","13":"purchasable","14":"product-type-simple"},"_links":{"self":[{"href":"https:\/\/tiendasamor.com\/index.php\/wp-json\/wp\/v2\/product\/1907","targetHints":{"allow":["GET"]}}],"collection":[{"href":"https:\/\/tiendasamor.com\/index.php\/wp-json\/wp\/v2\/product"}],"about":[{"href":"https:\/\/tiendasamor.com\/index.php\/wp-json\/wp\/v2\/types\/product"}],"replies":[{"embeddable":true,"href":"https:\/\/tiendasamor.com\/index.php\/wp-json\/wp\/v2\/comments?post=1907"}],"wp:featuredmedia":[{"embeddable":true,"href":"https:\/\/tiendasamor.com\/index.php\/wp-json\/wp\/v2\/media\/1908"}],"wp:attachment":[{"href":"https:\/\/tiendasamor.com\/index.php\/wp-json\/wp\/v2\/media?parent=1907"}],"wp:term":[{"taxonomy":"product_brand","embeddable":true,"href":"https:\/\/tiendasamor.com\/index.php\/wp-json\/wp\/v2\/product_brand?post=1907"},{"taxonomy":"product_cat","embeddable":true,"href":"https:\/\/tiendasamor.com\/index.php\/wp-json\/wp\/v2\/product_cat?post=1907"},{"taxonomy":"product_tag","embeddable":true,"href":"https:\/\/tiendasamor.com\/index.php\/wp-json\/wp\/v2\/product_tag?post=1907"}],"curies":[{"name":"wp","href":"https:\/\/api.w.org\/{rel}","templated":true}]}}