{"id":1886,"date":"2024-01-12T16:23:30","date_gmt":"2024-01-12T21:23:30","guid":{"rendered":"https:\/\/tiendasamor.com\/?post_type=product&#038;p=1886"},"modified":"2024-05-14T22:16:04","modified_gmt":"2024-05-15T03:16:04","slug":"passion-pump-men-automatic","status":"publish","type":"product","link":"https:\/\/tiendasamor.com\/index.php\/producto\/passion-pump-men-automatic\/","title":{"rendered":"Passion Pump Men Automatic"},"content":{"rendered":"<div class=\"cxmmr5t8 oygrvhab hcukyx3x c1et5uql o9v6fnle ii04i59q\">\n<div dir=\"auto\">Agrandamiento del pene: la bomba para el pene est\u00e1 dise\u00f1ada para generar succi\u00f3n al vac\u00edo, lo que promueve que la sangre llene el cuerpo cavernoso repetidamente, promoviendo as\u00ed la erecci\u00f3n del pene.<\/div>\n<div dir=\"auto\">5 intensidades de succi\u00f3n: hay 5 niveles de presi\u00f3n disponibles para selecci\u00f3n y entrenamiento.<\/div>\n<div dir=\"auto\">Puede avanzar hasta la succi\u00f3n m\u00e1s intensa para lograr la satisfacci\u00f3n deseada.<\/div>\n<div dir=\"auto\">Prolongando el tiempo de las relaciones sexuales: aumente la resistencia y extienda la intimidad con un pene m\u00e1s firme, la bomba de vac\u00edo para pene se puede utilizar como preludio al sexo, para que su vida sexual sea lo m\u00e1s perfecta posible.<\/div>\n<div dir=\"auto\">Material respetuoso con la piel: hecho de silicona m\u00e9dica de primera calidad con ABS, que es respetuoso con la piel.<\/div>\n<div dir=\"auto\">Sin efectos secundarios.<\/div>\n<div dir=\"auto\">F\u00e1cil de usar: v\u00e1lvula de subida\/bajada de presi\u00f3n\/liberaci\u00f3n, f\u00e1cil operaci\u00f3n.<\/div>\n<div dir=\"auto\">\u00a0Bomba de pene autom\u00e1tica avanzada dise\u00f1ada para generar succi\u00f3n y liberar presi\u00f3n de manera efectiva.<\/div>\n<div dir=\"auto\"><\/div>\n<\/div>\n<div class=\"cxmmr5t8 oygrvhab hcukyx3x c1et5uql o9v6fnle ii04i59q\">\n<div dir=\"auto\"><\/div>\n<\/div>\n","protected":false},"excerpt":{"rendered":"<p>Agrandamiento del pene: la bomba para el pene est\u00e1 dise\u00f1ada para generar succi\u00f3n al vac\u00edo, lo que promueve que la sangre llene el cuerpo cavernoso repetidamente, promoviendo as\u00ed la erecci\u00f3n del pene. 5 intensidades de succi\u00f3n: hay 5 niveles de presi\u00f3n disponibles para selecci\u00f3n y entrenamiento. Puede avanzar hasta la succi\u00f3n m\u00e1s intensa para lograr [&hellip;]<\/p>\n","protected":false},"featured_media":1894,"comment_status":"open","ping_status":"closed","template":"","meta":[],"product_brand":[],"product_cat":[38,39],"product_tag":[],"class_list":{"0":"post-1886","1":"product","2":"type-product","3":"status-publish","4":"has-post-thumbnail","6":"product_cat-bomba-de-succion","7":"product_cat-desarrolladores","9":"first","10":"instock","11":"shipping-taxable","12":"purchasable","13":"product-type-simple"},"_links":{"self":[{"href":"https:\/\/tiendasamor.com\/index.php\/wp-json\/wp\/v2\/product\/1886","targetHints":{"allow":["GET"]}}],"collection":[{"href":"https:\/\/tiendasamor.com\/index.php\/wp-json\/wp\/v2\/product"}],"about":[{"href":"https:\/\/tiendasamor.com\/index.php\/wp-json\/wp\/v2\/types\/product"}],"replies":[{"embeddable":true,"href":"https:\/\/tiendasamor.com\/index.php\/wp-json\/wp\/v2\/comments?post=1886"}],"wp:featuredmedia":[{"embeddable":true,"href":"https:\/\/tiendasamor.com\/index.php\/wp-json\/wp\/v2\/media\/1894"}],"wp:attachment":[{"href":"https:\/\/tiendasamor.com\/index.php\/wp-json\/wp\/v2\/media?parent=1886"}],"wp:term":[{"taxonomy":"product_brand","embeddable":true,"href":"https:\/\/tiendasamor.com\/index.php\/wp-json\/wp\/v2\/product_brand?post=1886"},{"taxonomy":"product_cat","embeddable":true,"href":"https:\/\/tiendasamor.com\/index.php\/wp-json\/wp\/v2\/product_cat?post=1886"},{"taxonomy":"product_tag","embeddable":true,"href":"https:\/\/tiendasamor.com\/index.php\/wp-json\/wp\/v2\/product_tag?post=1886"}],"curies":[{"name":"wp","href":"https:\/\/api.w.org\/{rel}","templated":true}]}}