{"id":1876,"date":"2024-01-12T15:26:13","date_gmt":"2024-01-12T20:26:13","guid":{"rendered":"https:\/\/tiendasamor.com\/?post_type=product&#038;p=1876"},"modified":"2024-01-12T15:27:33","modified_gmt":"2024-01-12T20:27:33","slug":"passion-pump-automatica","status":"publish","type":"product","link":"https:\/\/tiendasamor.com\/index.php\/producto\/passion-pump-automatica\/","title":{"rendered":"Passion Pump Automatica"},"content":{"rendered":"<p>Bomba electr\u00f3nica autom\u00e1tica para hombres, que puede hacer que el pene sea m\u00e1s grueso, m\u00e1s largo y m\u00e1s fuerte. Hecho de material m\u00e9dico superior, ecol\u00f3gico, sin olor, seguro y no t\u00f3xico, sin efectos secundarios en el cuerpo.<\/p>\n<p>Promueve la circulaci\u00f3n sangu\u00ednea, ayuda a alargar el pene y a una erecci\u00f3n r\u00e1pida.La escala clara en el tubo transparente te ayuda a controlar el crecimiento de tu pene cuando utilizas esta bomba extensora de pene.<\/p>\n<p>Con pantalla LCD muestra el valor de presi\u00f3n, la capacidad de la bater\u00eda y el tiempo de uso.Succi\u00f3n autom\u00e1tica de la bomba, que puede liberar completamente sus manos, muy f\u00e1cil de usar, y soporta 4 velocidades de succi\u00f3n para satisfacer sus necesidades de uso.<\/p>\n<p>Tubo de aire extra\u00edble para una f\u00e1cil limpieza, asegurando la total comodidad de uso e higiene.<\/p>\n<div class=\"elementor-element elementor-element-9e5276b wd-single-short-desc text-left elementor-widget elementor-widget-wd_single_product_short_description\" data-id=\"9e5276b\" data-element_type=\"widget\" data-widget_type=\"wd_single_product_short_description.default\">\n<div class=\"elementor-widget-container\">\n<div class=\"woocommerce-product-details__short-description\">\n<ul>\n<li>Tipo de ampliaci\u00f3n: Ampliaci\u00f3n autom\u00e1tica del pene de vac\u00edo el\u00e9ctrico<\/li>\n<li>Materia: TPR m\u00e9dico + ABS<\/li>\n<li>Color :negro<\/li>\n<li>Bater\u00eda: carga USB<\/li>\n<li>4 Niveles de succi\u00f3n.<\/li>\n<\/ul>\n<\/div>\n<\/div>\n<\/div>\n","protected":false},"excerpt":{"rendered":"<p>Bomba electr\u00f3nica autom\u00e1tica para hombres, que puede hacer que el pene sea m\u00e1s grueso, m\u00e1s largo y m\u00e1s fuerte. Hecho de material m\u00e9dico superior, ecol\u00f3gico, sin olor, seguro y no t\u00f3xico, sin efectos secundarios en el cuerpo. Promueve la circulaci\u00f3n sangu\u00ednea, ayuda a alargar el pene y a una erecci\u00f3n r\u00e1pida.La escala clara en el [&hellip;]<\/p>\n","protected":false},"featured_media":1878,"comment_status":"open","ping_status":"closed","template":"","meta":[],"product_brand":[],"product_cat":[38,39],"product_tag":[],"class_list":{"0":"post-1876","1":"product","2":"type-product","3":"status-publish","4":"has-post-thumbnail","6":"product_cat-bomba-de-succion","7":"product_cat-desarrolladores","9":"first","10":"instock","11":"shipping-taxable","12":"purchasable","13":"product-type-simple"},"_links":{"self":[{"href":"https:\/\/tiendasamor.com\/index.php\/wp-json\/wp\/v2\/product\/1876","targetHints":{"allow":["GET"]}}],"collection":[{"href":"https:\/\/tiendasamor.com\/index.php\/wp-json\/wp\/v2\/product"}],"about":[{"href":"https:\/\/tiendasamor.com\/index.php\/wp-json\/wp\/v2\/types\/product"}],"replies":[{"embeddable":true,"href":"https:\/\/tiendasamor.com\/index.php\/wp-json\/wp\/v2\/comments?post=1876"}],"wp:featuredmedia":[{"embeddable":true,"href":"https:\/\/tiendasamor.com\/index.php\/wp-json\/wp\/v2\/media\/1878"}],"wp:attachment":[{"href":"https:\/\/tiendasamor.com\/index.php\/wp-json\/wp\/v2\/media?parent=1876"}],"wp:term":[{"taxonomy":"product_brand","embeddable":true,"href":"https:\/\/tiendasamor.com\/index.php\/wp-json\/wp\/v2\/product_brand?post=1876"},{"taxonomy":"product_cat","embeddable":true,"href":"https:\/\/tiendasamor.com\/index.php\/wp-json\/wp\/v2\/product_cat?post=1876"},{"taxonomy":"product_tag","embeddable":true,"href":"https:\/\/tiendasamor.com\/index.php\/wp-json\/wp\/v2\/product_tag?post=1876"}],"curies":[{"name":"wp","href":"https:\/\/api.w.org\/{rel}","templated":true}]}}