{"id":1868,"date":"2024-01-12T14:06:25","date_gmt":"2024-01-12T19:06:25","guid":{"rendered":"https:\/\/tiendasamor.com\/?post_type=product&#038;p=1868"},"modified":"2024-01-12T14:06:25","modified_gmt":"2024-01-12T19:06:25","slug":"bathmate-hydromax-7","status":"publish","type":"product","link":"https:\/\/tiendasamor.com\/index.php\/producto\/bathmate-hydromax-7\/","title":{"rendered":"Bathmate Hydromax 7"},"content":{"rendered":"<p>Las bombas Bathmate, son dispositivos para la salud integral del pene.\u00a0Hydromax 7 es la pr\u00f3xima generaci\u00f3n de hidro-bombas para agrandar el pene y su glande. Fue desarrollado en base a la hidro-bomba\u00a0original\u00a0Bathmate Hydro, pero con una nueva bomba de fuelle y v\u00e1lvula que produce 35% m\u00e1s poder.<\/p>\n<p>Hydromax 7 genera un crecimiento superior con mayor seguridad y comodidad. El uso peri\u00f3dico de la bomba mantiene el pene en un estado \u00f3ptimo para lograr erecciones m\u00e1s firmes y duraderas, mejorando el placer sexual.\u00a0Para lograr la succi\u00f3n \u00f3ptima y mejores resultados, es importante elegir la\u00a0<strong>talla correcta<\/strong>.<\/p>\n<h5>Caracter\u00edsticas<\/h5>\n<ul>\n<li>Tama\u00f1o \u00fanico: Apto para penes erectos entre 13 y 17 cm.<\/li>\n<li>Dimensiones de bomba: Largo interior\u00a021 cm.<\/li>\n<li>Di\u00e1metro: 6 cm.<\/li>\n<li>Circunferencia: 20 cm.<\/li>\n<li>v\u00e1lvula de cierre \u201csuper flow\u201d, permite realizar el llenado con una mano bajo la ducha.<\/li>\n<li>Texturas superior e inferior en el tubo para mejorar el agarre y el control.<\/li>\n<li><strong>Revisa su modo de uso\u00a0<a href=\"https:\/\/www.youtube.com\/watch?v=hHmOjrmGSfg\" target=\"_blank\" rel=\"noopener\">aqu\u00ed<\/a><\/strong><\/li>\n<\/ul>\n","protected":false},"excerpt":{"rendered":"<p>Las bombas Bathmate, son dispositivos para la salud integral del pene.\u00a0Hydromax 7 es la pr\u00f3xima generaci\u00f3n de hidro-bombas para agrandar el pene y su glande. Fue desarrollado en base a la hidro-bomba\u00a0original\u00a0Bathmate Hydro, pero con una nueva bomba de fuelle y v\u00e1lvula que produce 35% m\u00e1s poder. Hydromax 7 genera un crecimiento superior con mayor [&hellip;]<\/p>\n","protected":false},"featured_media":1869,"comment_status":"open","ping_status":"closed","template":"","meta":[],"product_brand":[],"product_cat":[38,39],"product_tag":[],"class_list":{"0":"post-1868","1":"product","2":"type-product","3":"status-publish","4":"has-post-thumbnail","6":"product_cat-bomba-de-succion","7":"product_cat-desarrolladores","9":"first","10":"instock","11":"shipping-taxable","12":"purchasable","13":"product-type-simple"},"_links":{"self":[{"href":"https:\/\/tiendasamor.com\/index.php\/wp-json\/wp\/v2\/product\/1868","targetHints":{"allow":["GET"]}}],"collection":[{"href":"https:\/\/tiendasamor.com\/index.php\/wp-json\/wp\/v2\/product"}],"about":[{"href":"https:\/\/tiendasamor.com\/index.php\/wp-json\/wp\/v2\/types\/product"}],"replies":[{"embeddable":true,"href":"https:\/\/tiendasamor.com\/index.php\/wp-json\/wp\/v2\/comments?post=1868"}],"wp:featuredmedia":[{"embeddable":true,"href":"https:\/\/tiendasamor.com\/index.php\/wp-json\/wp\/v2\/media\/1869"}],"wp:attachment":[{"href":"https:\/\/tiendasamor.com\/index.php\/wp-json\/wp\/v2\/media?parent=1868"}],"wp:term":[{"taxonomy":"product_brand","embeddable":true,"href":"https:\/\/tiendasamor.com\/index.php\/wp-json\/wp\/v2\/product_brand?post=1868"},{"taxonomy":"product_cat","embeddable":true,"href":"https:\/\/tiendasamor.com\/index.php\/wp-json\/wp\/v2\/product_cat?post=1868"},{"taxonomy":"product_tag","embeddable":true,"href":"https:\/\/tiendasamor.com\/index.php\/wp-json\/wp\/v2\/product_tag?post=1868"}],"curies":[{"name":"wp","href":"https:\/\/api.w.org\/{rel}","templated":true}]}}