{"id":1847,"date":"2024-01-12T13:03:11","date_gmt":"2024-01-12T18:03:11","guid":{"rendered":"https:\/\/tiendasamor.com\/?post_type=product&#038;p=1847"},"modified":"2024-05-14T22:06:06","modified_gmt":"2024-05-15T03:06:06","slug":"vigaplus-potencia-sexual","status":"publish","type":"product","link":"https:\/\/tiendasamor.com\/index.php\/producto\/vigaplus-potencia-sexual\/","title":{"rendered":"VigaPlus\u2122 Potencia Sexual"},"content":{"rendered":"<p class=\"p_one\">\u00abVigaPlus\u2122 impacta a la comunidad m\u00e9dica con resultados mejores y m\u00e1s duraderos en comparaci\u00f3n con otros productos para la disfunci\u00f3n er\u00e9ctil en la industria farmac\u00e9utica\u00bb<\/p>\n<div class=\"viga_work\">\n<div class=\"viga_work_box\">\n<p>VigaPlus funciona de la misma manera que otras pastillas para la disfunci\u00f3n er\u00e9ctil y medicamentos para la impotencia, como Viagra, Cialis y Levitra.\u00a0Sin embargo, a diferencia de estos medicamentos para la impotencia, que est\u00e1n llenos de sustancias qu\u00edmicas potentes y pueden causar efectos secundarios, VigaPlus es un tratamiento para la impotencia y el realce masculino totalmente natural y sin efectos secundarios.\u00a0Este \u201cViagra natural\u201d funciona aumentando el \u00f3xido n\u00edtrico en la sangre, lo que conduce a la vasodilataci\u00f3n de las arterias del pene.<\/p>\n<p>VigaPlus.\u00a0Es completamente natural y no tiene efectos secundarios da\u00f1inos.\u00a0\u00a1Su tasa de \u00e9xito ha sido confirmada por miles de clientes satisfechos en todo el mundo!<\/p>\n<p>\u00bfQu\u00e9 resultados puedo esperar?<\/p>\n<p>VigaPlus\u2122 te dar\u00e1 erecciones instant\u00e1neas, trabajando en 30 minutos como mucho.<br \/>\nComparados con otras alternativas farmace\u00faticas, VigaPlus\u2122 destaca por las siguientes ventajas:<\/p>\n<p>Promueve la funci\u00f3n er\u00e9ctil del pene con erecciones m\u00e1s firmes y duras<\/p>\n<p>Intensifica tu libido y apetito por el placer sexual.<\/p>\n<p>Fortalece tu resistencia sexual.<\/p>\n<p>Frasco de 30 pastillas<\/p>\n<p class=\"head_one\">VigaPlus\u2122 es recomendado por m\u00e9dicos<\/p>\n<\/div>\n<\/div>\n","protected":false},"excerpt":{"rendered":"<p>\u00abVigaPlus\u2122 impacta a la comunidad m\u00e9dica con resultados mejores y m\u00e1s duraderos en comparaci\u00f3n con otros productos para la disfunci\u00f3n er\u00e9ctil en la industria farmac\u00e9utica\u00bb VigaPlus funciona de la misma manera que otras pastillas para la disfunci\u00f3n er\u00e9ctil y medicamentos para la impotencia, como Viagra, Cialis y Levitra.\u00a0Sin embargo, a diferencia de estos medicamentos para [&hellip;]<\/p>\n","protected":false},"featured_media":1848,"comment_status":"open","ping_status":"closed","template":"","meta":[],"product_brand":[],"product_cat":[39,21],"product_tag":[],"class_list":{"0":"post-1847","1":"product","2":"type-product","3":"status-publish","4":"has-post-thumbnail","6":"product_cat-desarrolladores","7":"product_cat-potencia-sexual","9":"first","10":"instock","11":"featured","12":"shipping-taxable","13":"purchasable","14":"product-type-simple"},"_links":{"self":[{"href":"https:\/\/tiendasamor.com\/index.php\/wp-json\/wp\/v2\/product\/1847","targetHints":{"allow":["GET"]}}],"collection":[{"href":"https:\/\/tiendasamor.com\/index.php\/wp-json\/wp\/v2\/product"}],"about":[{"href":"https:\/\/tiendasamor.com\/index.php\/wp-json\/wp\/v2\/types\/product"}],"replies":[{"embeddable":true,"href":"https:\/\/tiendasamor.com\/index.php\/wp-json\/wp\/v2\/comments?post=1847"}],"wp:featuredmedia":[{"embeddable":true,"href":"https:\/\/tiendasamor.com\/index.php\/wp-json\/wp\/v2\/media\/1848"}],"wp:attachment":[{"href":"https:\/\/tiendasamor.com\/index.php\/wp-json\/wp\/v2\/media?parent=1847"}],"wp:term":[{"taxonomy":"product_brand","embeddable":true,"href":"https:\/\/tiendasamor.com\/index.php\/wp-json\/wp\/v2\/product_brand?post=1847"},{"taxonomy":"product_cat","embeddable":true,"href":"https:\/\/tiendasamor.com\/index.php\/wp-json\/wp\/v2\/product_cat?post=1847"},{"taxonomy":"product_tag","embeddable":true,"href":"https:\/\/tiendasamor.com\/index.php\/wp-json\/wp\/v2\/product_tag?post=1847"}],"curies":[{"name":"wp","href":"https:\/\/api.w.org\/{rel}","templated":true}]}}