{"id":1830,"date":"2024-01-12T12:26:17","date_gmt":"2024-01-12T17:26:17","guid":{"rendered":"https:\/\/tiendasamor.com\/?post_type=product&#038;p=1830"},"modified":"2024-05-14T22:07:49","modified_gmt":"2024-05-15T03:07:49","slug":"penis-xl-60-caps","status":"publish","type":"product","link":"https:\/\/tiendasamor.com\/index.php\/producto\/penis-xl-60-caps\/","title":{"rendered":"Penis XL 60 Caps"},"content":{"rendered":"<p>Penis XL refuerza la salud f\u00edsica del hombre y potencia la fortaleza sexual, gracias a ingredientes como Tribulus Terrestris. Estos comprimidos equilibrados refuerzan los \u00f3rganos sexuales y la actividad hormonal. Penis XL le da un impulso a tu potencia sexual.<\/p>\n<p>Para aumentar la potencia sexual<br \/>\nTribulus Terrestris ayuda al correcto funcionamiento de los \u00f3rganos sexuales*<br \/>\nTribulus Terrestris refuerza la actividad hormonal del hombre*<br \/>\nEl calcio contribuye a normalizar el metabolismo energ\u00e9tico<br \/>\nEl calcio ayuda al buen funcionamiento del sistema muscular<br \/>\n* La declaraci\u00f3n de propiedades saludables est\u00e1 bajo evaluaci\u00f3n.<\/p>\n<p><img decoding=\"async\" src=\"https:\/\/www.alfamanperu.com\/png\/new_2.jpg\" alt=\"\" \/><\/p>\n<p>Las c\u00e1psulas contienen: Maca es un poderoso componente natural que aumenta la potencia masculina y aumenta el tama\u00f1o pene. Esta planta s\u00f3lo se encuentra en las tierras altas de Am\u00e9rica Latina. Su recolecci\u00f3n y procesamiento es limitado, por lo que es extremadamente raro encontrar medicamentos con Maca a la venta.<\/p>\n<ul class=\"attribute\">\n<li>Ingredientes<\/li>\n<li>Ingredientes por 2 tabletas: 400 mg Ginseng siberiano (Eleutherococcus senticosus), 300 mg Tribulus terrestris, agente de carga: E460, 200 mg L-Arginina**, 150 mg Muira puama (Ptychopetalum olacoides), 136 mg Calcio (carbonato de calcio) (17% IR*), antiaglomerante: E570, 100 mg Serenoa repens, agente decarga: E466, agentes de recubrimiento:hidroxipropilmetilcelulosa, agente de revestimiento: hidroxipropilmetilcelulosa, antiaglomerantes: E551, E470b. *IR = Ingestas de referencia. **IR no establecido<\/li>\n<\/ul>\n<ul class=\"attribute\">\n<li>Los comprimidos refuerzan la salud f\u00edsica y el rendimiento sexual del hombre gracias a los ingredientes naturales como el Tribulus Terrestris, Saw Palmetto, Siberian Ginseng y Muira Puama. La planta Tribulus Terrestris crece principalmente en regiones c\u00e1lidas y tropicales de todo el mundo. Tribulus Terrestris se ha utilizado durante a\u00f1os en Asia y Bulgaria para diversos aspectos. Tribulus Terrestris refuerza los niveles saludables de testosterona y ayuda a regular la concentraci\u00f3n de esta hormona.<\/li>\n<li>La testosterona juega un papel importante en el apetito sexual y puede aumentar la libido. El ginseng siberiano fortalece el sistema inmunol\u00f3gico y contribuye a generar m\u00e1s energ\u00eda y resistencia. Muira Puama se ha utilizado durante a\u00f1os en varios pa\u00edses del mundo como estimulante sexual.<\/li>\n<li>En diversos estudios, se ha demostrado que el uso de Muira Puama aumenta la frecuencia del deseo, las relaciones y las fantas\u00edas sexuales. Tambi\u00e9n se ha demostrado m\u00e1s satisfacci\u00f3n con la vida sexual, la intensidad del deseo, las fantas\u00edas, la capacidad de alcanzar el orgasmo y su intensidad. Saw palmetto es una hierba que tiene un efecto positivo en el funcionamiento de la pr\u00f3stata.<\/li>\n<li>El calcio es importante para el mantenimiento de la funci\u00f3n normal de los m\u00fasculos y los nervios.<\/li>\n<\/ul>\n<p><img decoding=\"async\" src=\"https:\/\/www.alfamanperu.com\/png\/new_3.jpg\" alt=\"\" \/><\/p>\n<h3>AUMENTA LA POTENCIA<\/h3>\n<p>Las aminas de \u00e1cidos grasos contenidas en la maca son\u00a0un estimulante de gran potencia<\/p>\n<p><img decoding=\"async\" src=\"https:\/\/www.alfamanperu.com\/png\/new_4.jpg\" alt=\"\" \/><\/p>\n<h3>AUMENTO DEL TAMA\u00d1O DEL PENE<\/h3>\n<p>Los l\u00edpidos promueven el crecimiento y la regeneraci\u00f3n del tejido cavernoso\u00a0conducen al aumento del tama\u00f1o del pene<\/p>\n<p><img decoding=\"async\" src=\"https:\/\/www.alfamanperu.com\/png\/new_5.jpg\" alt=\"\" \/><\/p>\n<h3>MEJORA LA CIRULACI\u00d3N SANGU\u00cdNEA<\/h3>\n<p>Los ingredientes activos contribuyen al flujo sangu\u00edneo hacia el pene el coito se vuelve m\u00e1s largo y el orgasmo incre\u00edble.<\/p>\n","protected":false},"excerpt":{"rendered":"<p>Penis XL refuerza la salud f\u00edsica del hombre y potencia la fortaleza sexual, gracias a ingredientes como Tribulus Terrestris. Estos comprimidos equilibrados refuerzan los \u00f3rganos sexuales y la actividad hormonal. Penis XL le da un impulso a tu potencia sexual. Para aumentar la potencia sexual Tribulus Terrestris ayuda al correcto funcionamiento de los \u00f3rganos sexuales* [&hellip;]<\/p>\n","protected":false},"featured_media":1831,"comment_status":"open","ping_status":"closed","template":"","meta":[],"product_brand":[],"product_cat":[39,21],"product_tag":[],"class_list":{"0":"post-1830","1":"product","2":"type-product","3":"status-publish","4":"has-post-thumbnail","6":"product_cat-desarrolladores","7":"product_cat-potencia-sexual","9":"first","10":"instock","11":"featured","12":"shipping-taxable","13":"purchasable","14":"product-type-simple"},"_links":{"self":[{"href":"https:\/\/tiendasamor.com\/index.php\/wp-json\/wp\/v2\/product\/1830","targetHints":{"allow":["GET"]}}],"collection":[{"href":"https:\/\/tiendasamor.com\/index.php\/wp-json\/wp\/v2\/product"}],"about":[{"href":"https:\/\/tiendasamor.com\/index.php\/wp-json\/wp\/v2\/types\/product"}],"replies":[{"embeddable":true,"href":"https:\/\/tiendasamor.com\/index.php\/wp-json\/wp\/v2\/comments?post=1830"}],"wp:featuredmedia":[{"embeddable":true,"href":"https:\/\/tiendasamor.com\/index.php\/wp-json\/wp\/v2\/media\/1831"}],"wp:attachment":[{"href":"https:\/\/tiendasamor.com\/index.php\/wp-json\/wp\/v2\/media?parent=1830"}],"wp:term":[{"taxonomy":"product_brand","embeddable":true,"href":"https:\/\/tiendasamor.com\/index.php\/wp-json\/wp\/v2\/product_brand?post=1830"},{"taxonomy":"product_cat","embeddable":true,"href":"https:\/\/tiendasamor.com\/index.php\/wp-json\/wp\/v2\/product_cat?post=1830"},{"taxonomy":"product_tag","embeddable":true,"href":"https:\/\/tiendasamor.com\/index.php\/wp-json\/wp\/v2\/product_tag?post=1830"}],"curies":[{"name":"wp","href":"https:\/\/api.w.org\/{rel}","templated":true}]}}