{"id":1823,"date":"2024-01-12T12:07:14","date_gmt":"2024-01-12T17:07:14","guid":{"rendered":"https:\/\/tiendasamor.com\/?post_type=product&#038;p=1823"},"modified":"2024-05-14T22:07:55","modified_gmt":"2024-05-15T03:07:55","slug":"viamax-detox-kh5-plus","status":"publish","type":"product","link":"https:\/\/tiendasamor.com\/index.php\/producto\/viamax-detox-kh5-plus\/","title":{"rendered":"Viamax\u00ae Detox KH5 Plus"},"content":{"rendered":"<p><strong>Viamax Detox.<\/strong>\u00a0Facilita tener erecciones duras como una roca con mayor rapidez y facilidad. En segundo lugar, ayuda a prevenirla frustrante eyaculaci\u00f3n precoz sus erecciones ser\u00e1n firmes y prolongadas.<\/p>\n<p>Los mecanismos de\u00a0<strong>Viamax Detox<\/strong>\u00a0aumentan el deseo y el rendimiento sexual a largo plazo. aumenta la testosterona, la dopamina y las hormonas adrenales responsables del rendimiento sexual.<\/p>\n<p>Producto instant\u00e1neo 100% natural importado efectos para cualquier edad prolongue 1 hora m\u00e1s su relaci\u00f3n sexual.<\/p>\n<p>Y repita el acto cuantas veces quiera. Con solo una tableta efecto para 48 horas. No trae efectos secundario 100% garantizado. Presentaci\u00f3n 4 tabletas por bl\u00edster.<\/p>\n<p>Mejor producto para la potencia sexual<\/p>\n<p>Mejora tus erecciones<\/p>\n<p>Controlando la eyaculacion precioz<\/p>\n<p>Made in USA<\/p>\n<p>Blister de 4 pastillas<\/p>\n","protected":false},"excerpt":{"rendered":"<p>Viamax Detox.\u00a0Facilita tener erecciones duras como una roca con mayor rapidez y facilidad. En segundo lugar, ayuda a prevenirla frustrante eyaculaci\u00f3n precoz sus erecciones ser\u00e1n firmes y prolongadas. Los mecanismos de\u00a0Viamax Detox\u00a0aumentan el deseo y el rendimiento sexual a largo plazo. aumenta la testosterona, la dopamina y las hormonas adrenales responsables del rendimiento sexual. Producto [&hellip;]<\/p>\n","protected":false},"featured_media":1828,"comment_status":"open","ping_status":"closed","template":"","meta":[],"product_brand":[],"product_cat":[21],"product_tag":[],"class_list":{"0":"post-1823","1":"product","2":"type-product","3":"status-publish","4":"has-post-thumbnail","6":"product_cat-potencia-sexual","8":"first","9":"instock","10":"featured","11":"shipping-taxable","12":"purchasable","13":"product-type-simple"},"_links":{"self":[{"href":"https:\/\/tiendasamor.com\/index.php\/wp-json\/wp\/v2\/product\/1823","targetHints":{"allow":["GET"]}}],"collection":[{"href":"https:\/\/tiendasamor.com\/index.php\/wp-json\/wp\/v2\/product"}],"about":[{"href":"https:\/\/tiendasamor.com\/index.php\/wp-json\/wp\/v2\/types\/product"}],"replies":[{"embeddable":true,"href":"https:\/\/tiendasamor.com\/index.php\/wp-json\/wp\/v2\/comments?post=1823"}],"wp:featuredmedia":[{"embeddable":true,"href":"https:\/\/tiendasamor.com\/index.php\/wp-json\/wp\/v2\/media\/1828"}],"wp:attachment":[{"href":"https:\/\/tiendasamor.com\/index.php\/wp-json\/wp\/v2\/media?parent=1823"}],"wp:term":[{"taxonomy":"product_brand","embeddable":true,"href":"https:\/\/tiendasamor.com\/index.php\/wp-json\/wp\/v2\/product_brand?post=1823"},{"taxonomy":"product_cat","embeddable":true,"href":"https:\/\/tiendasamor.com\/index.php\/wp-json\/wp\/v2\/product_cat?post=1823"},{"taxonomy":"product_tag","embeddable":true,"href":"https:\/\/tiendasamor.com\/index.php\/wp-json\/wp\/v2\/product_tag?post=1823"}],"curies":[{"name":"wp","href":"https:\/\/api.w.org\/{rel}","templated":true}]}}