{"id":1816,"date":"2024-01-11T19:25:48","date_gmt":"2024-01-12T00:25:48","guid":{"rendered":"https:\/\/tiendasamor.com\/?post_type=product&#038;p=1816"},"modified":"2024-05-14T22:16:20","modified_gmt":"2024-05-15T03:16:20","slug":"lidoria-gel-de-orgasmo-estrechante","status":"publish","type":"product","link":"https:\/\/tiendasamor.com\/index.php\/producto\/lidoria-gel-de-orgasmo-estrechante\/","title":{"rendered":"LIDORIA Gel de Orgasmo Estrechante"},"content":{"rendered":"<p id=\"tw-target-text\" class=\"tw-data-text tw-text-large tw-ta\" dir=\"ltr\" data-placeholder=\"Traducci\u00f3n\" data-ved=\"2ahUKEwjSmeD_x9aDAxWdA7kGHTH5AwQQ3ewLegQIBRAQ\"><span class=\"Y2IQFc\" lang=\"es\">Con el paso del tiempo, muchas cosas dentro del cuerpo de una mujer comienzan a cambiar. Ya sea debido al parto o a las hormonas, los m\u00fasculos de la pared vaginal pueden comenzar a ceder y aflojarse. pero lo m\u00e1s frecuente es que lleve a la incapacidad de disfrutar de la actividad sexual tanto como antes.<\/span><\/p>\n<p class=\"tw-data-text tw-text-large tw-ta\" dir=\"ltr\" data-placeholder=\"Traducci\u00f3n\" data-ved=\"2ahUKEwjSmeD_x9aDAxWdA7kGHTH5AwQQ3ewLegQIBRAQ\"><span class=\"Y2IQFc\" lang=\"es\">Cuando los m\u00fasculos no tienen su elasticidad t\u00edpica, puede resultar extremadamente dif\u00edcil alcanzar el orgasmo, ya que estos m\u00fasculos necesitan contraerse y relajarse adecuadamente antes del cl\u00edmax. Tight Gel 10 ml es un producto t\u00f3pico incre\u00edblemente innovador que realmente puede ayudar a tensar estos m\u00fasculos antes del coito.<\/span><\/p>\n<p class=\"tw-data-text tw-text-large tw-ta\" dir=\"ltr\" data-placeholder=\"Traducci\u00f3n\" data-ved=\"2ahUKEwjSmeD_x9aDAxWdA7kGHTH5AwQQ3ewLegQIBRAQ\"><span class=\"Y2IQFc\" lang=\"es\">Aplique una capa en la pared vaginal entre diez y quince minutos antes del sexo y no creer\u00e1 la diferencia. \u00daselo tambi\u00e9n por sus propiedades humectantes y como gel adicional para la sensibilidad.<\/span><\/p>\n<p class=\"tw-data-text tw-text-large tw-ta\" dir=\"ltr\" data-placeholder=\"Traducci\u00f3n\" data-ved=\"2ahUKEwjSmeD_x9aDAxWdA7kGHTH5AwQQ3ewLegQIBRAQ\"><span class=\"Y2IQFc\" lang=\"es\">CARACTER\u00cdSTICAS:<\/span><\/p>\n<p class=\"tw-data-text tw-text-large tw-ta\" dir=\"ltr\" data-placeholder=\"Traducci\u00f3n\" data-ved=\"2ahUKEwjSmeD_x9aDAxWdA7kGHTH5AwQQ3ewLegQIBRAQ\"><span class=\"Y2IQFc\" lang=\"es\">Producto t\u00f3pico incre\u00edblemente innovador que realmente puede ayudar a tensar estos m\u00fasculos antes del coito.<\/span><\/p>\n<p class=\"tw-data-text tw-text-large tw-ta\" dir=\"ltr\" data-placeholder=\"Traducci\u00f3n\" data-ved=\"2ahUKEwjSmeD_x9aDAxWdA7kGHTH5AwQQ3ewLegQIBRAQ\"><span class=\"Y2IQFc\" lang=\"es\">Aplique una capa en la pared vaginal entre diez y quince minutos antes del sexo y no creer\u00e1 la diferencia.<\/span><\/p>\n<p class=\"tw-data-text tw-text-large tw-ta\" dir=\"ltr\" data-placeholder=\"Traducci\u00f3n\" data-ved=\"2ahUKEwjSmeD_x9aDAxWdA7kGHTH5AwQQ3ewLegQIBRAQ\"><span class=\"Y2IQFc\" lang=\"es\">\u00daselo tambi\u00e9n para propiedades humectantes y como gel para sensibilidad adicional.<\/span><\/p>\n<p class=\"tw-data-text tw-text-large tw-ta\" dir=\"ltr\" data-placeholder=\"Traducci\u00f3n\" data-ved=\"2ahUKEwjSmeD_x9aDAxWdA7kGHTH5AwQQ3ewLegQIBRAQ\"><span class=\"Y2IQFc\" lang=\"es\">Gel de orgasmo, potenciador del aerosol cl\u00edmax, Punto G, estimulante de la libido y Aceite tensor vaginal para mujer<\/span><\/p>\n","protected":false},"excerpt":{"rendered":"<p>Con el paso del tiempo, muchas cosas dentro del cuerpo de una mujer comienzan a cambiar. Ya sea debido al parto o a las hormonas, los m\u00fasculos de la pared vaginal pueden comenzar a ceder y aflojarse. pero lo m\u00e1s frecuente es que lleve a la incapacidad de disfrutar de la actividad sexual tanto como [&hellip;]<\/p>\n","protected":false},"featured_media":1817,"comment_status":"open","ping_status":"closed","template":"","meta":[],"product_brand":[],"product_cat":[44],"product_tag":[],"class_list":{"0":"post-1816","1":"product","2":"type-product","3":"status-publish","4":"has-post-thumbnail","6":"product_cat-clitorales","8":"first","9":"instock","10":"shipping-taxable","11":"purchasable","12":"product-type-simple"},"_links":{"self":[{"href":"https:\/\/tiendasamor.com\/index.php\/wp-json\/wp\/v2\/product\/1816","targetHints":{"allow":["GET"]}}],"collection":[{"href":"https:\/\/tiendasamor.com\/index.php\/wp-json\/wp\/v2\/product"}],"about":[{"href":"https:\/\/tiendasamor.com\/index.php\/wp-json\/wp\/v2\/types\/product"}],"replies":[{"embeddable":true,"href":"https:\/\/tiendasamor.com\/index.php\/wp-json\/wp\/v2\/comments?post=1816"}],"wp:featuredmedia":[{"embeddable":true,"href":"https:\/\/tiendasamor.com\/index.php\/wp-json\/wp\/v2\/media\/1817"}],"wp:attachment":[{"href":"https:\/\/tiendasamor.com\/index.php\/wp-json\/wp\/v2\/media?parent=1816"}],"wp:term":[{"taxonomy":"product_brand","embeddable":true,"href":"https:\/\/tiendasamor.com\/index.php\/wp-json\/wp\/v2\/product_brand?post=1816"},{"taxonomy":"product_cat","embeddable":true,"href":"https:\/\/tiendasamor.com\/index.php\/wp-json\/wp\/v2\/product_cat?post=1816"},{"taxonomy":"product_tag","embeddable":true,"href":"https:\/\/tiendasamor.com\/index.php\/wp-json\/wp\/v2\/product_tag?post=1816"}],"curies":[{"name":"wp","href":"https:\/\/api.w.org\/{rel}","templated":true}]}}