{"id":1811,"date":"2024-01-11T18:00:47","date_gmt":"2024-01-11T23:00:47","guid":{"rendered":"https:\/\/tiendasamor.com\/?post_type=product&#038;p=1811"},"modified":"2024-01-11T18:00:47","modified_gmt":"2024-01-11T23:00:47","slug":"naturally-yours-wild-ride","status":"publish","type":"product","link":"https:\/\/tiendasamor.com\/index.php\/producto\/naturally-yours-wild-ride\/","title":{"rendered":"Naturally Yours Wild Ride"},"content":{"rendered":"<p><span class=\"Y2IQFc\" lang=\"es\">Este consolador incre\u00edblemente suave y con venas gruesas fue dise\u00f1ado para una estimulaci\u00f3n intensa, por lo que puedes apostar que su eje largo y grueso es flexible para estimular todos esos lugares dif\u00edciles de alcanzar.<\/span><\/p>\n<p><span class=\"Y2IQFc\" lang=\"es\"> Ajustar las vibraciones es tan f\u00e1cil como girar la tapa de varias velocidades para controlar la potencia y la intensidad de las vibraciones. \u00a1Prep\u00e1rate para un paseo salvaje porque acelerar\u00e1 todas tus sensaciones!<\/span><\/p>\n","protected":false},"excerpt":{"rendered":"<p>Este consolador incre\u00edblemente suave y con venas gruesas fue dise\u00f1ado para una estimulaci\u00f3n intensa, por lo que puedes apostar que su eje largo y grueso es flexible para estimular todos esos lugares dif\u00edciles de alcanzar. Ajustar las vibraciones es tan f\u00e1cil como girar la tapa de varias velocidades para controlar la potencia y la intensidad [&hellip;]<\/p>\n","protected":false},"featured_media":1812,"comment_status":"open","ping_status":"closed","template":"","meta":[],"product_brand":[],"product_cat":[27],"product_tag":[],"class_list":{"0":"post-1811","1":"product","2":"type-product","3":"status-publish","4":"has-post-thumbnail","6":"product_cat-vibradores","8":"first","9":"instock","10":"shipping-taxable","11":"purchasable","12":"product-type-simple"},"_links":{"self":[{"href":"https:\/\/tiendasamor.com\/index.php\/wp-json\/wp\/v2\/product\/1811","targetHints":{"allow":["GET"]}}],"collection":[{"href":"https:\/\/tiendasamor.com\/index.php\/wp-json\/wp\/v2\/product"}],"about":[{"href":"https:\/\/tiendasamor.com\/index.php\/wp-json\/wp\/v2\/types\/product"}],"replies":[{"embeddable":true,"href":"https:\/\/tiendasamor.com\/index.php\/wp-json\/wp\/v2\/comments?post=1811"}],"wp:featuredmedia":[{"embeddable":true,"href":"https:\/\/tiendasamor.com\/index.php\/wp-json\/wp\/v2\/media\/1812"}],"wp:attachment":[{"href":"https:\/\/tiendasamor.com\/index.php\/wp-json\/wp\/v2\/media?parent=1811"}],"wp:term":[{"taxonomy":"product_brand","embeddable":true,"href":"https:\/\/tiendasamor.com\/index.php\/wp-json\/wp\/v2\/product_brand?post=1811"},{"taxonomy":"product_cat","embeddable":true,"href":"https:\/\/tiendasamor.com\/index.php\/wp-json\/wp\/v2\/product_cat?post=1811"},{"taxonomy":"product_tag","embeddable":true,"href":"https:\/\/tiendasamor.com\/index.php\/wp-json\/wp\/v2\/product_tag?post=1811"}],"curies":[{"name":"wp","href":"https:\/\/api.w.org\/{rel}","templated":true}]}}