{"id":1807,"date":"2024-01-11T16:38:52","date_gmt":"2024-01-11T21:38:52","guid":{"rendered":"https:\/\/tiendasamor.com\/?post_type=product&#038;p=1807"},"modified":"2024-05-20T18:31:59","modified_gmt":"2024-05-20T23:31:59","slug":"b-yours-sweet-n-hard-2","status":"publish","type":"product","link":"https:\/\/tiendasamor.com\/index.php\/producto\/b-yours-sweet-n-hard-2\/","title":{"rendered":"B Yours Sweet n Hard 2"},"content":{"rendered":"<p>\u00a1Este consolador tiene el tama\u00f1o perfecto!\u00a0Perfecto en todos los sentidos, mide 7,75 pulgadas de largo (6,25 insertables) con una circunferencia (di\u00e1metro) satisfactoria de 1,75 pulgadas.<\/p>\n<p>P\u00e9galo a cualquier superficie lisa con su resistente ventosa para un paseo con manos libres.\u00a0O col\u00f3quelo en su arn\u00e9s y lleve a su amante al \u00e9xtasis.\u00a0Tiene todas las venas, bolas y textura esculpidas de una polla real.\u00a0Los consoladores Sweet n Hard est\u00e1n hechos de PVC suave que es seguro para el cuerpo y no contiene ftalatos.<\/p>\n<p>F\u00e1cil de cuidar: simplemente l\u00e1velo con agua y jab\u00f3n o con un limpiador de juguetes, luego d\u00e9jelo secar al aire antes de guardarlo.\u00a0Azul.\u00a0Longitud: 7,75 pulgadas.\u00a0Longitud insertable: 6,25 pulgadas.\u00a0Ancho: 1,75 pulgadas.\u00a0Circunferencia 5 pulgadas.<\/p>\n<p>La textura es buena, \u00bfverdad?\u00a0Por eso es posible que te gusten las venas y las crestas de los consoladores y dongs realistas.\u00a0A trav\u00e9s del Consolador Azul Sweet N Hard 2 de Blush Novelties conseguir\u00e1s mucho m\u00e1s de lo que m\u00e1s te guste.<\/p>\n","protected":false},"excerpt":{"rendered":"<p>\u00a1Este consolador tiene el tama\u00f1o perfecto!\u00a0Perfecto en todos los sentidos, mide 7,75 pulgadas de largo (6,25 insertables) con una circunferencia (di\u00e1metro) satisfactoria de 1,75 pulgadas. P\u00e9galo a cualquier superficie lisa con su resistente ventosa para un paseo con manos libres.\u00a0O col\u00f3quelo en su arn\u00e9s y lleve a su amante al \u00e9xtasis.\u00a0Tiene todas las venas, bolas [&hellip;]<\/p>\n","protected":false},"featured_media":2830,"comment_status":"open","ping_status":"closed","template":"","meta":[],"product_brand":[],"product_cat":[29],"product_tag":[],"class_list":{"0":"post-1807","1":"product","2":"type-product","3":"status-publish","4":"has-post-thumbnail","6":"product_cat-consoladores-y-dildos","8":"first","9":"instock","10":"shipping-taxable","11":"purchasable","12":"product-type-simple"},"_links":{"self":[{"href":"https:\/\/tiendasamor.com\/index.php\/wp-json\/wp\/v2\/product\/1807","targetHints":{"allow":["GET"]}}],"collection":[{"href":"https:\/\/tiendasamor.com\/index.php\/wp-json\/wp\/v2\/product"}],"about":[{"href":"https:\/\/tiendasamor.com\/index.php\/wp-json\/wp\/v2\/types\/product"}],"replies":[{"embeddable":true,"href":"https:\/\/tiendasamor.com\/index.php\/wp-json\/wp\/v2\/comments?post=1807"}],"wp:featuredmedia":[{"embeddable":true,"href":"https:\/\/tiendasamor.com\/index.php\/wp-json\/wp\/v2\/media\/2830"}],"wp:attachment":[{"href":"https:\/\/tiendasamor.com\/index.php\/wp-json\/wp\/v2\/media?parent=1807"}],"wp:term":[{"taxonomy":"product_brand","embeddable":true,"href":"https:\/\/tiendasamor.com\/index.php\/wp-json\/wp\/v2\/product_brand?post=1807"},{"taxonomy":"product_cat","embeddable":true,"href":"https:\/\/tiendasamor.com\/index.php\/wp-json\/wp\/v2\/product_cat?post=1807"},{"taxonomy":"product_tag","embeddable":true,"href":"https:\/\/tiendasamor.com\/index.php\/wp-json\/wp\/v2\/product_tag?post=1807"}],"curies":[{"name":"wp","href":"https:\/\/api.w.org\/{rel}","templated":true}]}}