{"id":1795,"date":"2024-01-11T14:11:04","date_gmt":"2024-01-11T19:11:04","guid":{"rendered":"https:\/\/tiendasamor.com\/?post_type=product&#038;p=1795"},"modified":"2024-06-20T16:29:52","modified_gmt":"2024-06-20T21:29:52","slug":"hot-kiss-strawberry-fresa","status":"publish","type":"product","link":"https:\/\/tiendasamor.com\/index.php\/producto\/hot-kiss-strawberry-fresa\/","title":{"rendered":"Hot Kiss strawberry Fresa"},"content":{"rendered":"<p>Lubricate Hot Kiss strawberry<\/p>\n<p>\u00a1C\u00f3meme!<\/p>\n<p>Saborea\u00a0y disfruta\u00a0con este liviano y rico\u00a0lubricante,\u00a0su efecto calor te ayudar\u00e1n a conseguir el mejor orgasmo. Es 4 en 1, Lubriante, comestible, rico sabor y efecto calor<\/p>\n<p>Modo de uso: Puedes aplicar directamente en\u00a0los genitales o en el preservativo, utiliza una peque\u00f1a cantidad, si sientes que necesitas m\u00e1s puedes volver aplicar.\u00a0lo puedes usar para estimular otras zonas del cuerpo como: Pez\u00f3n, gel de masaje, etc<\/p>\n<p>Caracter\u00edstcias<\/p>\n<ul>\n<li>Lubricante a base de agua<\/li>\n<li>Efecto calor<\/li>\n<li>Comestible<\/li>\n<li>Sabor Strawberry<\/li>\n<li>Contenido 50\u00a0ml<\/li>\n<li>Compatible con preservativos y juguetes<\/li>\n<\/ul>\n<p>Importante:\u00a0Antes usar un producto de cosm\u00e9tica er\u00f3tica utilizar una peque\u00f1a cantidad en la piel para evitar posibles reacciones al\u00e9rgicas, en caso de irritaci\u00f3n consulte con su dermat\u00f3logo<\/p>\n","protected":false},"excerpt":{"rendered":"<p>Lubricate Hot Kiss strawberry \u00a1C\u00f3meme! Saborea\u00a0y disfruta\u00a0con este liviano y rico\u00a0lubricante,\u00a0su efecto calor te ayudar\u00e1n a conseguir el mejor orgasmo. Es 4 en 1, Lubriante, comestible, rico sabor y efecto calor Modo de uso: Puedes aplicar directamente en\u00a0los genitales o en el preservativo, utiliza una peque\u00f1a cantidad, si sientes que necesitas m\u00e1s puedes volver aplicar.\u00a0lo [&hellip;]<\/p>\n","protected":false},"featured_media":3016,"comment_status":"open","ping_status":"closed","template":"","meta":[],"product_brand":[],"product_cat":[23],"product_tag":[],"class_list":{"0":"post-1795","1":"product","2":"type-product","3":"status-publish","4":"has-post-thumbnail","6":"product_cat-lubricantes","8":"first","9":"instock","10":"shipping-taxable","11":"purchasable","12":"product-type-simple"},"_links":{"self":[{"href":"https:\/\/tiendasamor.com\/index.php\/wp-json\/wp\/v2\/product\/1795","targetHints":{"allow":["GET"]}}],"collection":[{"href":"https:\/\/tiendasamor.com\/index.php\/wp-json\/wp\/v2\/product"}],"about":[{"href":"https:\/\/tiendasamor.com\/index.php\/wp-json\/wp\/v2\/types\/product"}],"replies":[{"embeddable":true,"href":"https:\/\/tiendasamor.com\/index.php\/wp-json\/wp\/v2\/comments?post=1795"}],"wp:featuredmedia":[{"embeddable":true,"href":"https:\/\/tiendasamor.com\/index.php\/wp-json\/wp\/v2\/media\/3016"}],"wp:attachment":[{"href":"https:\/\/tiendasamor.com\/index.php\/wp-json\/wp\/v2\/media?parent=1795"}],"wp:term":[{"taxonomy":"product_brand","embeddable":true,"href":"https:\/\/tiendasamor.com\/index.php\/wp-json\/wp\/v2\/product_brand?post=1795"},{"taxonomy":"product_cat","embeddable":true,"href":"https:\/\/tiendasamor.com\/index.php\/wp-json\/wp\/v2\/product_cat?post=1795"},{"taxonomy":"product_tag","embeddable":true,"href":"https:\/\/tiendasamor.com\/index.php\/wp-json\/wp\/v2\/product_tag?post=1795"}],"curies":[{"name":"wp","href":"https:\/\/api.w.org\/{rel}","templated":true}]}}