{"id":1791,"date":"2024-01-11T12:21:07","date_gmt":"2024-01-11T17:21:07","guid":{"rendered":"https:\/\/tiendasamor.com\/?post_type=product&#038;p=1791"},"modified":"2024-06-20T16:37:21","modified_gmt":"2024-06-20T21:37:21","slug":"love-kiss-uva","status":"publish","type":"product","link":"https:\/\/tiendasamor.com\/index.php\/producto\/love-kiss-uva\/","title":{"rendered":"Love Kiss Uva"},"content":{"rendered":"<p>Lubricante Love Kiss Uva<\/p>\n<p>Para\u00a0encuentros sexuales m\u00e1s placenteros, love kiss lubricante con sabor ideal para una rica noche de chupeteos<\/p>\n<p>Modo de uso: Aplica una peque\u00f1a cantidad en los genitales o vaginal tambi\u00e9n si desea directamente en el preservativo<\/p>\n<p>Caracter\u00edsticas<\/p>\n<ul>\n<li>Lubricante a base de agua<\/li>\n<li>Sabor uva<\/li>\n<li>Cantidad 25ml<\/li>\n<li>Compatible con\u00a0preservativos y juguetes<\/li>\n<\/ul>\n","protected":false},"excerpt":{"rendered":"<p>Lubricante Love Kiss Uva Para\u00a0encuentros sexuales m\u00e1s placenteros, love kiss lubricante con sabor ideal para una rica noche de chupeteos Modo de uso: Aplica una peque\u00f1a cantidad en los genitales o vaginal tambi\u00e9n si desea directamente en el preservativo Caracter\u00edsticas Lubricante a base de agua Sabor uva Cantidad 25ml Compatible con\u00a0preservativos y juguetes<\/p>\n","protected":false},"featured_media":3019,"comment_status":"open","ping_status":"closed","template":"","meta":[],"product_brand":[],"product_cat":[23],"product_tag":[],"class_list":{"0":"post-1791","1":"product","2":"type-product","3":"status-publish","4":"has-post-thumbnail","6":"product_cat-lubricantes","8":"first","9":"instock","10":"shipping-taxable","11":"purchasable","12":"product-type-simple"},"_links":{"self":[{"href":"https:\/\/tiendasamor.com\/index.php\/wp-json\/wp\/v2\/product\/1791","targetHints":{"allow":["GET"]}}],"collection":[{"href":"https:\/\/tiendasamor.com\/index.php\/wp-json\/wp\/v2\/product"}],"about":[{"href":"https:\/\/tiendasamor.com\/index.php\/wp-json\/wp\/v2\/types\/product"}],"replies":[{"embeddable":true,"href":"https:\/\/tiendasamor.com\/index.php\/wp-json\/wp\/v2\/comments?post=1791"}],"wp:featuredmedia":[{"embeddable":true,"href":"https:\/\/tiendasamor.com\/index.php\/wp-json\/wp\/v2\/media\/3019"}],"wp:attachment":[{"href":"https:\/\/tiendasamor.com\/index.php\/wp-json\/wp\/v2\/media?parent=1791"}],"wp:term":[{"taxonomy":"product_brand","embeddable":true,"href":"https:\/\/tiendasamor.com\/index.php\/wp-json\/wp\/v2\/product_brand?post=1791"},{"taxonomy":"product_cat","embeddable":true,"href":"https:\/\/tiendasamor.com\/index.php\/wp-json\/wp\/v2\/product_cat?post=1791"},{"taxonomy":"product_tag","embeddable":true,"href":"https:\/\/tiendasamor.com\/index.php\/wp-json\/wp\/v2\/product_tag?post=1791"}],"curies":[{"name":"wp","href":"https:\/\/api.w.org\/{rel}","templated":true}]}}