{"id":1756,"date":"2024-01-09T18:53:03","date_gmt":"2024-01-09T23:53:03","guid":{"rendered":"https:\/\/tiendasamor.com\/?post_type=product&#038;p=1756"},"modified":"2024-01-09T20:24:52","modified_gmt":"2024-01-10T01:24:52","slug":"b-yours-vibrador-7","status":"publish","type":"product","link":"https:\/\/tiendasamor.com\/index.php\/producto\/b-yours-vibrador-7\/","title":{"rendered":"B Yours Vibrador 7"},"content":{"rendered":"<div>El B Yours Vibe 7 revolucionar\u00e1 tu mundo. B Yours Vibe #7 es un vibrador realista de 8.5 pulgadas con una cabeza prominente. La base del dial giratorio proporciona vibraciones de varias velocidades y es resistente al agua para la ducha y el ba\u00f1o. La elecci\u00f3n perfecta para la compra de un juguete por primera vez y para los que se preocupan por los costos.<\/p>\n<p>Hecho de PVC sin fragancias y sin ftalatos: \u00a1este juguete es seguro para el cuerpo y f\u00e1cil de limpiar! Simplemente l\u00e1vese con agua y jab\u00f3n tibia, o con su limpiador de juguetes favorito, antes y despu\u00e9s de cada uso. Seque con una toalla suave antes de guardar.<\/p><\/div>\n<div><\/div>\n<div><\/div>\n<div>Vibraciones ajustables de varias velocidades y resistente al agua<\/div>\n<div>Eje flexible suave<\/div>\n","protected":false},"excerpt":{"rendered":"<p>El B Yours Vibe 7 revolucionar\u00e1 tu mundo. B Yours Vibe #7 es un vibrador realista de 8.5 pulgadas con una cabeza prominente. La base del dial giratorio proporciona vibraciones de varias velocidades y es resistente al agua para la ducha y el ba\u00f1o. La elecci\u00f3n perfecta para la compra de un juguete por primera [&hellip;]<\/p>\n","protected":false},"featured_media":1757,"comment_status":"open","ping_status":"closed","template":"","meta":[],"product_brand":[],"product_cat":[27],"product_tag":[],"class_list":{"0":"post-1756","1":"product","2":"type-product","3":"status-publish","4":"has-post-thumbnail","6":"product_cat-vibradores","8":"first","9":"instock","10":"shipping-taxable","11":"purchasable","12":"product-type-simple"},"_links":{"self":[{"href":"https:\/\/tiendasamor.com\/index.php\/wp-json\/wp\/v2\/product\/1756","targetHints":{"allow":["GET"]}}],"collection":[{"href":"https:\/\/tiendasamor.com\/index.php\/wp-json\/wp\/v2\/product"}],"about":[{"href":"https:\/\/tiendasamor.com\/index.php\/wp-json\/wp\/v2\/types\/product"}],"replies":[{"embeddable":true,"href":"https:\/\/tiendasamor.com\/index.php\/wp-json\/wp\/v2\/comments?post=1756"}],"wp:featuredmedia":[{"embeddable":true,"href":"https:\/\/tiendasamor.com\/index.php\/wp-json\/wp\/v2\/media\/1757"}],"wp:attachment":[{"href":"https:\/\/tiendasamor.com\/index.php\/wp-json\/wp\/v2\/media?parent=1756"}],"wp:term":[{"taxonomy":"product_brand","embeddable":true,"href":"https:\/\/tiendasamor.com\/index.php\/wp-json\/wp\/v2\/product_brand?post=1756"},{"taxonomy":"product_cat","embeddable":true,"href":"https:\/\/tiendasamor.com\/index.php\/wp-json\/wp\/v2\/product_cat?post=1756"},{"taxonomy":"product_tag","embeddable":true,"href":"https:\/\/tiendasamor.com\/index.php\/wp-json\/wp\/v2\/product_tag?post=1756"}],"curies":[{"name":"wp","href":"https:\/\/api.w.org\/{rel}","templated":true}]}}