{"id":1753,"date":"2024-01-09T18:26:07","date_gmt":"2024-01-09T23:26:07","guid":{"rendered":"https:\/\/tiendasamor.com\/?post_type=product&#038;p=1753"},"modified":"2024-01-09T18:26:07","modified_gmt":"2024-01-09T23:26:07","slug":"vibrador-b-yours-vibe-7","status":"publish","type":"product","link":"https:\/\/tiendasamor.com\/index.php\/producto\/vibrador-b-yours-vibe-7\/","title":{"rendered":"Vibrador B Yours Vibe 7"},"content":{"rendered":"<p>B Yours Vibe # 7 es un vibrador realista suave que mide 8.5 pulgadas con un eje c\u00f3nico. La base del dial giratorio es resistente al agua para la ducha y el ba\u00f1o. Creado para principiantes y para personas conscientes de los costos, Vibe # 7 est\u00e1 hecho de PVC sin ftalatos.<\/p>\n<ul>\n<li>Material suave y flexible Jelly<\/li>\n<li>Multi Speed mediante dial<\/li>\n<li>Dise\u00f1o para la estimulaci\u00f3n Gspot<\/li>\n<li>No contiene fragancias sint\u00e9ticas, ftalatos, parafinas ni l\u00e1tex.<\/li>\n<li>Requiere 2 pilas AA (no incluidas)<\/li>\n<li>Largo total: 21.6 cm, Largo insertable 17.8 cm, Ancho: 4 cm<\/li>\n<\/ul>\n","protected":false},"excerpt":{"rendered":"<p>B Yours Vibe # 7 es un vibrador realista suave que mide 8.5 pulgadas con un eje c\u00f3nico. La base del dial giratorio es resistente al agua para la ducha y el ba\u00f1o. Creado para principiantes y para personas conscientes de los costos, Vibe # 7 est\u00e1 hecho de PVC sin ftalatos. Material suave y [&hellip;]<\/p>\n","protected":false},"featured_media":1754,"comment_status":"open","ping_status":"closed","template":"","meta":[],"product_brand":[],"product_cat":[27],"product_tag":[],"class_list":{"0":"post-1753","1":"product","2":"type-product","3":"status-publish","4":"has-post-thumbnail","6":"product_cat-vibradores","8":"first","9":"instock","10":"shipping-taxable","11":"purchasable","12":"product-type-simple"},"_links":{"self":[{"href":"https:\/\/tiendasamor.com\/index.php\/wp-json\/wp\/v2\/product\/1753","targetHints":{"allow":["GET"]}}],"collection":[{"href":"https:\/\/tiendasamor.com\/index.php\/wp-json\/wp\/v2\/product"}],"about":[{"href":"https:\/\/tiendasamor.com\/index.php\/wp-json\/wp\/v2\/types\/product"}],"replies":[{"embeddable":true,"href":"https:\/\/tiendasamor.com\/index.php\/wp-json\/wp\/v2\/comments?post=1753"}],"wp:featuredmedia":[{"embeddable":true,"href":"https:\/\/tiendasamor.com\/index.php\/wp-json\/wp\/v2\/media\/1754"}],"wp:attachment":[{"href":"https:\/\/tiendasamor.com\/index.php\/wp-json\/wp\/v2\/media?parent=1753"}],"wp:term":[{"taxonomy":"product_brand","embeddable":true,"href":"https:\/\/tiendasamor.com\/index.php\/wp-json\/wp\/v2\/product_brand?post=1753"},{"taxonomy":"product_cat","embeddable":true,"href":"https:\/\/tiendasamor.com\/index.php\/wp-json\/wp\/v2\/product_cat?post=1753"},{"taxonomy":"product_tag","embeddable":true,"href":"https:\/\/tiendasamor.com\/index.php\/wp-json\/wp\/v2\/product_tag?post=1753"}],"curies":[{"name":"wp","href":"https:\/\/api.w.org\/{rel}","templated":true}]}}