{"id":1749,"date":"2024-01-09T18:06:13","date_gmt":"2024-01-09T23:06:13","guid":{"rendered":"https:\/\/tiendasamor.com\/?post_type=product&#038;p=1749"},"modified":"2024-05-14T22:08:10","modified_gmt":"2024-05-15T03:08:10","slug":"bomba-de-succion-penis-pump-men","status":"publish","type":"product","link":"https:\/\/tiendasamor.com\/index.php\/producto\/bomba-de-succion-penis-pump-men\/","title":{"rendered":"Bomba de Succi\u00f3n Penis Pump Men"},"content":{"rendered":"<div>No es una cuesti\u00f3n de tama\u00f1o sino de confianza. En cualquier caso, una bomb@ de succi\u00f3n del miembro masculino como BOMB@ VACIO PENIS PUMP te ayudar\u00e1 a poner soluci\u00f3n a todos esos complejos que no te permiten disfrutar plenamente de la intimidad.<br \/>\nComienza tu entrenamiento y desarrolla el volumen y la sensibilidad de tu glande con una sencilla rutina de ejercicios.<\/div>\n<div>La bomb@ de succi\u00f3n BOMB@ VACIO PENIS PUMP est\u00e1 dise\u00f1ada para que en pocos minutos notes la diferencia (\u00a1y tu pareja tambi\u00e9n!).<br \/>\nBomb@ de vac\u00edo con Globo<br \/>\n* C\u00d3MO SE USA Introduce el glande por la boquilla de goma. El succionador est\u00e1 provisto de tres modelos diferentes, as\u00ed que no tendr\u00e1s problema en encontrar la que mejor se ajuste al grosor de tu miembro. Una vez dentro, acciona la bomb@ de mano para introducir aire en la cavidad de BOMB@ VACIO PENIS PUMP.<\/div>\n<div>Al tratarse de un accesorio transparente, ver\u00e1s c\u00f3mo la presi\u00f3n del aire act\u00faa sobre tu miembro y en cuesti\u00f3n de minutos el glande comienza a aumentar de volumen. Para extraer el miembro de la bomb@ de succi\u00f3n, acciona la v\u00e1lvula de liberaci\u00f3n.<\/div>\n<div>La cavidad se vaciar\u00e1 y podr\u00e1s sacar tu miembro del dispositivo sin ninguna molestia. Ahora ya est\u00e1s listo para la diversi\u00f3n, haz que tus erecci\u00f3n sea m\u00e1s firme y duradera.<\/div>\n<div>Con esta bomb@ de vac\u00edo prolonga el juego con tu pareja durante m\u00e1s tiempo. Se recomienda ocupar lubricantes (contamos con variedad de modelos, revisar en nuestros productos) para mayor comodidad al usarlo Dimensiones: 20 cm (insertable). Color cilindro: Trasparente Succion:<\/div>\n<div>Globo Embalaje discreto, no sale descripci\u00f3n de producto ni se visualiza el contenido del paquete. Consejos: Este producto es para uso de personas y parejas, mantenga la higiene antes y despu\u00e9s de su uso. Por el bien de su salud, no use demasiado el producto.<\/div>\n<div>\n<ul class=\"a-unordered-list a-vertical a-spacing-mini\">\n<li><span class=\"a-list-item\">Seguro y saludable, es un tubo de ABS, anti tiro y grietas.<\/span><\/li>\n<li><span class=\"a-list-item\">F\u00e1cil de usar, operaci\u00f3n manual, control de placer por ti mismo.<\/span><\/li>\n<li><span class=\"a-list-item\">Escala precisa, sienta con precisi\u00f3n el efecto de aumentar<\/span><\/li>\n<li><span class=\"a-list-item\">V\u00e1lvula de purga de aire, puedes liberar la v\u00e1lvula cuando sientas placer.<\/span><\/li>\n<li><span class=\"a-list-item\">Privacidad empaquetada y env\u00edo ultra discreto, mantenga su privacidad en la m\u00e1s estricta confianza.<\/span><\/li>\n<\/ul>\n<\/div>\n","protected":false},"excerpt":{"rendered":"<p>No es una cuesti\u00f3n de tama\u00f1o sino de confianza. En cualquier caso, una bomb@ de succi\u00f3n del miembro masculino como BOMB@ VACIO PENIS PUMP te ayudar\u00e1 a poner soluci\u00f3n a todos esos complejos que no te permiten disfrutar plenamente de la intimidad. Comienza tu entrenamiento y desarrolla el volumen y la sensibilidad de tu glande [&hellip;]<\/p>\n","protected":false},"featured_media":1859,"comment_status":"open","ping_status":"closed","template":"","meta":[],"product_brand":[],"product_cat":[38,39],"product_tag":[],"class_list":{"0":"post-1749","1":"product","2":"type-product","3":"status-publish","4":"has-post-thumbnail","6":"product_cat-bomba-de-succion","7":"product_cat-desarrolladores","9":"first","10":"instock","11":"featured","12":"shipping-taxable","13":"purchasable","14":"product-type-simple"},"_links":{"self":[{"href":"https:\/\/tiendasamor.com\/index.php\/wp-json\/wp\/v2\/product\/1749","targetHints":{"allow":["GET"]}}],"collection":[{"href":"https:\/\/tiendasamor.com\/index.php\/wp-json\/wp\/v2\/product"}],"about":[{"href":"https:\/\/tiendasamor.com\/index.php\/wp-json\/wp\/v2\/types\/product"}],"replies":[{"embeddable":true,"href":"https:\/\/tiendasamor.com\/index.php\/wp-json\/wp\/v2\/comments?post=1749"}],"wp:featuredmedia":[{"embeddable":true,"href":"https:\/\/tiendasamor.com\/index.php\/wp-json\/wp\/v2\/media\/1859"}],"wp:attachment":[{"href":"https:\/\/tiendasamor.com\/index.php\/wp-json\/wp\/v2\/media?parent=1749"}],"wp:term":[{"taxonomy":"product_brand","embeddable":true,"href":"https:\/\/tiendasamor.com\/index.php\/wp-json\/wp\/v2\/product_brand?post=1749"},{"taxonomy":"product_cat","embeddable":true,"href":"https:\/\/tiendasamor.com\/index.php\/wp-json\/wp\/v2\/product_cat?post=1749"},{"taxonomy":"product_tag","embeddable":true,"href":"https:\/\/tiendasamor.com\/index.php\/wp-json\/wp\/v2\/product_tag?post=1749"}],"curies":[{"name":"wp","href":"https:\/\/api.w.org\/{rel}","templated":true}]}}