{"id":1741,"date":"2024-01-09T17:46:57","date_gmt":"2024-01-09T22:46:57","guid":{"rendered":"https:\/\/tiendasamor.com\/?post_type=product&#038;p=1741"},"modified":"2024-01-12T13:36:43","modified_gmt":"2024-01-12T18:36:43","slug":"bathmate-hydromax-x30","status":"publish","type":"product","link":"https:\/\/tiendasamor.com\/index.php\/producto\/bathmate-hydromax-x30\/","title":{"rendered":"Bathmate Hydromax x30"},"content":{"rendered":"<div>Bathmate Hydromax ha sido creado y desarrollado especialmente para mejorar la calidad de este tipo de dispositivos para aportar unos mejores resultados. Todas estas nuevas caracter\u00edsticas que incluye esta gama, hacen de Hydromax un dispositivo alargador mucho m\u00e1s f\u00e1cil de usar, mucho m\u00e1s c\u00f3modo, y sobre todo mucho m\u00e1s efectivo. Entre estas nuevas caracter\u00edsticas podemos destacar:<\/div>\n<div><\/div>\n<div>Unas nuevas almohadillas que resultan mucho m\u00e1s c\u00f3modas y proporcionan un mejor sellado<\/div>\n<div>Mejora en el pestillo para la liberaci\u00f3n del agua<\/div>\n<div>Fuelle giratorio, para que mientras lo usa pueda observar su pene y ubicarlo dentro del medidor para ver su evoluci\u00f3n y mejor\u00eda<\/div>\n<div>\n<p>Sistema que crea m\u00e1s presi\u00f3n y fuerza de succi\u00f3n<\/p>\n<div>\n<p>Nuevas caracter\u00edsticas de la bomba de pene Bathmate Hydromax:<\/p>\n<\/div>\n<div>El nuevo Bathmate Hydromax incorpora nuevas caracter\u00edsticas que lo hacen una bomba de pene m\u00e1s c\u00f3moda y f\u00e1cil de usar. Adem\u00e1s, sus fuelles giratorios le permiten ver el medidor y su erecci\u00f3n para que pueda usarlo de la manera m\u00e1s confortable posible.<\/div>\n<div>El nuevo sistema de v\u00e1lvula patentada le permite eliminar el aire de manera mucho m\u00e1s f\u00e1cil y su nuevo cierre inteligente se puede usar con s\u00f3lo un dedo ajustando la presilla. Todas estas caracter\u00edsticas hacen que este avanzado dispositivo sea a\u00fan m\u00e1s seguro y f\u00e1cil de usar.<\/div>\n<\/div>\n<div>\n<div><\/div>\n<div>\n<p>\u00bfCu\u00e1ndo son visibles los resultados?<\/p>\n<\/div>\n<div>El tiempo en empezar a ver los resultados de la bomba de pene Bathmate Hydromax var\u00eda de una persona a otra ya que cada organismo reacciona y crece de manera diferente. Es importante destacar que para conseguir resultados \u00f3ptimos, el uso de Hydromax ha de ser diario y regular durante 15 minutos al d\u00eda.<\/div>\n<div>\n<ul>\n<li>Modelo HydroMax x30<\/li>\n<li>Hidrobomba<\/li>\n<li>Aumenta tama\u00f1o del pene<\/li>\n<li>Mejores erecciones y stamina sexual<\/li>\n<li>Tama\u00f1os de pene: 12,5 cm a 17,5\u00a0cm\u00a0(erecto)<\/li>\n<li>Seguro para la piel<\/li>\n<li>Original, Made in UK.<\/li>\n<\/ul>\n<\/div>\n<\/div>\n","protected":false},"excerpt":{"rendered":"<p>Bathmate Hydromax ha sido creado y desarrollado especialmente para mejorar la calidad de este tipo de dispositivos para aportar unos mejores resultados. Todas estas nuevas caracter\u00edsticas que incluye esta gama, hacen de Hydromax un dispositivo alargador mucho m\u00e1s f\u00e1cil de usar, mucho m\u00e1s c\u00f3modo, y sobre todo mucho m\u00e1s efectivo. Entre estas nuevas caracter\u00edsticas podemos [&hellip;]<\/p>\n","protected":false},"featured_media":1862,"comment_status":"open","ping_status":"closed","template":"","meta":[],"product_brand":[],"product_cat":[38,39],"product_tag":[],"class_list":{"0":"post-1741","1":"product","2":"type-product","3":"status-publish","4":"has-post-thumbnail","6":"product_cat-bomba-de-succion","7":"product_cat-desarrolladores","9":"first","10":"instock","11":"shipping-taxable","12":"purchasable","13":"product-type-simple"},"_links":{"self":[{"href":"https:\/\/tiendasamor.com\/index.php\/wp-json\/wp\/v2\/product\/1741","targetHints":{"allow":["GET"]}}],"collection":[{"href":"https:\/\/tiendasamor.com\/index.php\/wp-json\/wp\/v2\/product"}],"about":[{"href":"https:\/\/tiendasamor.com\/index.php\/wp-json\/wp\/v2\/types\/product"}],"replies":[{"embeddable":true,"href":"https:\/\/tiendasamor.com\/index.php\/wp-json\/wp\/v2\/comments?post=1741"}],"wp:featuredmedia":[{"embeddable":true,"href":"https:\/\/tiendasamor.com\/index.php\/wp-json\/wp\/v2\/media\/1862"}],"wp:attachment":[{"href":"https:\/\/tiendasamor.com\/index.php\/wp-json\/wp\/v2\/media?parent=1741"}],"wp:term":[{"taxonomy":"product_brand","embeddable":true,"href":"https:\/\/tiendasamor.com\/index.php\/wp-json\/wp\/v2\/product_brand?post=1741"},{"taxonomy":"product_cat","embeddable":true,"href":"https:\/\/tiendasamor.com\/index.php\/wp-json\/wp\/v2\/product_cat?post=1741"},{"taxonomy":"product_tag","embeddable":true,"href":"https:\/\/tiendasamor.com\/index.php\/wp-json\/wp\/v2\/product_tag?post=1741"}],"curies":[{"name":"wp","href":"https:\/\/api.w.org\/{rel}","templated":true}]}}