{"id":1737,"date":"2024-01-09T17:32:40","date_gmt":"2024-01-09T22:32:40","guid":{"rendered":"https:\/\/tiendasamor.com\/?post_type=product&#038;p=1737"},"modified":"2024-01-09T17:32:40","modified_gmt":"2024-01-09T22:32:40","slug":"vibrador-eros-electro-sword","status":"publish","type":"product","link":"https:\/\/tiendasamor.com\/index.php\/producto\/vibrador-eros-electro-sword\/","title":{"rendered":"Vibrador Eros\u2019 electro Sword"},"content":{"rendered":"<p>\u00bfBuscas un juguete de calidad premium y aun no lo encuentras? Lust electrowaves es un juguete que espera por ti, con un potente motor de 10 frecuencias y 5 funciones de electrowaves, que te dar\u00e1n una sensaci\u00f3n mas estimulante con peque\u00f1os est\u00edmulos de electro shock.<\/p>\n<p>Todas estas funcionas est\u00e1n acompa\u00f1adas de un recubrimiento de silicona aterciopelada, agradable al tacto, sin olvidar su sofisticado dise\u00f1o de curvas y colores elegantes.<\/p>\n<p>Caracter\u00edsticas:<\/p>\n<p>Color: Negro<br \/>\nTama\u00f1o:<br \/>\nLongitud total 19,5 cm<br \/>\nLongitud insertable 10 cm<br \/>\nDi\u00e1metro max. 4 cm<br \/>\nFunciones de modelo: Vibrador doble con electroshock<br \/>\nMaterial: silicona + ABS<br \/>\nCarga: Bater\u00eda de litio<br \/>\nBater\u00eda de litio: Tiempo de carga 2,45 hrs, tiempo de uso 2,45 hrs<br \/>\nFrecuencia: 10 modos de vibraci\u00f3n, 5 Electroshock<br \/>\nCertificaci\u00f3n: CE<br \/>\nAprueba de agua: Si<\/p>\n","protected":false},"excerpt":{"rendered":"<p>\u00bfBuscas un juguete de calidad premium y aun no lo encuentras? Lust electrowaves es un juguete que espera por ti, con un potente motor de 10 frecuencias y 5 funciones de electrowaves, que te dar\u00e1n una sensaci\u00f3n mas estimulante con peque\u00f1os est\u00edmulos de electro shock. Todas estas funcionas est\u00e1n acompa\u00f1adas de un recubrimiento de silicona [&hellip;]<\/p>\n","protected":false},"featured_media":1738,"comment_status":"open","ping_status":"closed","template":"","meta":[],"product_brand":[],"product_cat":[43,27],"product_tag":[],"class_list":{"0":"post-1737","1":"product","2":"type-product","3":"status-publish","4":"has-post-thumbnail","6":"product_cat-rabbit","7":"product_cat-vibradores","9":"first","10":"instock","11":"shipping-taxable","12":"purchasable","13":"product-type-simple"},"_links":{"self":[{"href":"https:\/\/tiendasamor.com\/index.php\/wp-json\/wp\/v2\/product\/1737","targetHints":{"allow":["GET"]}}],"collection":[{"href":"https:\/\/tiendasamor.com\/index.php\/wp-json\/wp\/v2\/product"}],"about":[{"href":"https:\/\/tiendasamor.com\/index.php\/wp-json\/wp\/v2\/types\/product"}],"replies":[{"embeddable":true,"href":"https:\/\/tiendasamor.com\/index.php\/wp-json\/wp\/v2\/comments?post=1737"}],"wp:featuredmedia":[{"embeddable":true,"href":"https:\/\/tiendasamor.com\/index.php\/wp-json\/wp\/v2\/media\/1738"}],"wp:attachment":[{"href":"https:\/\/tiendasamor.com\/index.php\/wp-json\/wp\/v2\/media?parent=1737"}],"wp:term":[{"taxonomy":"product_brand","embeddable":true,"href":"https:\/\/tiendasamor.com\/index.php\/wp-json\/wp\/v2\/product_brand?post=1737"},{"taxonomy":"product_cat","embeddable":true,"href":"https:\/\/tiendasamor.com\/index.php\/wp-json\/wp\/v2\/product_cat?post=1737"},{"taxonomy":"product_tag","embeddable":true,"href":"https:\/\/tiendasamor.com\/index.php\/wp-json\/wp\/v2\/product_tag?post=1737"}],"curies":[{"name":"wp","href":"https:\/\/api.w.org\/{rel}","templated":true}]}}