{"id":1727,"date":"2023-12-29T12:21:13","date_gmt":"2023-12-29T17:21:13","guid":{"rendered":"https:\/\/tiendasamor.com\/?post_type=product&#038;p=1727"},"modified":"2023-12-29T12:21:13","modified_gmt":"2023-12-29T17:21:13","slug":"tenga-huevo-masturbador","status":"publish","type":"product","link":"https:\/\/tiendasamor.com\/index.php\/producto\/tenga-huevo-masturbador\/","title":{"rendered":"TENGA HUEVO MASTURBADOR"},"content":{"rendered":"<p><strong>TENGA EGG CLICKER EASY ONA-CAP<\/strong>, dise\u00f1ado con la apariencia de un huevo, con este masturbador disfrutaras de tu mejor orgasmo.<\/p>\n<p>Fabricado con un elast\u00f3mero de grado medico que no causa ninguna reacci\u00f3n al\u00e9rgica, tolerado por el cuerpo, muy el\u00e1stico y ajustable que se adapta a todos los tama\u00f1os de pene. El interior de cada huevo\u00a0<strong>Tenga Egg<\/strong>\u00a0tiene un sistema nuevo de estr\u00edas que proporcionan diferentes tipos de placer.<\/p>\n<p>Modelo\u00a0<strong>Egg Clicker Verde<\/strong>.<\/p>\n<p>El interior del modelo\u00a0<strong>Tenga Egg Clicker<\/strong>\u00a0tiene en su interior un patr\u00f3n de n\u00f3dulos y protuberancias que intensifican la sensaci\u00f3n de fricci\u00f3n y deslizamiento, produciendo un orgasmo como nunca.<\/p>\n<p>Los huevos\u00a0<strong>Tenga Egg<\/strong>, permiten una masturbaci\u00f3n placentera y suave, produciendo sensaciones al contacto de la piel, nunca antes experimentadas.<\/p>\n<p>Para usarlo, tan solo hay que retirar el envoltorio y lubricarlo con la loci\u00f3n lubricante que viene incluida. Colocar en la punta como si de un preservativo se tratase y estirar hacia abajo.<\/p>\n<p>Producto prelubricado.<\/p>\n","protected":false},"excerpt":{"rendered":"<p>TENGA EGG CLICKER EASY ONA-CAP, dise\u00f1ado con la apariencia de un huevo, con este masturbador disfrutaras de tu mejor orgasmo. Fabricado con un elast\u00f3mero de grado medico que no causa ninguna reacci\u00f3n al\u00e9rgica, tolerado por el cuerpo, muy el\u00e1stico y ajustable que se adapta a todos los tama\u00f1os de pene. El interior de cada huevo\u00a0Tenga [&hellip;]<\/p>\n","protected":false},"featured_media":1728,"comment_status":"open","ping_status":"closed","template":"","meta":[],"product_brand":[],"product_cat":[30],"product_tag":[],"class_list":{"0":"post-1727","1":"product","2":"type-product","3":"status-publish","4":"has-post-thumbnail","6":"product_cat-masturbadores","8":"first","9":"instock","10":"shipping-taxable","11":"purchasable","12":"product-type-simple"},"_links":{"self":[{"href":"https:\/\/tiendasamor.com\/index.php\/wp-json\/wp\/v2\/product\/1727","targetHints":{"allow":["GET"]}}],"collection":[{"href":"https:\/\/tiendasamor.com\/index.php\/wp-json\/wp\/v2\/product"}],"about":[{"href":"https:\/\/tiendasamor.com\/index.php\/wp-json\/wp\/v2\/types\/product"}],"replies":[{"embeddable":true,"href":"https:\/\/tiendasamor.com\/index.php\/wp-json\/wp\/v2\/comments?post=1727"}],"wp:featuredmedia":[{"embeddable":true,"href":"https:\/\/tiendasamor.com\/index.php\/wp-json\/wp\/v2\/media\/1728"}],"wp:attachment":[{"href":"https:\/\/tiendasamor.com\/index.php\/wp-json\/wp\/v2\/media?parent=1727"}],"wp:term":[{"taxonomy":"product_brand","embeddable":true,"href":"https:\/\/tiendasamor.com\/index.php\/wp-json\/wp\/v2\/product_brand?post=1727"},{"taxonomy":"product_cat","embeddable":true,"href":"https:\/\/tiendasamor.com\/index.php\/wp-json\/wp\/v2\/product_cat?post=1727"},{"taxonomy":"product_tag","embeddable":true,"href":"https:\/\/tiendasamor.com\/index.php\/wp-json\/wp\/v2\/product_tag?post=1727"}],"curies":[{"name":"wp","href":"https:\/\/api.w.org\/{rel}","templated":true}]}}