{"id":1724,"date":"2023-12-29T12:08:52","date_gmt":"2023-12-29T17:08:52","guid":{"rendered":"https:\/\/tiendasamor.com\/?post_type=product&#038;p=1724"},"modified":"2023-12-29T12:08:53","modified_gmt":"2023-12-29T17:08:53","slug":"fleshlight-vibro","status":"publish","type":"product","link":"https:\/\/tiendasamor.com\/index.php\/producto\/fleshlight-vibro\/","title":{"rendered":"Fleshlight Vibro"},"content":{"rendered":"<p>Es la versi\u00f3n con forma de linterna m\u00e1s popular del mercado. Fleshlight con vibraci\u00f3n es una nueva generaci\u00f3n de asistentes para la masturbaci\u00f3n masculina, capaces de proporcionar un nivel de satisfacci\u00f3n y placer sin igual, con la sensaci\u00f3n adicional del intenso est\u00edmulo vibrante. Con el mismo estilo \u00fanico e inconfundible de la gama original, que le otorga un aspecto, tacto y experiencia sorprendentemente realista.<br \/>\nFleshlight Vibro incluye balas vibradoras que se ajustan en las ranuras especiales situadas en los lados de la manga interior. Disfruta de una experiencia de intenso placer con la vibraci\u00f3n de 360 grados ya que es posible activar 1, 2 o las 3 balas vibradoras seg\u00fan el grado de intensidad que prefieras.<\/p>\n<ul>\n<li>Masturbador masculino<\/li>\n<li>Material silicona<\/li>\n<li>Alto: 25.5 cm<\/li>\n<li>Ancho: 5cm<\/li>\n<li>Orificio vagina color rosa<\/li>\n<li>Manga Fleshlight Vibro viene con la Textura Touch y el Orificio grande.<\/li>\n<li>Estuche Color negro Fleshlight Vibro<\/li>\n<\/ul>\n","protected":false},"excerpt":{"rendered":"<p>Es la versi\u00f3n con forma de linterna m\u00e1s popular del mercado. Fleshlight con vibraci\u00f3n es una nueva generaci\u00f3n de asistentes para la masturbaci\u00f3n masculina, capaces de proporcionar un nivel de satisfacci\u00f3n y placer sin igual, con la sensaci\u00f3n adicional del intenso est\u00edmulo vibrante. Con el mismo estilo \u00fanico e inconfundible de la gama original, que [&hellip;]<\/p>\n","protected":false},"featured_media":1725,"comment_status":"open","ping_status":"closed","template":"","meta":[],"product_brand":[],"product_cat":[30],"product_tag":[],"class_list":{"0":"post-1724","1":"product","2":"type-product","3":"status-publish","4":"has-post-thumbnail","6":"product_cat-masturbadores","8":"first","9":"instock","10":"shipping-taxable","11":"purchasable","12":"product-type-simple"},"_links":{"self":[{"href":"https:\/\/tiendasamor.com\/index.php\/wp-json\/wp\/v2\/product\/1724","targetHints":{"allow":["GET"]}}],"collection":[{"href":"https:\/\/tiendasamor.com\/index.php\/wp-json\/wp\/v2\/product"}],"about":[{"href":"https:\/\/tiendasamor.com\/index.php\/wp-json\/wp\/v2\/types\/product"}],"replies":[{"embeddable":true,"href":"https:\/\/tiendasamor.com\/index.php\/wp-json\/wp\/v2\/comments?post=1724"}],"wp:featuredmedia":[{"embeddable":true,"href":"https:\/\/tiendasamor.com\/index.php\/wp-json\/wp\/v2\/media\/1725"}],"wp:attachment":[{"href":"https:\/\/tiendasamor.com\/index.php\/wp-json\/wp\/v2\/media?parent=1724"}],"wp:term":[{"taxonomy":"product_brand","embeddable":true,"href":"https:\/\/tiendasamor.com\/index.php\/wp-json\/wp\/v2\/product_brand?post=1724"},{"taxonomy":"product_cat","embeddable":true,"href":"https:\/\/tiendasamor.com\/index.php\/wp-json\/wp\/v2\/product_cat?post=1724"},{"taxonomy":"product_tag","embeddable":true,"href":"https:\/\/tiendasamor.com\/index.php\/wp-json\/wp\/v2\/product_tag?post=1724"}],"curies":[{"name":"wp","href":"https:\/\/api.w.org\/{rel}","templated":true}]}}