{"id":1717,"date":"2023-12-29T11:50:33","date_gmt":"2023-12-29T16:50:33","guid":{"rendered":"https:\/\/tiendasamor.com\/?post_type=product&#038;p=1717"},"modified":"2023-12-29T11:50:33","modified_gmt":"2023-12-29T16:50:33","slug":"diana-pussy-stroker","status":"publish","type":"product","link":"https:\/\/tiendasamor.com\/index.php\/producto\/diana-pussy-stroker\/","title":{"rendered":"Diana Pussy Stroker"},"content":{"rendered":"<p>Masturbador ultra-realista con co\u00f1o apretado.<br \/>\nT\u00fanel estrecho y estriado para agregar un placer incre\u00edble<br \/>\nEl material el\u00e1stico y flexible se adapta a la mayor\u00eda del tama\u00f1o del consolador<br \/>\nUtilizar con lubricantes.<br \/>\nF\u00e1cil de usar y limpiar<br \/>\nPeso: 542 gramos<br \/>\nLargo: 16.5 cm \u2013 Ancho: 9.4 cm<\/p>\n","protected":false},"excerpt":{"rendered":"<p>Masturbador ultra-realista con co\u00f1o apretado. T\u00fanel estrecho y estriado para agregar un placer incre\u00edble El material el\u00e1stico y flexible se adapta a la mayor\u00eda del tama\u00f1o del consolador Utilizar con lubricantes. F\u00e1cil de usar y limpiar Peso: 542 gramos Largo: 16.5 cm \u2013 Ancho: 9.4 cm<\/p>\n","protected":false},"featured_media":1718,"comment_status":"open","ping_status":"closed","template":"","meta":[],"product_brand":[],"product_cat":[30],"product_tag":[],"class_list":{"0":"post-1717","1":"product","2":"type-product","3":"status-publish","4":"has-post-thumbnail","6":"product_cat-masturbadores","8":"first","9":"instock","10":"shipping-taxable","11":"purchasable","12":"product-type-simple"},"_links":{"self":[{"href":"https:\/\/tiendasamor.com\/index.php\/wp-json\/wp\/v2\/product\/1717","targetHints":{"allow":["GET"]}}],"collection":[{"href":"https:\/\/tiendasamor.com\/index.php\/wp-json\/wp\/v2\/product"}],"about":[{"href":"https:\/\/tiendasamor.com\/index.php\/wp-json\/wp\/v2\/types\/product"}],"replies":[{"embeddable":true,"href":"https:\/\/tiendasamor.com\/index.php\/wp-json\/wp\/v2\/comments?post=1717"}],"wp:featuredmedia":[{"embeddable":true,"href":"https:\/\/tiendasamor.com\/index.php\/wp-json\/wp\/v2\/media\/1718"}],"wp:attachment":[{"href":"https:\/\/tiendasamor.com\/index.php\/wp-json\/wp\/v2\/media?parent=1717"}],"wp:term":[{"taxonomy":"product_brand","embeddable":true,"href":"https:\/\/tiendasamor.com\/index.php\/wp-json\/wp\/v2\/product_brand?post=1717"},{"taxonomy":"product_cat","embeddable":true,"href":"https:\/\/tiendasamor.com\/index.php\/wp-json\/wp\/v2\/product_cat?post=1717"},{"taxonomy":"product_tag","embeddable":true,"href":"https:\/\/tiendasamor.com\/index.php\/wp-json\/wp\/v2\/product_tag?post=1717"}],"curies":[{"name":"wp","href":"https:\/\/api.w.org\/{rel}","templated":true}]}}