{"id":1712,"date":"2023-12-29T11:45:46","date_gmt":"2023-12-29T16:45:46","guid":{"rendered":"https:\/\/tiendasamor.com\/?post_type=product&#038;p=1712"},"modified":"2023-12-29T11:46:06","modified_gmt":"2023-12-29T16:46:06","slug":"angie-masturbador","status":"publish","type":"product","link":"https:\/\/tiendasamor.com\/index.php\/producto\/angie-masturbador\/","title":{"rendered":"Angie Masturbador"},"content":{"rendered":"<p>La boca de Angie est\u00e1 abierta de par en par, lista para tomarte.\u00a0Hecho de X5 realista, Angie ofrece el equilibrio perfecto entre suave y firme.\u00a0Adem\u00e1s, la bala vibradora de una velocidad brinda a\u00fan m\u00e1s sensaci\u00f3n arriba y abajo de su eje.\u00a0Con el tama\u00f1o adecuado para acariciar con una sola mano, Angie tiene un extremo abierto para adaptarse a todas las longitudes.\u00a0T\u00fa controlas la velocidad y la profundidad de tus embestidas.\u00a0Disfruta de Angie solo o con tu pareja.<\/p>\n<ul>\n<li>SE SIENTE REAL \u2013 Soft Plus acanalado para mejorar su sensaci\u00f3n de caricias<\/li>\n<li>POTENCIA: el vibrador de bala resistente al agua de una velocidad aumenta la estimulaci\u00f3n<\/li>\n<li>F\u00c1CIL: el extremo abierto garantiza que Skye sea f\u00e1cil de limpiar y cuidar<\/li>\n<li>PAZ DE LA MENTE \u2013 Hecho de TPE seguro para el cuerpo.\u00a0No contiene ftalatos, parafinas ni l\u00e1tex.<\/li>\n<li>TAMA\u00d1O: 5 pulgadas de largo x 1.7 pulgadas de anch<\/li>\n<\/ul>\n","protected":false},"excerpt":{"rendered":"<p>La boca de Angie est\u00e1 abierta de par en par, lista para tomarte.\u00a0Hecho de X5 realista, Angie ofrece el equilibrio perfecto entre suave y firme.\u00a0Adem\u00e1s, la bala vibradora de una velocidad brinda a\u00fan m\u00e1s sensaci\u00f3n arriba y abajo de su eje.\u00a0Con el tama\u00f1o adecuado para acariciar con una sola mano, Angie tiene un extremo abierto [&hellip;]<\/p>\n","protected":false},"featured_media":1713,"comment_status":"open","ping_status":"closed","template":"","meta":[],"product_brand":[],"product_cat":[30],"product_tag":[],"class_list":{"0":"post-1712","1":"product","2":"type-product","3":"status-publish","4":"has-post-thumbnail","6":"product_cat-masturbadores","8":"first","9":"instock","10":"shipping-taxable","11":"purchasable","12":"product-type-simple"},"_links":{"self":[{"href":"https:\/\/tiendasamor.com\/index.php\/wp-json\/wp\/v2\/product\/1712","targetHints":{"allow":["GET"]}}],"collection":[{"href":"https:\/\/tiendasamor.com\/index.php\/wp-json\/wp\/v2\/product"}],"about":[{"href":"https:\/\/tiendasamor.com\/index.php\/wp-json\/wp\/v2\/types\/product"}],"replies":[{"embeddable":true,"href":"https:\/\/tiendasamor.com\/index.php\/wp-json\/wp\/v2\/comments?post=1712"}],"wp:featuredmedia":[{"embeddable":true,"href":"https:\/\/tiendasamor.com\/index.php\/wp-json\/wp\/v2\/media\/1713"}],"wp:attachment":[{"href":"https:\/\/tiendasamor.com\/index.php\/wp-json\/wp\/v2\/media?parent=1712"}],"wp:term":[{"taxonomy":"product_brand","embeddable":true,"href":"https:\/\/tiendasamor.com\/index.php\/wp-json\/wp\/v2\/product_brand?post=1712"},{"taxonomy":"product_cat","embeddable":true,"href":"https:\/\/tiendasamor.com\/index.php\/wp-json\/wp\/v2\/product_cat?post=1712"},{"taxonomy":"product_tag","embeddable":true,"href":"https:\/\/tiendasamor.com\/index.php\/wp-json\/wp\/v2\/product_tag?post=1712"}],"curies":[{"name":"wp","href":"https:\/\/api.w.org\/{rel}","templated":true}]}}