{"id":1704,"date":"2023-12-29T11:38:35","date_gmt":"2023-12-29T16:38:35","guid":{"rendered":"https:\/\/tiendasamor.com\/?post_type=product&#038;p=1704"},"modified":"2023-12-29T11:38:35","modified_gmt":"2023-12-29T16:38:35","slug":"cindy-masturbator","status":"publish","type":"product","link":"https:\/\/tiendasamor.com\/index.php\/producto\/cindy-masturbator\/","title":{"rendered":"Cindy Masturbator"},"content":{"rendered":"<p>Conoce esta nueva l\u00ednea de productos para la masturbaci\u00f3n masculina, estos juguetes simplemente llevan la satisfacci\u00f3n a otro nivel, siente la piel como si fuese real, este masturbador posee la facilidad de adaptarse a la temperatura de tu cuerpo. De f\u00e1cil aseo y gran vida \u00fatil.<\/p>\n<ul>\n<li>agina abultada y ano apretado para una mejor estimulaci\u00f3n<\/li>\n<li>Las nalgas suaves a\u00f1aden m\u00e1s diversi\u00f3n al acariciar<\/li>\n<li>La base plana se puede colocar sobre una mesa<\/li>\n<li>Peso: 2 kilos<\/li>\n<li>Largo: 14 cm \u2013 Ancho: 12 cm \u2013 Alto: 19 cm<\/li>\n<\/ul>\n","protected":false},"excerpt":{"rendered":"<p>Conoce esta nueva l\u00ednea de productos para la masturbaci\u00f3n masculina, estos juguetes simplemente llevan la satisfacci\u00f3n a otro nivel, siente la piel como si fuese real, este masturbador posee la facilidad de adaptarse a la temperatura de tu cuerpo. De f\u00e1cil aseo y gran vida \u00fatil. agina abultada y ano apretado para una mejor estimulaci\u00f3n [&hellip;]<\/p>\n","protected":false},"featured_media":1705,"comment_status":"open","ping_status":"closed","template":"","meta":[],"product_brand":[],"product_cat":[30,47],"product_tag":[],"class_list":{"0":"post-1704","1":"product","2":"type-product","3":"status-publish","4":"has-post-thumbnail","6":"product_cat-masturbadores","7":"product_cat-munecas","9":"first","10":"instock","11":"shipping-taxable","12":"purchasable","13":"product-type-simple"},"_links":{"self":[{"href":"https:\/\/tiendasamor.com\/index.php\/wp-json\/wp\/v2\/product\/1704","targetHints":{"allow":["GET"]}}],"collection":[{"href":"https:\/\/tiendasamor.com\/index.php\/wp-json\/wp\/v2\/product"}],"about":[{"href":"https:\/\/tiendasamor.com\/index.php\/wp-json\/wp\/v2\/types\/product"}],"replies":[{"embeddable":true,"href":"https:\/\/tiendasamor.com\/index.php\/wp-json\/wp\/v2\/comments?post=1704"}],"wp:featuredmedia":[{"embeddable":true,"href":"https:\/\/tiendasamor.com\/index.php\/wp-json\/wp\/v2\/media\/1705"}],"wp:attachment":[{"href":"https:\/\/tiendasamor.com\/index.php\/wp-json\/wp\/v2\/media?parent=1704"}],"wp:term":[{"taxonomy":"product_brand","embeddable":true,"href":"https:\/\/tiendasamor.com\/index.php\/wp-json\/wp\/v2\/product_brand?post=1704"},{"taxonomy":"product_cat","embeddable":true,"href":"https:\/\/tiendasamor.com\/index.php\/wp-json\/wp\/v2\/product_cat?post=1704"},{"taxonomy":"product_tag","embeddable":true,"href":"https:\/\/tiendasamor.com\/index.php\/wp-json\/wp\/v2\/product_tag?post=1704"}],"curies":[{"name":"wp","href":"https:\/\/api.w.org\/{rel}","templated":true}]}}