{"id":1685,"date":"2023-12-10T18:31:28","date_gmt":"2023-12-10T23:31:28","guid":{"rendered":"https:\/\/tiendasamor.com\/?post_type=product&#038;p=1685"},"modified":"2023-12-10T18:31:28","modified_gmt":"2023-12-10T23:31:28","slug":"disfraz-de-monja","status":"publish","type":"product","link":"https:\/\/tiendasamor.com\/index.php\/producto\/disfraz-de-monja\/","title":{"rendered":"Disfraz de Monja"},"content":{"rendered":"<p>Nos dedicamos a llenar tu closet, para que siempre est\u00e9s a la moda y puedas distinguirte entre todas, inclusive en las ocasiones especiales, ofrecemos varios modelos de disfraces er\u00f3ticos y en esta ocasi\u00f3n te traemos este\u00a0<strong>Disfraz de Monja.\u00a0\u00a0<\/strong><\/p>\n<p>Cada modelo fue hecho y pensando en la comodidad, nos diferenciamos de los dem\u00e1s porque en tu piel y al tacto se sentir\u00e1 suave al usar cualquier Lencer\u00eda Sexy, gracias a la calidad del material A1.<\/p>\n<p>Las prendas son ce\u00f1idas al cuerpo, resaltando cada parte sexy de tu cuerpo.<\/p>\n<p>Somos tus c\u00f3mplices n\u00famero 1, con nuestros productos tu imaginaci\u00f3n se hace realidad<\/p>\n","protected":false},"excerpt":{"rendered":"<p>Nos dedicamos a llenar tu closet, para que siempre est\u00e9s a la moda y puedas distinguirte entre todas, inclusive en las ocasiones especiales, ofrecemos varios modelos de disfraces er\u00f3ticos y en esta ocasi\u00f3n te traemos este\u00a0Disfraz de Monja.\u00a0\u00a0 Cada modelo fue hecho y pensando en la comodidad, nos diferenciamos de los dem\u00e1s porque en tu [&hellip;]<\/p>\n","protected":false},"featured_media":1686,"comment_status":"open","ping_status":"closed","template":"","meta":[],"product_brand":[],"product_cat":[49,19],"product_tag":[],"class_list":{"0":"post-1685","1":"product","2":"type-product","3":"status-publish","4":"has-post-thumbnail","6":"product_cat-disfraces","7":"product_cat-lenceria","9":"first","10":"instock","11":"shipping-taxable","12":"purchasable","13":"product-type-simple"},"_links":{"self":[{"href":"https:\/\/tiendasamor.com\/index.php\/wp-json\/wp\/v2\/product\/1685","targetHints":{"allow":["GET"]}}],"collection":[{"href":"https:\/\/tiendasamor.com\/index.php\/wp-json\/wp\/v2\/product"}],"about":[{"href":"https:\/\/tiendasamor.com\/index.php\/wp-json\/wp\/v2\/types\/product"}],"replies":[{"embeddable":true,"href":"https:\/\/tiendasamor.com\/index.php\/wp-json\/wp\/v2\/comments?post=1685"}],"wp:featuredmedia":[{"embeddable":true,"href":"https:\/\/tiendasamor.com\/index.php\/wp-json\/wp\/v2\/media\/1686"}],"wp:attachment":[{"href":"https:\/\/tiendasamor.com\/index.php\/wp-json\/wp\/v2\/media?parent=1685"}],"wp:term":[{"taxonomy":"product_brand","embeddable":true,"href":"https:\/\/tiendasamor.com\/index.php\/wp-json\/wp\/v2\/product_brand?post=1685"},{"taxonomy":"product_cat","embeddable":true,"href":"https:\/\/tiendasamor.com\/index.php\/wp-json\/wp\/v2\/product_cat?post=1685"},{"taxonomy":"product_tag","embeddable":true,"href":"https:\/\/tiendasamor.com\/index.php\/wp-json\/wp\/v2\/product_tag?post=1685"}],"curies":[{"name":"wp","href":"https:\/\/api.w.org\/{rel}","templated":true}]}}