{"id":1667,"date":"2023-12-09T19:42:48","date_gmt":"2023-12-10T00:42:48","guid":{"rendered":"https:\/\/tiendasamor.com\/?post_type=product&#038;p=1667"},"modified":"2024-05-14T22:08:21","modified_gmt":"2024-05-15T03:08:21","slug":"titan-gel","status":"publish","type":"product","link":"https:\/\/tiendasamor.com\/index.php\/producto\/titan-gel\/","title":{"rendered":"Titan Gel"},"content":{"rendered":"<p><strong>Beneficios de Titan gel \u00a0<a href=\"http:\/\/oficialtitangel.com\/\">mejora del miembro masculino<\/a><\/strong><br \/>\nMuchos son los beneficios que ofrece Titan gel Oficial a los hombres que se aplican esta crema, y es que esta crema se ha convertido en una gran aliada de miles de hombres de todo el mundo que buscaban un producto seguro, sin efectos secundarios y contraindicaciones para agrandar el tama\u00f1o de su pene sin entrar en un quir\u00f3fano. Los beneficios m\u00e1s destacables son los citados a continuaci\u00f3n:<\/p>\n<p>\u2022 Mejora las experiencias sexuales, permitiendo sentir mayor satisfacci\u00f3n en el sexo y hacer sentir mayor placer y satisfacci\u00f3n a sus parejas.<br \/>\n\u2022 Ayuda a combatir la eyaculaci\u00f3n precoz gracias a que durante el proceso de crecimiento del pene se mejora la circulaci\u00f3n sangu\u00ednea del mismo, permitiendo que las erecciones sean mucho m\u00e1s duraderas. Adem\u00e1s, al incrementar el tiempo de las erecciones tambi\u00e9n ayudar\u00e1 a que los orgasmos resulten mucho m\u00e1s intensos y placenteros<br \/>\n\u2022 Consigue mejorar la autoestima de los hombres, permitiendo que estos se sientan m\u00e1s c\u00f3modos y confiados con su virilidad. Gracias a este gel, muchos hombres han dejado atr\u00e1s sus complejos y ello es algo que se ha notado tanto en su car\u00e1cter como en los h\u00e1bitos a nivel sexual<\/p>\n<p>\u2013 Los componentes naturales relajan los m\u00fasculos, haci\u00e9ndolos m\u00e1s el\u00e1sticos;<\/p>\n<p>\u2013 Mejora de la circulaci\u00f3n sangu\u00ednea seguida del crecimiento de la actividad muscular;<\/p>\n<p>\u2013 Los ejercicios conducen a la obtenci\u00f3n gradual de los resultados deseados.<\/p>\n<p>Use el Titan Gel de acuerdo con nuestras instrucciones. Esto le permitir\u00e1 aumentar su pene sin riesgos para la salud. No te llevar\u00e1 mucho tiempo y no tendr\u00e1s que hacer unos ejercicios complejos. Las tecnolog\u00edas mas innovadoras y unos componentes herbales naturales de la crema proporcionan una alta eficiencia.<\/p>\n<p>Los primeros resultados de la aplicaci\u00f3n de Titan Gel aparecen despu\u00e9s de unos 21 d\u00edas de uso. Se expresan en relaciones sexuales prolongadas y en la dureza del pene. Despu\u00e9s de usar este producto durante un mes, el tama\u00f1o del pene puede aumentar entre 5 y 7 cent\u00edmetros.<\/p>\n<p>La naturaleza revolucionaria del gel consta en la mejora del flujo sangu\u00edneo al cuerpo cavernoso del pene, que es clave para la ampliaci\u00f3n del pene. Al aplicar la crema, se puede lograr acelerar significativamente su efecto combin\u00e1ndolo con ejercicios que tambi\u00e9n pueden estimular el crecimiento del pene (longitud y circunferencia). Esta combinaci\u00f3n (crema + ejercicios) proporciona la respuesta a la pregunta de c\u00f3mo usar Titan Gel para realmente lograr el m\u00e1ximo efecto.<\/p>\n<p>Por qu\u00e9 Titan Gel impulsa los resultados de los ejercicios?<\/p>\n<p>\u00bfCu\u00e1l es el mecanismo de acci\u00f3n de Titan Gel? La crema contiene componentes 100% seguros y que se absorben en la piel del pene. Penetran m\u00e1s profundamente a nivel celular, estimulando el deseo sexual, aumentando la sensibilidad y, lo m\u00e1s importante, estirando el cuerpo cavernoso del pene.<\/p>\n<p>Este proceso, la expansi\u00f3n del cuerpo cavernoso, se desencadena por el aumento del flujo sangu\u00edneo causado por los agentes activos en la crema. Los ejercicios descritos persiguen un objetivo similar: crear tensi\u00f3n y obligar la sangre fluir hacia el pene.<\/p>\n<p>En primer lugar, combinar la crema con ejercicios manuales dar\u00e1 lugar a una considerable aumento del pene. En segundo lugar, har\u00eda que tu sexo dure m\u00e1s tiempo, podr\u00e1s controlar la eyaculaci\u00f3n precoz, aumentar la sensibilidad de tu pene y mejorar tu deseo sexual.<\/p>\n<p>Aqua, Sodium Polyacrylate, Dimethicone, Cyclopentasiloxane, Trideceth-6,<\/p>\n<p>PEG\/PPG-18\/18 Dimethicone, propylene Glycol, Poloxamer, Verbena Officinalis (Vervain)<\/p>\n<p>Flower\/Leaf Extract, Sodium Hyaluronate, Succinic Acid, Fragaria vesca (Strawberry) Fruit Extract, Menthol, Phenoxyethanol, Glyceryl Laurate, Sodium Hydroxide<\/p>\n","protected":false},"excerpt":{"rendered":"<p>Beneficios de Titan gel \u00a0mejora del miembro masculino Muchos son los beneficios que ofrece Titan gel Oficial a los hombres que se aplican esta crema, y es que esta crema se ha convertido en una gran aliada de miles de hombres de todo el mundo que buscaban un producto seguro, sin efectos secundarios y contraindicaciones [&hellip;]<\/p>\n","protected":false},"featured_media":1668,"comment_status":"open","ping_status":"closed","template":"","meta":[],"product_brand":[],"product_cat":[39],"product_tag":[],"class_list":{"0":"post-1667","1":"product","2":"type-product","3":"status-publish","4":"has-post-thumbnail","6":"product_cat-desarrolladores","8":"first","9":"instock","10":"featured","11":"shipping-taxable","12":"purchasable","13":"product-type-simple"},"_links":{"self":[{"href":"https:\/\/tiendasamor.com\/index.php\/wp-json\/wp\/v2\/product\/1667","targetHints":{"allow":["GET"]}}],"collection":[{"href":"https:\/\/tiendasamor.com\/index.php\/wp-json\/wp\/v2\/product"}],"about":[{"href":"https:\/\/tiendasamor.com\/index.php\/wp-json\/wp\/v2\/types\/product"}],"replies":[{"embeddable":true,"href":"https:\/\/tiendasamor.com\/index.php\/wp-json\/wp\/v2\/comments?post=1667"}],"wp:featuredmedia":[{"embeddable":true,"href":"https:\/\/tiendasamor.com\/index.php\/wp-json\/wp\/v2\/media\/1668"}],"wp:attachment":[{"href":"https:\/\/tiendasamor.com\/index.php\/wp-json\/wp\/v2\/media?parent=1667"}],"wp:term":[{"taxonomy":"product_brand","embeddable":true,"href":"https:\/\/tiendasamor.com\/index.php\/wp-json\/wp\/v2\/product_brand?post=1667"},{"taxonomy":"product_cat","embeddable":true,"href":"https:\/\/tiendasamor.com\/index.php\/wp-json\/wp\/v2\/product_cat?post=1667"},{"taxonomy":"product_tag","embeddable":true,"href":"https:\/\/tiendasamor.com\/index.php\/wp-json\/wp\/v2\/product_tag?post=1667"}],"curies":[{"name":"wp","href":"https:\/\/api.w.org\/{rel}","templated":true}]}}