{"id":1664,"date":"2023-12-09T19:38:11","date_gmt":"2023-12-10T00:38:11","guid":{"rendered":"https:\/\/tiendasamor.com\/?post_type=product&#038;p=1664"},"modified":"2024-05-14T22:08:29","modified_gmt":"2024-05-15T03:08:29","slug":"titan-gel-gold","status":"publish","type":"product","link":"https:\/\/tiendasamor.com\/index.php\/producto\/titan-gel-gold\/","title":{"rendered":"Titan Gel Gold"},"content":{"rendered":"<p>TITAN GEL GOLD (ORIGINAL)<\/p>\n<p>DESARROLLADOR TITAN GEL GOLD (ORIGINAL),\u00a0 es una f\u00f3rmula t\u00f3pica para la mejora el miembro masculino que proporciona un sistema de administraci\u00f3n transd\u00e9rmica \u00fanico para la absorci\u00f3n r\u00e1pida y la obtenci\u00f3n de resultados de manera inmediata. Titan Gel Gold es un producto natural para la\u00a0<a href=\"http:\/\/oficialtitangel.com\/\">mejora del miembro masculino<\/a>\u00a0que dilata de manera significativa los vasos sangu\u00edneos y capilares.<\/p>\n<p>\u00bfC\u00f3mo funciona?<br \/>\nEste producto es diferente a los geles de baja calidad que tienen una baja tasa de absorci\u00f3n y efectos secundarios negativos debido a sus ingredientes baratos. Titan Gel Gold es la f\u00f3rmula m\u00e1s r\u00e1pida disponible, ya que se absorbe muy r\u00e1pidamente y los ingredientes Premium activos van directamente a trabajar d\u00e1ndote erecciones de manera m\u00e1s r\u00e1pida y eficaz. \u00a1Lo que es m\u00e1s, los ingredientes activos penetran profundamente en el pene, lo que lo hace m\u00e1s grande y m\u00e1s grueso en un abrir y cerrar de ojos!<\/p>\n<p>POR QU\u00c9 \u201cTITAN GEL\u201d IMPULSA LOS RESULTADOS DE LOS EJERCICIOS?<br \/>\n\u00bfCu\u00e1l es el mecanismo de acci\u00f3n de \u201cTitan Gel\u201d? La crema contiene componentes 100% seguros y que se absorben en la piel del pene. Penetran m\u00e1s profundamente a nivel celular, estimulando el deseo sexual, aumentando la sensibilidad y, lo m\u00e1s importante, estirando el cuerpo cavernoso del pene.<\/p>\n<p>Este proceso, la expansi\u00f3n del cuerpo cavernoso, se desencadena por el aumento del flujo sangu\u00edneo causado por los agentes activos en la crema. Los ejercicios descritos persiguen un objetivo similar: crear tensi\u00f3n y obligar la sangre fluir hacia el pene.<\/p>\n<p>Pero vale la pena se\u00f1alar que hacer el ejercicio por separado es menos eficaz, ya que proporciona un resultado mucho m\u00e1s bajo (menor aumento en la longitud y la circunferencia) sin un estimulo interno.<\/p>\n<p>Por ejemplo, lleva aproximadamente un a\u00f1o lograr un efecto que con \u201cTitan Gel\u201d se puede lograr en unas pocas semanas. Entonces, la opci\u00f3n m\u00e1s aceptable es combinar estas dos t\u00e9cnicas, aplicando as\u00ed un \u201cgolpe doble\u201d a la vez.<\/p>\n<p>En primer lugar, combinar la crema con ejercicios manuales dar\u00e1 lugar a una considerable aumento del pene. En segundo lugar, har\u00eda que tu sexo dure m\u00e1s tiempo, podr\u00e1s controlar la eyaculaci\u00f3n precoz, aumentar la sensibilidad de tu pene y mejorar tu deseo sexual.<\/p>\n","protected":false},"excerpt":{"rendered":"<p>TITAN GEL GOLD (ORIGINAL) DESARROLLADOR TITAN GEL GOLD (ORIGINAL),\u00a0 es una f\u00f3rmula t\u00f3pica para la mejora el miembro masculino que proporciona un sistema de administraci\u00f3n transd\u00e9rmica \u00fanico para la absorci\u00f3n r\u00e1pida y la obtenci\u00f3n de resultados de manera inmediata. Titan Gel Gold es un producto natural para la\u00a0mejora del miembro masculino\u00a0que dilata de manera significativa [&hellip;]<\/p>\n","protected":false},"featured_media":1665,"comment_status":"open","ping_status":"closed","template":"","meta":[],"product_brand":[],"product_cat":[39],"product_tag":[],"class_list":{"0":"post-1664","1":"product","2":"type-product","3":"status-publish","4":"has-post-thumbnail","6":"product_cat-desarrolladores","8":"first","9":"instock","10":"featured","11":"shipping-taxable","12":"purchasable","13":"product-type-simple"},"_links":{"self":[{"href":"https:\/\/tiendasamor.com\/index.php\/wp-json\/wp\/v2\/product\/1664","targetHints":{"allow":["GET"]}}],"collection":[{"href":"https:\/\/tiendasamor.com\/index.php\/wp-json\/wp\/v2\/product"}],"about":[{"href":"https:\/\/tiendasamor.com\/index.php\/wp-json\/wp\/v2\/types\/product"}],"replies":[{"embeddable":true,"href":"https:\/\/tiendasamor.com\/index.php\/wp-json\/wp\/v2\/comments?post=1664"}],"wp:featuredmedia":[{"embeddable":true,"href":"https:\/\/tiendasamor.com\/index.php\/wp-json\/wp\/v2\/media\/1665"}],"wp:attachment":[{"href":"https:\/\/tiendasamor.com\/index.php\/wp-json\/wp\/v2\/media?parent=1664"}],"wp:term":[{"taxonomy":"product_brand","embeddable":true,"href":"https:\/\/tiendasamor.com\/index.php\/wp-json\/wp\/v2\/product_brand?post=1664"},{"taxonomy":"product_cat","embeddable":true,"href":"https:\/\/tiendasamor.com\/index.php\/wp-json\/wp\/v2\/product_cat?post=1664"},{"taxonomy":"product_tag","embeddable":true,"href":"https:\/\/tiendasamor.com\/index.php\/wp-json\/wp\/v2\/product_tag?post=1664"}],"curies":[{"name":"wp","href":"https:\/\/api.w.org\/{rel}","templated":true}]}}