{"id":1661,"date":"2023-12-09T19:35:23","date_gmt":"2023-12-10T00:35:23","guid":{"rendered":"https:\/\/tiendasamor.com\/?post_type=product&#038;p=1661"},"modified":"2024-05-14T19:36:46","modified_gmt":"2024-05-15T00:36:46","slug":"maral-gel","status":"publish","type":"product","link":"https:\/\/tiendasamor.com\/index.php\/producto\/maral-gel\/","title":{"rendered":"Maral Gel"},"content":{"rendered":"<p><strong>Maral Gel<\/strong>\u00a0es un agrandador de pene. El producto puede utilizarse a diario o de manera esporadica, antes de tener relaciones. El gel tiene un agradable olor a menta y una composici\u00f3n completamente natural.<\/p>\n<p>Puede ser utilizada por hombres mayores de 18 a\u00f1os, edad en la que se completa el proceso de formaci\u00f3n del \u00f3rgano sexual, y queda claro si es necesario aumentarlo. El agrandador de pene\u00a0<strong>Maral Gel<\/strong>\u00a0contiene componentes de origen vegetal. Gracias a la competente combinaci\u00f3n de sustancias activas, puede tener un cambio favorecedor en el tama\u00f1o del miembro.<\/p>\n<p><strong>Instrucciones: \u00bfc\u00f3mo usar Maral Gel?<\/strong><\/p>\n<p>El estimulante Maral Gel debe aplicarse con ligeros movimientos de masaje sobre la piel del pene previamente limpiada al menos 2 veces al d\u00eda. La duraci\u00f3n m\u00ednima de la aplicaci\u00f3n del producto de alargamiento del pene es de 1 mes. Luego, dependiendo de las preferencias personales, puede extender el curso o detenerse en los resultados obtenidos. Posteriormente, el gel puede ser utilizado como lubricante \u2013 su composici\u00f3n ayuda a aumentar la sensibilidad durante la intimidad \u00edntima, lo que es beneficioso para su calidad.<\/p>\n<p>Inmediatamente despu\u00e9s de la aplicaci\u00f3n en la piel, la consistencia de Maral Gel se absorbe, aumenta el flujo de sangre al pene, desencadena el mecanismo de crecimiento de las estructuras de las cavidades. Los componentes activos del medio eliminan las toxinas de los tejidos y detienen los procesos inflamatorios que progresan en los genitales, impidiendo su aumento. La droga a\u00f1ade sin dolor cent\u00edmetros a la longitud y anchura del pene, y mantiene el resultado.<\/p>\n","protected":false},"excerpt":{"rendered":"<p>Maral Gel\u00a0es un agrandador de pene. El producto puede utilizarse a diario o de manera esporadica, antes de tener relaciones. El gel tiene un agradable olor a menta y una composici\u00f3n completamente natural. Puede ser utilizada por hombres mayores de 18 a\u00f1os, edad en la que se completa el proceso de formaci\u00f3n del \u00f3rgano sexual, [&hellip;]<\/p>\n","protected":false},"featured_media":1662,"comment_status":"open","ping_status":"closed","template":"","meta":[],"product_brand":[],"product_cat":[39],"product_tag":[],"class_list":{"0":"post-1661","1":"product","2":"type-product","3":"status-publish","4":"has-post-thumbnail","6":"product_cat-desarrolladores","8":"first","9":"instock","10":"featured","11":"shipping-taxable","12":"purchasable","13":"product-type-simple"},"_links":{"self":[{"href":"https:\/\/tiendasamor.com\/index.php\/wp-json\/wp\/v2\/product\/1661","targetHints":{"allow":["GET"]}}],"collection":[{"href":"https:\/\/tiendasamor.com\/index.php\/wp-json\/wp\/v2\/product"}],"about":[{"href":"https:\/\/tiendasamor.com\/index.php\/wp-json\/wp\/v2\/types\/product"}],"replies":[{"embeddable":true,"href":"https:\/\/tiendasamor.com\/index.php\/wp-json\/wp\/v2\/comments?post=1661"}],"wp:featuredmedia":[{"embeddable":true,"href":"https:\/\/tiendasamor.com\/index.php\/wp-json\/wp\/v2\/media\/1662"}],"wp:attachment":[{"href":"https:\/\/tiendasamor.com\/index.php\/wp-json\/wp\/v2\/media?parent=1661"}],"wp:term":[{"taxonomy":"product_brand","embeddable":true,"href":"https:\/\/tiendasamor.com\/index.php\/wp-json\/wp\/v2\/product_brand?post=1661"},{"taxonomy":"product_cat","embeddable":true,"href":"https:\/\/tiendasamor.com\/index.php\/wp-json\/wp\/v2\/product_cat?post=1661"},{"taxonomy":"product_tag","embeddable":true,"href":"https:\/\/tiendasamor.com\/index.php\/wp-json\/wp\/v2\/product_tag?post=1661"}],"curies":[{"name":"wp","href":"https:\/\/api.w.org\/{rel}","templated":true}]}}