{"id":1657,"date":"2023-12-09T19:27:36","date_gmt":"2023-12-10T00:27:36","guid":{"rendered":"https:\/\/tiendasamor.com\/?post_type=product&#038;p=1657"},"modified":"2023-12-09T19:29:14","modified_gmt":"2023-12-10T00:29:14","slug":"silicone-10-beads","status":"publish","type":"product","link":"https:\/\/tiendasamor.com\/index.php\/producto\/silicone-10-beads\/","title":{"rendered":"SILICONE 10 BEADS"},"content":{"rendered":"<p>Luxe Silicone 10 te permiten explorar el juego anal de forma segura. Las 10 perlas de silicona son exactamente como suenan: 10 perlas de silicona graduadas en tama\u00f1o hechas de silicona satinada suave.<\/p>\n<p>El tama\u00f1o y el lazo al final aseguran una f\u00e1cil inserci\u00f3n y recuperaci\u00f3n. Nuestras 10 perlas de silicona vienen en tres exuberantes colores: rosa, morado e \u00edndigo. Perfectas para el comienzo de la exploraci\u00f3n anal, ser\u00edan un excelente regalo para que un amante env\u00ede una pista sutil. Hecho de silicona curada con platino sin fragancia:<\/p>\n<p>\u00a1este juguete es seguro para el cuerpo y f\u00e1cil de limpiar! Simplemente l\u00e1vese con agua y jab\u00f3n tibia, o con su limpiador de juguetes favorito, antes y despu\u00e9s de cada uso.<\/p>\n<ul class=\"a-unordered-list a-vertical a-spacing-mini\">\n<li><span class=\"a-list-item\">Hecho de silicona satinada suave y segura para el cuerpo<\/span><\/li>\n<li><span class=\"a-list-item\">El tama\u00f1o perfecto para principiantes<\/span><\/li>\n<li>10 cuentas de tama\u00f1o creciente<\/li>\n<li>Mango enrollado para una f\u00e1cil recuperaci\u00f3n<\/li>\n<li>Acabado satinado liso y flexible<\/li>\n<li>F\u00e1cil uso y limpieza<\/li>\n<li><span class=\"a-list-item\">Largo total: 31.8 cm \u2013 Insertable: 26 cm<\/span><\/li>\n<\/ul>\n","protected":false},"excerpt":{"rendered":"<p>Luxe Silicone 10 te permiten explorar el juego anal de forma segura. Las 10 perlas de silicona son exactamente como suenan: 10 perlas de silicona graduadas en tama\u00f1o hechas de silicona satinada suave. El tama\u00f1o y el lazo al final aseguran una f\u00e1cil inserci\u00f3n y recuperaci\u00f3n. Nuestras 10 perlas de silicona vienen en tres exuberantes [&hellip;]<\/p>\n","protected":false},"featured_media":1658,"comment_status":"open","ping_status":"closed","template":"","meta":[],"product_brand":[],"product_cat":[35,40],"product_tag":[],"class_list":{"0":"post-1657","1":"product","2":"type-product","3":"status-publish","4":"has-post-thumbnail","6":"product_cat-anales","7":"product_cat-bolas-chinas","9":"first","10":"instock","11":"shipping-taxable","12":"purchasable","13":"product-type-simple"},"_links":{"self":[{"href":"https:\/\/tiendasamor.com\/index.php\/wp-json\/wp\/v2\/product\/1657","targetHints":{"allow":["GET"]}}],"collection":[{"href":"https:\/\/tiendasamor.com\/index.php\/wp-json\/wp\/v2\/product"}],"about":[{"href":"https:\/\/tiendasamor.com\/index.php\/wp-json\/wp\/v2\/types\/product"}],"replies":[{"embeddable":true,"href":"https:\/\/tiendasamor.com\/index.php\/wp-json\/wp\/v2\/comments?post=1657"}],"wp:featuredmedia":[{"embeddable":true,"href":"https:\/\/tiendasamor.com\/index.php\/wp-json\/wp\/v2\/media\/1658"}],"wp:attachment":[{"href":"https:\/\/tiendasamor.com\/index.php\/wp-json\/wp\/v2\/media?parent=1657"}],"wp:term":[{"taxonomy":"product_brand","embeddable":true,"href":"https:\/\/tiendasamor.com\/index.php\/wp-json\/wp\/v2\/product_brand?post=1657"},{"taxonomy":"product_cat","embeddable":true,"href":"https:\/\/tiendasamor.com\/index.php\/wp-json\/wp\/v2\/product_cat?post=1657"},{"taxonomy":"product_tag","embeddable":true,"href":"https:\/\/tiendasamor.com\/index.php\/wp-json\/wp\/v2\/product_tag?post=1657"}],"curies":[{"name":"wp","href":"https:\/\/api.w.org\/{rel}","templated":true}]}}