{"id":1654,"date":"2023-12-09T19:09:51","date_gmt":"2023-12-10T00:09:51","guid":{"rendered":"https:\/\/tiendasamor.com\/?post_type=product&#038;p=1654"},"modified":"2023-12-09T19:09:52","modified_gmt":"2023-12-10T00:09:52","slug":"basic-traiming-gun-drops-2","status":"publish","type":"product","link":"https:\/\/tiendasamor.com\/index.php\/producto\/basic-traiming-gun-drops-2\/","title":{"rendered":"Basic Traiming Gun Drops 2"},"content":{"rendered":"<p>Gun Drops es el juguete anal perfecto para principiantes, si solo est\u00e1 experimentando o si ha dudado en probar el juego anal.<\/p>\n<p>Con una longitud de 6.6 cm y una base f\u00e1cil de agarrar, hace que la inserci\u00f3n o recuperaci\u00f3n de su\u00a0 sea simplemente una delicia.<\/p>\n<p>Hecho de PVC, un material suave, flexible y no t\u00f3xico que se usa solo en juguetes de calidad.<\/p>\n<ul>\n<li>Ideal para principiantes<\/li>\n<li>Material PVC suave y flexible<\/li>\n<li>Largo total: 6.6 cm \u2013 Ancho: 2.4 cm<\/li>\n<\/ul>\n","protected":false},"excerpt":{"rendered":"<p>Gun Drops es el juguete anal perfecto para principiantes, si solo est\u00e1 experimentando o si ha dudado en probar el juego anal. Con una longitud de 6.6 cm y una base f\u00e1cil de agarrar, hace que la inserci\u00f3n o recuperaci\u00f3n de su\u00a0 sea simplemente una delicia. Hecho de PVC, un material suave, flexible y no [&hellip;]<\/p>\n","protected":false},"featured_media":1655,"comment_status":"open","ping_status":"closed","template":"","meta":[],"product_brand":[],"product_cat":[35],"product_tag":[],"class_list":{"0":"post-1654","1":"product","2":"type-product","3":"status-publish","4":"has-post-thumbnail","6":"product_cat-anales","8":"first","9":"instock","10":"shipping-taxable","11":"purchasable","12":"product-type-simple"},"_links":{"self":[{"href":"https:\/\/tiendasamor.com\/index.php\/wp-json\/wp\/v2\/product\/1654","targetHints":{"allow":["GET"]}}],"collection":[{"href":"https:\/\/tiendasamor.com\/index.php\/wp-json\/wp\/v2\/product"}],"about":[{"href":"https:\/\/tiendasamor.com\/index.php\/wp-json\/wp\/v2\/types\/product"}],"replies":[{"embeddable":true,"href":"https:\/\/tiendasamor.com\/index.php\/wp-json\/wp\/v2\/comments?post=1654"}],"wp:featuredmedia":[{"embeddable":true,"href":"https:\/\/tiendasamor.com\/index.php\/wp-json\/wp\/v2\/media\/1655"}],"wp:attachment":[{"href":"https:\/\/tiendasamor.com\/index.php\/wp-json\/wp\/v2\/media?parent=1654"}],"wp:term":[{"taxonomy":"product_brand","embeddable":true,"href":"https:\/\/tiendasamor.com\/index.php\/wp-json\/wp\/v2\/product_brand?post=1654"},{"taxonomy":"product_cat","embeddable":true,"href":"https:\/\/tiendasamor.com\/index.php\/wp-json\/wp\/v2\/product_cat?post=1654"},{"taxonomy":"product_tag","embeddable":true,"href":"https:\/\/tiendasamor.com\/index.php\/wp-json\/wp\/v2\/product_tag?post=1654"}],"curies":[{"name":"wp","href":"https:\/\/api.w.org\/{rel}","templated":true}]}}