{"id":1646,"date":"2023-12-09T18:40:00","date_gmt":"2023-12-09T23:40:00","guid":{"rendered":"https:\/\/tiendasamor.com\/?post_type=product&#038;p=1646"},"modified":"2023-12-09T19:02:15","modified_gmt":"2023-12-10T00:02:15","slug":"revolutionary-silicone-nature-extender-add-2-inch","status":"publish","type":"product","link":"https:\/\/tiendasamor.com\/index.php\/producto\/revolutionary-silicone-nature-extender-add-2-inch\/","title":{"rendered":"Revolutionary Silicone Nature Extender Add 2 inch"},"content":{"rendered":"<p>Extensor natural de silicona con bala vibradora incluida. Experiencia s\u00faper real con este extensor de pene que vale cada pulgada. Extiende el pene y agranda la circunferencia completa. Dise\u00f1ado para usar durante el coito. El\u00e1stico, seguro y c\u00f3modo. Punta firme para una f\u00e1cil penetraci\u00f3n. Impermeable, sin l\u00e1tex, sin ftalato.<\/p>\n<p>Longitud total: 7.5 pulgadas<\/p>\n<p>Ancho: 1.8 pulgadas Longitud insertable: 5.5 pulgadas.<\/p>\n<p>Di\u00e1metro interno: 1.2 pulgadas<\/p>\n<p>&nbsp;<\/p>\n","protected":false},"excerpt":{"rendered":"<p>Extensor natural de silicona con bala vibradora incluida. Experiencia s\u00faper real con este extensor de pene que vale cada pulgada. Extiende el pene y agranda la circunferencia completa. Dise\u00f1ado para usar durante el coito. El\u00e1stico, seguro y c\u00f3modo. Punta firme para una f\u00e1cil penetraci\u00f3n. Impermeable, sin l\u00e1tex, sin ftalato. Longitud total: 7.5 pulgadas Ancho: 1.8 [&hellip;]<\/p>\n","protected":false},"featured_media":1653,"comment_status":"open","ping_status":"closed","template":"","meta":[],"product_brand":[],"product_cat":[45,46],"product_tag":[],"class_list":{"0":"post-1646","1":"product","2":"type-product","3":"status-publish","4":"has-post-thumbnail","6":"product_cat-fundas-extensoras","7":"product_cat-protesis","9":"first","10":"instock","11":"shipping-taxable","12":"purchasable","13":"product-type-simple"},"_links":{"self":[{"href":"https:\/\/tiendasamor.com\/index.php\/wp-json\/wp\/v2\/product\/1646","targetHints":{"allow":["GET"]}}],"collection":[{"href":"https:\/\/tiendasamor.com\/index.php\/wp-json\/wp\/v2\/product"}],"about":[{"href":"https:\/\/tiendasamor.com\/index.php\/wp-json\/wp\/v2\/types\/product"}],"replies":[{"embeddable":true,"href":"https:\/\/tiendasamor.com\/index.php\/wp-json\/wp\/v2\/comments?post=1646"}],"wp:featuredmedia":[{"embeddable":true,"href":"https:\/\/tiendasamor.com\/index.php\/wp-json\/wp\/v2\/media\/1653"}],"wp:attachment":[{"href":"https:\/\/tiendasamor.com\/index.php\/wp-json\/wp\/v2\/media?parent=1646"}],"wp:term":[{"taxonomy":"product_brand","embeddable":true,"href":"https:\/\/tiendasamor.com\/index.php\/wp-json\/wp\/v2\/product_brand?post=1646"},{"taxonomy":"product_cat","embeddable":true,"href":"https:\/\/tiendasamor.com\/index.php\/wp-json\/wp\/v2\/product_cat?post=1646"},{"taxonomy":"product_tag","embeddable":true,"href":"https:\/\/tiendasamor.com\/index.php\/wp-json\/wp\/v2\/product_tag?post=1646"}],"curies":[{"name":"wp","href":"https:\/\/api.w.org\/{rel}","templated":true}]}}