{"id":1638,"date":"2023-12-09T17:43:02","date_gmt":"2023-12-09T22:43:02","guid":{"rendered":"https:\/\/tiendasamor.com\/?post_type=product&#038;p=1638"},"modified":"2024-06-01T18:33:21","modified_gmt":"2024-06-01T23:33:21","slug":"vibrador-realtouchxxx","status":"publish","type":"product","link":"https:\/\/tiendasamor.com\/index.php\/producto\/vibrador-realtouchxxx\/","title":{"rendered":"Vibrador RealTouchXXX"},"content":{"rendered":"<p>Vibrador muy suave al tacto, textura para estimular paredes vaginales, test\u00edculos, vibraci\u00f3n regulable; material real\u00edstico libre de l\u00e1tex y ptalatos. A prueba de agua. Medidas: 18cm, 3.8cm<\/p>\n<ul>\n<li>Material: TPR+ Silicona<\/li>\n<li>Largo: 18cm<\/li>\n<li>Insertable: 17cm<br \/>\nAncho: 3.8cm<\/li>\n<li>libre de falafeno<\/li>\n<\/ul>\n","protected":false},"excerpt":{"rendered":"<p>Vibrador muy suave al tacto, textura para estimular paredes vaginales, test\u00edculos, vibraci\u00f3n regulable; material real\u00edstico libre de l\u00e1tex y ptalatos. A prueba de agua. Medidas: 18cm, 3.8cm Material: TPR+ Silicona Largo: 18cm Insertable: 17cm Ancho: 3.8cm libre de falafeno<\/p>\n","protected":false},"featured_media":1644,"comment_status":"open","ping_status":"closed","template":"","meta":[],"product_brand":[],"product_cat":[45,27],"product_tag":[],"class_list":{"0":"post-1638","1":"product","2":"type-product","3":"status-publish","4":"has-post-thumbnail","6":"product_cat-fundas-extensoras","7":"product_cat-vibradores","9":"first","10":"instock","11":"shipping-taxable","12":"purchasable","13":"product-type-simple"},"_links":{"self":[{"href":"https:\/\/tiendasamor.com\/index.php\/wp-json\/wp\/v2\/product\/1638","targetHints":{"allow":["GET"]}}],"collection":[{"href":"https:\/\/tiendasamor.com\/index.php\/wp-json\/wp\/v2\/product"}],"about":[{"href":"https:\/\/tiendasamor.com\/index.php\/wp-json\/wp\/v2\/types\/product"}],"replies":[{"embeddable":true,"href":"https:\/\/tiendasamor.com\/index.php\/wp-json\/wp\/v2\/comments?post=1638"}],"wp:featuredmedia":[{"embeddable":true,"href":"https:\/\/tiendasamor.com\/index.php\/wp-json\/wp\/v2\/media\/1644"}],"wp:attachment":[{"href":"https:\/\/tiendasamor.com\/index.php\/wp-json\/wp\/v2\/media?parent=1638"}],"wp:term":[{"taxonomy":"product_brand","embeddable":true,"href":"https:\/\/tiendasamor.com\/index.php\/wp-json\/wp\/v2\/product_brand?post=1638"},{"taxonomy":"product_cat","embeddable":true,"href":"https:\/\/tiendasamor.com\/index.php\/wp-json\/wp\/v2\/product_cat?post=1638"},{"taxonomy":"product_tag","embeddable":true,"href":"https:\/\/tiendasamor.com\/index.php\/wp-json\/wp\/v2\/product_tag?post=1638"}],"curies":[{"name":"wp","href":"https:\/\/api.w.org\/{rel}","templated":true}]}}