{"id":1633,"date":"2023-12-09T17:21:39","date_gmt":"2023-12-09T22:21:39","guid":{"rendered":"https:\/\/tiendasamor.com\/?post_type=product&#038;p=1633"},"modified":"2023-12-09T17:22:42","modified_gmt":"2023-12-09T22:22:42","slug":"lascivious-dildo","status":"publish","type":"product","link":"https:\/\/tiendasamor.com\/index.php\/producto\/lascivious-dildo\/","title":{"rendered":"LASCIVIOUS DILDO"},"content":{"rendered":"<p>Dise\u00f1ada para ofrecer la satisfacci\u00f3n m\u00e1s real, este consolador textura piel es incre\u00edblemente realista, su cuerpo crea una sensaci\u00f3n aut\u00e9ntica tanto por dentro como por fuera.<br \/>\nTe encantar\u00e1 la sensaci\u00f3n natural en tu cuerpo, su base tipo ventosa se adhiere a cualquier superficie plana y tambi\u00e9n lo puedes usar con arn\u00e9s.<\/p>\n<ul>\n<li>Material: TPE<br \/>\nLibre de l\u00e1tex100% contra agua<br \/>\nF\u00e1cil de limpiar<\/li>\n<li>Largo: 21 cm<\/li>\n<li>Insertable: 19cm Ancho: 3.8<\/li>\n<li>Color: Moca<\/li>\n<\/ul>\n","protected":false},"excerpt":{"rendered":"<p>Dise\u00f1ada para ofrecer la satisfacci\u00f3n m\u00e1s real, este consolador textura piel es incre\u00edblemente realista, su cuerpo crea una sensaci\u00f3n aut\u00e9ntica tanto por dentro como por fuera. Te encantar\u00e1 la sensaci\u00f3n natural en tu cuerpo, su base tipo ventosa se adhiere a cualquier superficie plana y tambi\u00e9n lo puedes usar con arn\u00e9s. Material: TPE Libre de [&hellip;]<\/p>\n","protected":false},"featured_media":1637,"comment_status":"open","ping_status":"closed","template":"","meta":[],"product_brand":[],"product_cat":[29],"product_tag":[],"class_list":{"0":"post-1633","1":"product","2":"type-product","3":"status-publish","4":"has-post-thumbnail","6":"product_cat-consoladores-y-dildos","8":"first","9":"instock","10":"shipping-taxable","11":"purchasable","12":"product-type-simple"},"_links":{"self":[{"href":"https:\/\/tiendasamor.com\/index.php\/wp-json\/wp\/v2\/product\/1633","targetHints":{"allow":["GET"]}}],"collection":[{"href":"https:\/\/tiendasamor.com\/index.php\/wp-json\/wp\/v2\/product"}],"about":[{"href":"https:\/\/tiendasamor.com\/index.php\/wp-json\/wp\/v2\/types\/product"}],"replies":[{"embeddable":true,"href":"https:\/\/tiendasamor.com\/index.php\/wp-json\/wp\/v2\/comments?post=1633"}],"wp:featuredmedia":[{"embeddable":true,"href":"https:\/\/tiendasamor.com\/index.php\/wp-json\/wp\/v2\/media\/1637"}],"wp:attachment":[{"href":"https:\/\/tiendasamor.com\/index.php\/wp-json\/wp\/v2\/media?parent=1633"}],"wp:term":[{"taxonomy":"product_brand","embeddable":true,"href":"https:\/\/tiendasamor.com\/index.php\/wp-json\/wp\/v2\/product_brand?post=1633"},{"taxonomy":"product_cat","embeddable":true,"href":"https:\/\/tiendasamor.com\/index.php\/wp-json\/wp\/v2\/product_cat?post=1633"},{"taxonomy":"product_tag","embeddable":true,"href":"https:\/\/tiendasamor.com\/index.php\/wp-json\/wp\/v2\/product_tag?post=1633"}],"curies":[{"name":"wp","href":"https:\/\/api.w.org\/{rel}","templated":true}]}}