{"id":1628,"date":"2023-12-09T17:07:52","date_gmt":"2023-12-09T22:07:52","guid":{"rendered":"https:\/\/tiendasamor.com\/?post_type=product&#038;p=1628"},"modified":"2023-12-09T17:10:06","modified_gmt":"2023-12-09T22:10:06","slug":"pleasure-kiss-vibrating-bullet-pink","status":"publish","type":"product","link":"https:\/\/tiendasamor.com\/index.php\/producto\/pleasure-kiss-vibrating-bullet-pink\/","title":{"rendered":"Pleasure Kiss Vibrating Bullet-Pink"},"content":{"rendered":"<p>Dise\u00f1o y potencia se unen en esta peque\u00f1a joya de placer:<\/p>\n<p>Es un huevo vibrador pr\u00e1ctico y de forma moderna, dotado de una superficie de tacto suave y un potente motor que lo hace ideal para irritar zonas er\u00f3genas mediante vibraciones regulables seg\u00fan el deseo del momento.<\/p>\n<p>Fabricado con materiales de alta calidad, el juguete tiene m\u00faltiples modos de vibraci\u00f3n y una c\u00f3moda correa para retirarlo de forma segura.<\/p>\n<p>No solo ofrece momentos de placer extremo en solitario, sino que con el control remoto incluido tambi\u00e9n puedes jugar juegos calientes con tu pareja en lugares p\u00fablicos y experimentar placer en secreto.<\/p>\n<ul>\n<li>Carga con el cable USB incluido.<\/li>\n<li>Material: silicona + ABS<\/li>\n<li>Longitud total 17 cm.<\/li>\n<li>10 modos<\/li>\n<\/ul>\n","protected":false},"excerpt":{"rendered":"<p>Dise\u00f1o y potencia se unen en esta peque\u00f1a joya de placer: Es un huevo vibrador pr\u00e1ctico y de forma moderna, dotado de una superficie de tacto suave y un potente motor que lo hace ideal para irritar zonas er\u00f3genas mediante vibraciones regulables seg\u00fan el deseo del momento. Fabricado con materiales de alta calidad, el juguete [&hellip;]<\/p>\n","protected":false},"featured_media":1632,"comment_status":"open","ping_status":"closed","template":"","meta":[],"product_brand":[],"product_cat":[44,27],"product_tag":[],"class_list":{"0":"post-1628","1":"product","2":"type-product","3":"status-publish","4":"has-post-thumbnail","6":"product_cat-clitorales","7":"product_cat-vibradores","9":"first","10":"instock","11":"shipping-taxable","12":"purchasable","13":"product-type-simple"},"_links":{"self":[{"href":"https:\/\/tiendasamor.com\/index.php\/wp-json\/wp\/v2\/product\/1628","targetHints":{"allow":["GET"]}}],"collection":[{"href":"https:\/\/tiendasamor.com\/index.php\/wp-json\/wp\/v2\/product"}],"about":[{"href":"https:\/\/tiendasamor.com\/index.php\/wp-json\/wp\/v2\/types\/product"}],"replies":[{"embeddable":true,"href":"https:\/\/tiendasamor.com\/index.php\/wp-json\/wp\/v2\/comments?post=1628"}],"wp:featuredmedia":[{"embeddable":true,"href":"https:\/\/tiendasamor.com\/index.php\/wp-json\/wp\/v2\/media\/1632"}],"wp:attachment":[{"href":"https:\/\/tiendasamor.com\/index.php\/wp-json\/wp\/v2\/media?parent=1628"}],"wp:term":[{"taxonomy":"product_brand","embeddable":true,"href":"https:\/\/tiendasamor.com\/index.php\/wp-json\/wp\/v2\/product_brand?post=1628"},{"taxonomy":"product_cat","embeddable":true,"href":"https:\/\/tiendasamor.com\/index.php\/wp-json\/wp\/v2\/product_cat?post=1628"},{"taxonomy":"product_tag","embeddable":true,"href":"https:\/\/tiendasamor.com\/index.php\/wp-json\/wp\/v2\/product_tag?post=1628"}],"curies":[{"name":"wp","href":"https:\/\/api.w.org\/{rel}","templated":true}]}}