{"id":1621,"date":"2023-12-09T16:58:55","date_gmt":"2023-12-09T21:58:55","guid":{"rendered":"https:\/\/tiendasamor.com\/?post_type=product&#038;p=1621"},"modified":"2023-12-09T17:01:45","modified_gmt":"2023-12-09T22:01:45","slug":"vibrador-recargable-sweety-teaser","status":"publish","type":"product","link":"https:\/\/tiendasamor.com\/index.php\/producto\/vibrador-recargable-sweety-teaser\/","title":{"rendered":"Vibrador Recargable Sweety Teaser"},"content":{"rendered":"<p>3Disfrute de este hermoso huevo vibrador de 10 funciones y d\u00e9jese complacer en cualquier momento y en cualquier lugar. Este peque\u00f1o juguete es suave para una estimulaci\u00f3n magn\u00edfica. Este juguete se puede usar para estimular todos tus puntos m\u00e1s dulces y mantener esa sonrisa satisfecha en tu rostro durante todo el d\u00eda. \u00dasalo cuando se apetezca!<\/p>\n<ul>\n<li>Material Silicona + ABS<\/li>\n<li>Recargable USB (Incluido)<\/li>\n<li>Control remoto (Pila CR2032, Incluido)<\/li>\n<li>Impermeable<\/li>\n<li>Largo total: 14.5 cm \u2013 Insertable: 6.5 cm \u2013 Di\u00e1metro -3.5 cm.<\/li>\n<\/ul>\n","protected":false},"excerpt":{"rendered":"<p>3Disfrute de este hermoso huevo vibrador de 10 funciones y d\u00e9jese complacer en cualquier momento y en cualquier lugar. Este peque\u00f1o juguete es suave para una estimulaci\u00f3n magn\u00edfica. Este juguete se puede usar para estimular todos tus puntos m\u00e1s dulces y mantener esa sonrisa satisfecha en tu rostro durante todo el d\u00eda. \u00dasalo cuando se [&hellip;]<\/p>\n","protected":false},"featured_media":1623,"comment_status":"open","ping_status":"closed","template":"","meta":[],"product_brand":[],"product_cat":[44,62,27],"product_tag":[],"class_list":{"0":"post-1621","1":"product","2":"type-product","3":"status-publish","4":"has-post-thumbnail","6":"product_cat-clitorales","7":"product_cat-regalos","8":"product_cat-vibradores","10":"first","11":"instock","12":"shipping-taxable","13":"purchasable","14":"product-type-simple"},"_links":{"self":[{"href":"https:\/\/tiendasamor.com\/index.php\/wp-json\/wp\/v2\/product\/1621","targetHints":{"allow":["GET"]}}],"collection":[{"href":"https:\/\/tiendasamor.com\/index.php\/wp-json\/wp\/v2\/product"}],"about":[{"href":"https:\/\/tiendasamor.com\/index.php\/wp-json\/wp\/v2\/types\/product"}],"replies":[{"embeddable":true,"href":"https:\/\/tiendasamor.com\/index.php\/wp-json\/wp\/v2\/comments?post=1621"}],"wp:featuredmedia":[{"embeddable":true,"href":"https:\/\/tiendasamor.com\/index.php\/wp-json\/wp\/v2\/media\/1623"}],"wp:attachment":[{"href":"https:\/\/tiendasamor.com\/index.php\/wp-json\/wp\/v2\/media?parent=1621"}],"wp:term":[{"taxonomy":"product_brand","embeddable":true,"href":"https:\/\/tiendasamor.com\/index.php\/wp-json\/wp\/v2\/product_brand?post=1621"},{"taxonomy":"product_cat","embeddable":true,"href":"https:\/\/tiendasamor.com\/index.php\/wp-json\/wp\/v2\/product_cat?post=1621"},{"taxonomy":"product_tag","embeddable":true,"href":"https:\/\/tiendasamor.com\/index.php\/wp-json\/wp\/v2\/product_tag?post=1621"}],"curies":[{"name":"wp","href":"https:\/\/api.w.org\/{rel}","templated":true}]}}