{"id":1616,"date":"2023-12-09T16:45:51","date_gmt":"2023-12-09T21:45:51","guid":{"rendered":"https:\/\/tiendasamor.com\/?post_type=product&#038;p=1616"},"modified":"2023-12-09T16:45:51","modified_gmt":"2023-12-09T21:45:51","slug":"easy-clean-enema","status":"publish","type":"product","link":"https:\/\/tiendasamor.com\/index.php\/producto\/easy-clean-enema\/","title":{"rendered":"Easy Clean Enema"},"content":{"rendered":"<p>Esta eficaz ducha anal es muy f\u00e1cil de usar con una bombilla suave y apretable, por lo que es absolutamente esencial para los fan\u00e1ticos de los juguetes anales y el sexo anal.<br \/>\nDucha antes de la diversi\u00f3n anal o el sexo para una experiencia limpia, fresca y placentera.<br \/>\nAplicar lubricante anal a base de agua en la boquilla brinda un deslizamiento adicional durante la inserci\u00f3n y ajusta el \u00e1ngulo de su cuerpo con un peque\u00f1o movimiento de su parte inferior para un ajuste c\u00f3modo.<\/p>\n<ul>\n<li>Material seguro para el cuerpo.<\/li>\n<li>acabado antideslizante para mayor agarre durante el uso.<\/li>\n<li>F\u00e1cil uso y Limpieza.<\/li>\n<li>Capacidad de agua 160 ml.<\/li>\n<li>Circunferencia de la boquilla 2.5 cm.<\/li>\n<li>Largo insertable 5.5 cm.<\/li>\n<li>Largo total 16.5 cm.<\/li>\n<li>Ancho 7 cm<\/li>\n<\/ul>\n","protected":false},"excerpt":{"rendered":"<p>Esta eficaz ducha anal es muy f\u00e1cil de usar con una bombilla suave y apretable, por lo que es absolutamente esencial para los fan\u00e1ticos de los juguetes anales y el sexo anal. Ducha antes de la diversi\u00f3n anal o el sexo para una experiencia limpia, fresca y placentera. Aplicar lubricante anal a base de agua [&hellip;]<\/p>\n","protected":false},"featured_media":1618,"comment_status":"open","ping_status":"closed","template":"","meta":[],"product_brand":[],"product_cat":[35],"product_tag":[],"class_list":{"0":"post-1616","1":"product","2":"type-product","3":"status-publish","4":"has-post-thumbnail","6":"product_cat-anales","8":"first","9":"instock","10":"shipping-taxable","11":"purchasable","12":"product-type-simple"},"_links":{"self":[{"href":"https:\/\/tiendasamor.com\/index.php\/wp-json\/wp\/v2\/product\/1616","targetHints":{"allow":["GET"]}}],"collection":[{"href":"https:\/\/tiendasamor.com\/index.php\/wp-json\/wp\/v2\/product"}],"about":[{"href":"https:\/\/tiendasamor.com\/index.php\/wp-json\/wp\/v2\/types\/product"}],"replies":[{"embeddable":true,"href":"https:\/\/tiendasamor.com\/index.php\/wp-json\/wp\/v2\/comments?post=1616"}],"wp:featuredmedia":[{"embeddable":true,"href":"https:\/\/tiendasamor.com\/index.php\/wp-json\/wp\/v2\/media\/1618"}],"wp:attachment":[{"href":"https:\/\/tiendasamor.com\/index.php\/wp-json\/wp\/v2\/media?parent=1616"}],"wp:term":[{"taxonomy":"product_brand","embeddable":true,"href":"https:\/\/tiendasamor.com\/index.php\/wp-json\/wp\/v2\/product_brand?post=1616"},{"taxonomy":"product_cat","embeddable":true,"href":"https:\/\/tiendasamor.com\/index.php\/wp-json\/wp\/v2\/product_cat?post=1616"},{"taxonomy":"product_tag","embeddable":true,"href":"https:\/\/tiendasamor.com\/index.php\/wp-json\/wp\/v2\/product_tag?post=1616"}],"curies":[{"name":"wp","href":"https:\/\/api.w.org\/{rel}","templated":true}]}}