{"id":1612,"date":"2023-12-09T16:21:50","date_gmt":"2023-12-09T21:21:50","guid":{"rendered":"https:\/\/tiendasamor.com\/?post_type=product&#038;p=1612"},"modified":"2023-12-09T16:21:50","modified_gmt":"2023-12-09T21:21:50","slug":"blue-gem-anal-plug","status":"publish","type":"product","link":"https:\/\/tiendasamor.com\/index.php\/producto\/blue-gem-anal-plug\/","title":{"rendered":"Blue Gem Anal Plug"},"content":{"rendered":"<p>El plug anal en acero es un producto dise\u00f1ado especialmente para una penetraci\u00f3n confortable y segura, tambi\u00e9n adecuado para los principiantes dadas sus caracter\u00edsticas: punta redondeada, liso, seguridad del material y forma sinuosa, que permite la penetraci\u00f3n gradual y sin estr\u00e9s.<\/p>\n<p>La c\u00f3moda base con un colorido cristal, tambi\u00e9n permite que se maneje con total seguridad. El cuerpo de acero permite al Plug absorber la temperatura corporal r\u00e1pidamente para que la penetraci\u00f3n sea m\u00e1s agradable. Ideal para masturbaci\u00f3n y dilataci\u00f3n anal a solas o en pareja. Despu\u00e9s de cada uso, es necesario limpiar el juguete con gel antibacteriano<\/p>\n<ul>\n<li>Material: ABS+Zinc-alloy<\/li>\n<li>Juego anal y entrenamiento<\/li>\n<li>Punta c\u00f3nica de f\u00e1cil entrada, base de gema circular<\/li>\n<li>Largo total: 7.1 cm\u00a0 \u2013\u00a0 Ancho: 2.8 cm<\/li>\n<\/ul>\n","protected":false},"excerpt":{"rendered":"<p>El plug anal en acero es un producto dise\u00f1ado especialmente para una penetraci\u00f3n confortable y segura, tambi\u00e9n adecuado para los principiantes dadas sus caracter\u00edsticas: punta redondeada, liso, seguridad del material y forma sinuosa, que permite la penetraci\u00f3n gradual y sin estr\u00e9s. La c\u00f3moda base con un colorido cristal, tambi\u00e9n permite que se maneje con total [&hellip;]<\/p>\n","protected":false},"featured_media":1613,"comment_status":"open","ping_status":"closed","template":"","meta":[],"product_brand":[],"product_cat":[35],"product_tag":[],"class_list":{"0":"post-1612","1":"product","2":"type-product","3":"status-publish","4":"has-post-thumbnail","6":"product_cat-anales","8":"first","9":"instock","10":"shipping-taxable","11":"purchasable","12":"product-type-simple"},"_links":{"self":[{"href":"https:\/\/tiendasamor.com\/index.php\/wp-json\/wp\/v2\/product\/1612","targetHints":{"allow":["GET"]}}],"collection":[{"href":"https:\/\/tiendasamor.com\/index.php\/wp-json\/wp\/v2\/product"}],"about":[{"href":"https:\/\/tiendasamor.com\/index.php\/wp-json\/wp\/v2\/types\/product"}],"replies":[{"embeddable":true,"href":"https:\/\/tiendasamor.com\/index.php\/wp-json\/wp\/v2\/comments?post=1612"}],"wp:featuredmedia":[{"embeddable":true,"href":"https:\/\/tiendasamor.com\/index.php\/wp-json\/wp\/v2\/media\/1613"}],"wp:attachment":[{"href":"https:\/\/tiendasamor.com\/index.php\/wp-json\/wp\/v2\/media?parent=1612"}],"wp:term":[{"taxonomy":"product_brand","embeddable":true,"href":"https:\/\/tiendasamor.com\/index.php\/wp-json\/wp\/v2\/product_brand?post=1612"},{"taxonomy":"product_cat","embeddable":true,"href":"https:\/\/tiendasamor.com\/index.php\/wp-json\/wp\/v2\/product_cat?post=1612"},{"taxonomy":"product_tag","embeddable":true,"href":"https:\/\/tiendasamor.com\/index.php\/wp-json\/wp\/v2\/product_tag?post=1612"}],"curies":[{"name":"wp","href":"https:\/\/api.w.org\/{rel}","templated":true}]}}