{"id":1579,"date":"2023-12-09T15:34:25","date_gmt":"2023-12-09T20:34:25","guid":{"rendered":"https:\/\/tiendasamor.com\/?post_type=product&#038;p=1579"},"modified":"2024-05-03T19:28:53","modified_gmt":"2024-05-04T00:28:53","slug":"silicone-fantasy-anal-plug","status":"publish","type":"product","link":"https:\/\/tiendasamor.com\/index.php\/producto\/silicone-fantasy-anal-plug\/","title":{"rendered":"Silicone Fantasy Anal Plug"},"content":{"rendered":"<p>Hecho de silicona s\u00faper suave, firme y flexible, este vibrador anal elegante y pr\u00e1ctico contiene 10 velocidades y patrones de vibraci\u00f3n intensa que viajan a trav\u00e9s de su forma contorneada, estimulando sus puntos sensibles con facilidad experta y hormigueo agregado.<\/p>\n<p>Maravillosamente vers\u00e1til, la vibraci\u00f3n de bala potente se puede eliminar para la opci\u00f3n de juego anal sin zumbidos. Alternativamente, use el vibrador para la estimulaci\u00f3n precisa de otras zonas er\u00f3genas durante el juego en solitario o como parte del juego previo.<\/p>\n<p>Si nunca has probado el juego anal, este masajeador anal vibratorio de 10 velocidades es justo lo que necesitas para explorar el incre\u00edble mundo de la estimulaci\u00f3n anal.<br \/>\nAplique abundante lubricante sexual anal a base de agua en la parte inferior y la longitud de este vibrador antes de cada uso.<\/p>\n<ul>\n<li>Material seguro silicona<\/li>\n<li>10 funciones de vibraci\u00f3n<\/li>\n<li>Tope seguro<\/li>\n<li>Largo total 14 cm \u2013 Insertable 10 cm \u2013 Ancho m\u00e1ximo: 3.5 cm<\/li>\n<\/ul>\n<p>&nbsp;<\/p>\n","protected":false},"excerpt":{"rendered":"<p>Hecho de silicona s\u00faper suave, firme y flexible, este vibrador anal elegante y pr\u00e1ctico contiene 10 velocidades y patrones de vibraci\u00f3n intensa que viajan a trav\u00e9s de su forma contorneada, estimulando sus puntos sensibles con facilidad experta y hormigueo agregado. Maravillosamente vers\u00e1til, la vibraci\u00f3n de bala potente se puede eliminar para la opci\u00f3n de juego [&hellip;]<\/p>\n","protected":false},"featured_media":1587,"comment_status":"open","ping_status":"closed","template":"","meta":[],"product_brand":[],"product_cat":[35],"product_tag":[],"class_list":{"0":"post-1579","1":"product","2":"type-product","3":"status-publish","4":"has-post-thumbnail","6":"product_cat-anales","8":"first","9":"instock","10":"shipping-taxable","11":"purchasable","12":"product-type-simple"},"_links":{"self":[{"href":"https:\/\/tiendasamor.com\/index.php\/wp-json\/wp\/v2\/product\/1579","targetHints":{"allow":["GET"]}}],"collection":[{"href":"https:\/\/tiendasamor.com\/index.php\/wp-json\/wp\/v2\/product"}],"about":[{"href":"https:\/\/tiendasamor.com\/index.php\/wp-json\/wp\/v2\/types\/product"}],"replies":[{"embeddable":true,"href":"https:\/\/tiendasamor.com\/index.php\/wp-json\/wp\/v2\/comments?post=1579"}],"wp:featuredmedia":[{"embeddable":true,"href":"https:\/\/tiendasamor.com\/index.php\/wp-json\/wp\/v2\/media\/1587"}],"wp:attachment":[{"href":"https:\/\/tiendasamor.com\/index.php\/wp-json\/wp\/v2\/media?parent=1579"}],"wp:term":[{"taxonomy":"product_brand","embeddable":true,"href":"https:\/\/tiendasamor.com\/index.php\/wp-json\/wp\/v2\/product_brand?post=1579"},{"taxonomy":"product_cat","embeddable":true,"href":"https:\/\/tiendasamor.com\/index.php\/wp-json\/wp\/v2\/product_cat?post=1579"},{"taxonomy":"product_tag","embeddable":true,"href":"https:\/\/tiendasamor.com\/index.php\/wp-json\/wp\/v2\/product_tag?post=1579"}],"curies":[{"name":"wp","href":"https:\/\/api.w.org\/{rel}","templated":true}]}}