{"id":1568,"date":"2023-12-09T15:13:50","date_gmt":"2023-12-09T20:13:50","guid":{"rendered":"https:\/\/tiendasamor.com\/?post_type=product&#038;p=1568"},"modified":"2024-05-03T19:25:51","modified_gmt":"2024-05-04T00:25:51","slug":"plug-anal-mediano-rubicon","status":"publish","type":"product","link":"https:\/\/tiendasamor.com\/index.php\/producto\/plug-anal-mediano-rubicon\/","title":{"rendered":"Plug Anal Mediano Rubicon"},"content":{"rendered":"<p>El sexo anal est\u00e1 de celebraci\u00f3n con este nuevo plug. Cuenta con una forma alargada para una \u00f3ptima inserci\u00f3n y con unos materiales suaves y agradables.<\/p>\n<p>Caracter\u00edsticas:<\/p>\n<ul>\n<li>PVC<\/li>\n<li>Libre de Ftalatos<\/li>\n<li>Medidas: 13.5 cm x 4.5 cm<\/li>\n<\/ul>\n","protected":false},"excerpt":{"rendered":"<p>El sexo anal est\u00e1 de celebraci\u00f3n con este nuevo plug. Cuenta con una forma alargada para una \u00f3ptima inserci\u00f3n y con unos materiales suaves y agradables. Caracter\u00edsticas: PVC Libre de Ftalatos Medidas: 13.5 cm x 4.5 cm<\/p>\n","protected":false},"featured_media":1573,"comment_status":"open","ping_status":"closed","template":"","meta":[],"product_brand":[],"product_cat":[35],"product_tag":[],"class_list":{"0":"post-1568","1":"product","2":"type-product","3":"status-publish","4":"has-post-thumbnail","6":"product_cat-anales","8":"first","9":"instock","10":"shipping-taxable","11":"purchasable","12":"product-type-simple"},"_links":{"self":[{"href":"https:\/\/tiendasamor.com\/index.php\/wp-json\/wp\/v2\/product\/1568","targetHints":{"allow":["GET"]}}],"collection":[{"href":"https:\/\/tiendasamor.com\/index.php\/wp-json\/wp\/v2\/product"}],"about":[{"href":"https:\/\/tiendasamor.com\/index.php\/wp-json\/wp\/v2\/types\/product"}],"replies":[{"embeddable":true,"href":"https:\/\/tiendasamor.com\/index.php\/wp-json\/wp\/v2\/comments?post=1568"}],"wp:featuredmedia":[{"embeddable":true,"href":"https:\/\/tiendasamor.com\/index.php\/wp-json\/wp\/v2\/media\/1573"}],"wp:attachment":[{"href":"https:\/\/tiendasamor.com\/index.php\/wp-json\/wp\/v2\/media?parent=1568"}],"wp:term":[{"taxonomy":"product_brand","embeddable":true,"href":"https:\/\/tiendasamor.com\/index.php\/wp-json\/wp\/v2\/product_brand?post=1568"},{"taxonomy":"product_cat","embeddable":true,"href":"https:\/\/tiendasamor.com\/index.php\/wp-json\/wp\/v2\/product_cat?post=1568"},{"taxonomy":"product_tag","embeddable":true,"href":"https:\/\/tiendasamor.com\/index.php\/wp-json\/wp\/v2\/product_tag?post=1568"}],"curies":[{"name":"wp","href":"https:\/\/api.w.org\/{rel}","templated":true}]}}