{"id":1563,"date":"2023-12-09T15:02:56","date_gmt":"2023-12-09T20:02:56","guid":{"rendered":"https:\/\/tiendasamor.com\/?post_type=product&#038;p=1563"},"modified":"2023-12-09T15:05:09","modified_gmt":"2023-12-09T20:05:09","slug":"first-time-love-beads","status":"publish","type":"product","link":"https:\/\/tiendasamor.com\/index.php\/producto\/first-time-love-beads\/","title":{"rendered":"First Time Love Beads"},"content":{"rendered":"<p>Estas cuentas de placer son una adici\u00f3n emocionante a cualquier colecci\u00f3n de juguetes \u00edntimos.<\/p>\n<p>Las cuentas anales redondas est\u00e1n ensartadas y dispuestas en orden de tama\u00f1o a lo largo de una columna delgada.<\/p>\n<p>Las cuentas tambi\u00e9n tienen un anillo de recuperaci\u00f3n EZ para una inserci\u00f3n c\u00f3moda, manipulaci\u00f3n controlada y extracci\u00f3n sencilla.<\/p>\n<p>Las cuentas suaves y flexibles est\u00e1n dise\u00f1adas para la inserci\u00f3n interna y sensaciones sensuales placenteras ilimitadas.<\/p>\n<p>Inserte una cuenta a la vez y experimente un nuevo nivel de satisfacci\u00f3n y \u00e9xtasis elevado.\u00a0El anillo de recuperaci\u00f3n te permite mantener el control total del placer.<\/p>\n<p>Para obtener el m\u00e1ximo placer y una mayor excitaci\u00f3n, utilice siempre un lubricante de calidad con las perlas de placer.<\/p>\n<p>La lubricaci\u00f3n garantiza una f\u00e1cil inserci\u00f3n de las perlas anales.\u00a0Deslice las cuentas hacia adentro y s\u00e1quelas para disfrutar de una experiencia org\u00e1smica intensa, memorable y placentera.<\/p>\n<p>Despu\u00e9s de su uso, recuerde limpiar las cuentas con un limpiador en aerosol para juguetes o lavarlas con agua tibia y jab\u00f3n.<\/p>\n<p>Las cuentas flexibles tienen el tama\u00f1o perfecto para experimentadores anales principiantes y son una excelente adici\u00f3n a las vibraciones y estimuladores.<\/p>\n","protected":false},"excerpt":{"rendered":"<p>Estas cuentas de placer son una adici\u00f3n emocionante a cualquier colecci\u00f3n de juguetes \u00edntimos. Las cuentas anales redondas est\u00e1n ensartadas y dispuestas en orden de tama\u00f1o a lo largo de una columna delgada. Las cuentas tambi\u00e9n tienen un anillo de recuperaci\u00f3n EZ para una inserci\u00f3n c\u00f3moda, manipulaci\u00f3n controlada y extracci\u00f3n sencilla. Las cuentas suaves y [&hellip;]<\/p>\n","protected":false},"featured_media":1564,"comment_status":"open","ping_status":"closed","template":"","meta":[],"product_brand":[],"product_cat":[35,40],"product_tag":[],"class_list":{"0":"post-1563","1":"product","2":"type-product","3":"status-publish","4":"has-post-thumbnail","6":"product_cat-anales","7":"product_cat-bolas-chinas","9":"first","10":"instock","11":"shipping-taxable","12":"purchasable","13":"product-type-simple"},"_links":{"self":[{"href":"https:\/\/tiendasamor.com\/index.php\/wp-json\/wp\/v2\/product\/1563","targetHints":{"allow":["GET"]}}],"collection":[{"href":"https:\/\/tiendasamor.com\/index.php\/wp-json\/wp\/v2\/product"}],"about":[{"href":"https:\/\/tiendasamor.com\/index.php\/wp-json\/wp\/v2\/types\/product"}],"replies":[{"embeddable":true,"href":"https:\/\/tiendasamor.com\/index.php\/wp-json\/wp\/v2\/comments?post=1563"}],"wp:featuredmedia":[{"embeddable":true,"href":"https:\/\/tiendasamor.com\/index.php\/wp-json\/wp\/v2\/media\/1564"}],"wp:attachment":[{"href":"https:\/\/tiendasamor.com\/index.php\/wp-json\/wp\/v2\/media?parent=1563"}],"wp:term":[{"taxonomy":"product_brand","embeddable":true,"href":"https:\/\/tiendasamor.com\/index.php\/wp-json\/wp\/v2\/product_brand?post=1563"},{"taxonomy":"product_cat","embeddable":true,"href":"https:\/\/tiendasamor.com\/index.php\/wp-json\/wp\/v2\/product_cat?post=1563"},{"taxonomy":"product_tag","embeddable":true,"href":"https:\/\/tiendasamor.com\/index.php\/wp-json\/wp\/v2\/product_tag?post=1563"}],"curies":[{"name":"wp","href":"https:\/\/api.w.org\/{rel}","templated":true}]}}