{"id":1559,"date":"2023-12-09T14:48:50","date_gmt":"2023-12-09T19:48:50","guid":{"rendered":"https:\/\/tiendasamor.com\/?post_type=product&#038;p=1559"},"modified":"2023-12-09T16:01:20","modified_gmt":"2023-12-09T21:01:20","slug":"beaded-luv-probe-black-mont","status":"publish","type":"product","link":"https:\/\/tiendasamor.com\/index.php\/producto\/beaded-luv-probe-black-mont\/","title":{"rendered":"Beaded Luv Probe Black Mont"},"content":{"rendered":"<p>Disfrute de las emocionantes sensaciones de presi\u00f3n y placer anal insertando una cuenta a la vez, insertando tantas como se sienta c\u00f3modo antes de tirar suavemente del mango para liberar cada cuenta y obtener a\u00fan m\u00e1s estimulaci\u00f3n.<\/p>\n<p>\u00a1Intenta tirar de tus Elite Lover\u2019s Beads en mitad del orgasmo para obtener el cl\u00edmax m\u00e1s explosivo que jam\u00e1s hayas imaginado!\u00a0Estos Lover\u2019s Beads tienen una punta c\u00f3nica para facilitar la entrada antes de expandirse gradualmente\u201d.<\/p>\n<p>El eje flexible se dobla con los contornos de su cuerpo para llegar al lugar correcto, mientras que el mango resistente en forma de coraz\u00f3n ofrece un manejo f\u00e1cil y seguro.<\/p>\n<ul>\n<li>Material: silicona<\/li>\n<li>Tama\u00f1o del producto: 15 cm, \u03a63 cm<\/li>\n<li>Peso del producto: 0,067 kg<\/li>\n<\/ul>\n<p>&nbsp;<\/p>\n","protected":false},"excerpt":{"rendered":"<p>Disfrute de las emocionantes sensaciones de presi\u00f3n y placer anal insertando una cuenta a la vez, insertando tantas como se sienta c\u00f3modo antes de tirar suavemente del mango para liberar cada cuenta y obtener a\u00fan m\u00e1s estimulaci\u00f3n. \u00a1Intenta tirar de tus Elite Lover\u2019s Beads en mitad del orgasmo para obtener el cl\u00edmax m\u00e1s explosivo que [&hellip;]<\/p>\n","protected":false},"featured_media":1605,"comment_status":"open","ping_status":"closed","template":"","meta":[],"product_brand":[],"product_cat":[35],"product_tag":[],"class_list":{"0":"post-1559","1":"product","2":"type-product","3":"status-publish","4":"has-post-thumbnail","6":"product_cat-anales","8":"first","9":"instock","10":"shipping-taxable","11":"purchasable","12":"product-type-simple"},"_links":{"self":[{"href":"https:\/\/tiendasamor.com\/index.php\/wp-json\/wp\/v2\/product\/1559","targetHints":{"allow":["GET"]}}],"collection":[{"href":"https:\/\/tiendasamor.com\/index.php\/wp-json\/wp\/v2\/product"}],"about":[{"href":"https:\/\/tiendasamor.com\/index.php\/wp-json\/wp\/v2\/types\/product"}],"replies":[{"embeddable":true,"href":"https:\/\/tiendasamor.com\/index.php\/wp-json\/wp\/v2\/comments?post=1559"}],"wp:featuredmedia":[{"embeddable":true,"href":"https:\/\/tiendasamor.com\/index.php\/wp-json\/wp\/v2\/media\/1605"}],"wp:attachment":[{"href":"https:\/\/tiendasamor.com\/index.php\/wp-json\/wp\/v2\/media?parent=1559"}],"wp:term":[{"taxonomy":"product_brand","embeddable":true,"href":"https:\/\/tiendasamor.com\/index.php\/wp-json\/wp\/v2\/product_brand?post=1559"},{"taxonomy":"product_cat","embeddable":true,"href":"https:\/\/tiendasamor.com\/index.php\/wp-json\/wp\/v2\/product_cat?post=1559"},{"taxonomy":"product_tag","embeddable":true,"href":"https:\/\/tiendasamor.com\/index.php\/wp-json\/wp\/v2\/product_tag?post=1559"}],"curies":[{"name":"wp","href":"https:\/\/api.w.org\/{rel}","templated":true}]}}