{"id":1550,"date":"2023-12-09T14:35:33","date_gmt":"2023-12-09T19:35:33","guid":{"rendered":"https:\/\/tiendasamor.com\/?post_type=product&#038;p=1550"},"modified":"2023-12-09T14:40:03","modified_gmt":"2023-12-09T19:40:03","slug":"tantalizing-foxy-anal-plug","status":"publish","type":"product","link":"https:\/\/tiendasamor.com\/index.php\/producto\/tantalizing-foxy-anal-plug\/","title":{"rendered":"Tantalizing Foxy Anal Plug"},"content":{"rendered":"<p>El Tantalizing Foxy Anal Plug es una cola de zorro totalmente sexy ideal para el juego de roles animal, est\u00e1 compuesto por un plug de aluminio y la cola de lana artificial.colitas de zorros, cuando lo tengas en tus manos ser\u00e1 otra experiencia.<\/p>\n<p>Su plug es metalizado y muy f\u00e1cil de insertar ya que resbala y sede al momento cuando est\u00e9s lubricando o con la ayuda de un lubricante<\/p>\n<ul>\n<li>Material: Aluminio y cola de lana artificial<\/li>\n<li>Largo Total: 47cm<\/li>\n<li>Largo plug: 7 cm \u2013 Insertable: 6.8 cm \u2013 Ancho: 2.8 cm<\/li>\n<\/ul>\n","protected":false},"excerpt":{"rendered":"<p>El Tantalizing Foxy Anal Plug es una cola de zorro totalmente sexy ideal para el juego de roles animal, est\u00e1 compuesto por un plug de aluminio y la cola de lana artificial.colitas de zorros, cuando lo tengas en tus manos ser\u00e1 otra experiencia. Su plug es metalizado y muy f\u00e1cil de insertar ya que resbala [&hellip;]<\/p>\n","protected":false},"featured_media":1557,"comment_status":"open","ping_status":"closed","template":"","meta":[],"product_brand":[],"product_cat":[35],"product_tag":[],"class_list":{"0":"post-1550","1":"product","2":"type-product","3":"status-publish","4":"has-post-thumbnail","6":"product_cat-anales","8":"first","9":"instock","10":"shipping-taxable","11":"purchasable","12":"product-type-simple"},"_links":{"self":[{"href":"https:\/\/tiendasamor.com\/index.php\/wp-json\/wp\/v2\/product\/1550","targetHints":{"allow":["GET"]}}],"collection":[{"href":"https:\/\/tiendasamor.com\/index.php\/wp-json\/wp\/v2\/product"}],"about":[{"href":"https:\/\/tiendasamor.com\/index.php\/wp-json\/wp\/v2\/types\/product"}],"replies":[{"embeddable":true,"href":"https:\/\/tiendasamor.com\/index.php\/wp-json\/wp\/v2\/comments?post=1550"}],"wp:featuredmedia":[{"embeddable":true,"href":"https:\/\/tiendasamor.com\/index.php\/wp-json\/wp\/v2\/media\/1557"}],"wp:attachment":[{"href":"https:\/\/tiendasamor.com\/index.php\/wp-json\/wp\/v2\/media?parent=1550"}],"wp:term":[{"taxonomy":"product_brand","embeddable":true,"href":"https:\/\/tiendasamor.com\/index.php\/wp-json\/wp\/v2\/product_brand?post=1550"},{"taxonomy":"product_cat","embeddable":true,"href":"https:\/\/tiendasamor.com\/index.php\/wp-json\/wp\/v2\/product_cat?post=1550"},{"taxonomy":"product_tag","embeddable":true,"href":"https:\/\/tiendasamor.com\/index.php\/wp-json\/wp\/v2\/product_tag?post=1550"}],"curies":[{"name":"wp","href":"https:\/\/api.w.org\/{rel}","templated":true}]}}